{"id":99688,"date":"2021-12-15T22:15:34","date_gmt":"2021-12-15T21:15:34","guid":{"rendered":"https:\/\/nugosu.gg\/?post_type=product&#038;p=99688"},"modified":"2021-12-15T22:43:49","modified_gmt":"2021-12-15T21:43:49","slug":"gift-cards","status":"publish","type":"product","link":"https:\/\/nugosu.gg\/sk\/produkt\/gift-cards\/","title":{"rendered":"Gift Cards"},"content":{"rendered":"<p>Dar\u010dekov\u00fd poukaz na n\u00e1kup v ur\u010ditej hodnote u n\u00e1s v NUGOSU je ide\u00e1lnym dar\u010dekom pre &#8222;GAMING-STUDY-DRIVE&#8220; nad\u0161encov, ktor\u00ed radi nakupuj\u00fa v na\u0161om obchode. Ak neviete, \u010d\u00edm obdarova\u0165 svojho bl\u00edzkeho GAMERA, dar\u010dekov\u00fd poukaz ho ur\u010dite pote\u0161\u00ed. S\u00e1m si nakoniec &#8222;nakonfiguruje&#8220; to, \u010do pr\u00e1ve potrebuje.<\/p>\n","protected":false},"excerpt":{"rendered":"<h3>Z\u00e1kladn\u00e9 pou\u017eitie:<\/h3>\n<p style=\"padding-left: 40px;\"><strong>\u2022<\/strong>\u00a0 Najprv si zak\u00fapite dar\u010dekov\u00fd poukaz:<br \/>\n<strong>\u00a0 \u00a0 \u2192 Digit\u00e1lna<em>\u00a0(PDF)<\/em><\/strong> &#8211; dizajnov\u00e1 karti\u010dka s jedine\u010dn\u00fdm k\u00f3dom v\u00e1m bude zaslan\u00e1 na vami (v ko\u0161\u00edku) zadan\u00fa emailov\u00fa adresu.<br \/>\n<strong>\u00a0 \u00a0 \u2192 Digit\u00e1lna a Tla\u010den\u00e1 verzia<\/strong> &#8211; dizajnov\u00e1 karti\u010dka (Tla\u010den\u00e1 verzia) s jedine\u010dn\u00fdm k\u00f3dom v\u00e1m bude zaslan\u00e1 na vami zadan\u00fa dodaciu adresu + Digit\u00e1lna (PDF) na emailov\u00fa adresu.<br \/>\n<strong>\u2022<\/strong>\u00a0 Kup\u00f3n podarujete svojmu bl\u00edzkemu.<br \/>\n<strong>\u2022<\/strong>\u00a0 K\u00f3d z kup\u00f3nu pou\u017eije obdarovan\u00e1 osoba v pokladni pri \u013eubovo\u013enom n\u00e1kupe.<br \/>\n<strong>\u2022<\/strong>\u00a0 V ko\u0161\u00edku sa automaticky odr\u00e1ta suma z objedn\u00e1vky.<br \/>\n<strong>\u2022<\/strong>\u00a0 N\u00e1sledne je kup\u00f3n u\u017e nepou\u017eite\u013en\u00fd &#8222;GAME OVER&#8220;.<\/p>\n<h3>Pravidl\u00e1 uplatnenia kup\u00f3nu:<\/h3>\n<p style=\"padding-left: 40px;\"><strong>\u2022<\/strong> V jednej objedn\u00e1vke je mo\u017en\u00e9 pou\u017ei\u0165 len jeden kup\u00f3n.<br \/>\n<strong>\u2022<\/strong> Z kup\u00f3nu nevyd\u00e1vame.<br \/>\n<strong>\u2022<\/strong> Kup\u00f3n plat\u00ed na \u00faplne cel\u00fd sortiment eshopu NUGOSU.gg.<\/p>\n","protected":false},"featured_media":99620,"comment_status":"open","ping_status":"closed","template":"","meta":[],"product_brand":[],"product_cat":[440],"product_tag":[441],"class_list":{"0":"post-99688","1":"product","2":"type-product","3":"status-publish","4":"has-post-thumbnail","6":"product_cat-gifts-sk","7":"product_tag-gift_cards-sk","9":"first","10":"instock","11":"taxable","12":"shipping-taxable","13":"purchasable","14":"product-type-variable"},"composite_virtual":false,"composite_layout":"","composite_add_to_cart_form_location":"","composite_editable_in_cart":false,"composite_sold_individually_context":"","composite_shop_price_calc":"","composite_components":[],"composite_scenarios":[],"_links":{"self":[{"href":"https:\/\/nugosu.gg\/sk\/wp-json\/wp\/v2\/product\/99688","targetHints":{"allow":["GET"]}}],"collection":[{"href":"https:\/\/nugosu.gg\/sk\/wp-json\/wp\/v2\/product"}],"about":[{"href":"https:\/\/nugosu.gg\/sk\/wp-json\/wp\/v2\/types\/product"}],"replies":[{"embeddable":true,"href":"https:\/\/nugosu.gg\/sk\/wp-json\/wp\/v2\/comments?post=99688"}],"wp:featuredmedia":[{"embeddable":true,"href":"https:\/\/nugosu.gg\/sk\/wp-json\/wp\/v2\/media\/99620"}],"wp:attachment":[{"href":"https:\/\/nugosu.gg\/sk\/wp-json\/wp\/v2\/media?parent=99688"}],"wp:term":[{"taxonomy":"product_brand","embeddable":true,"href":"https:\/\/nugosu.gg\/sk\/wp-json\/wp\/v2\/product_brand?post=99688"},{"taxonomy":"product_cat","embeddable":true,"href":"https:\/\/nugosu.gg\/sk\/wp-json\/wp\/v2\/product_cat?post=99688"},{"taxonomy":"product_tag","embeddable":true,"href":"https:\/\/nugosu.gg\/sk\/wp-json\/wp\/v2\/product_tag?post=99688"}],"curies":[{"name":"wp","href":"https:\/\/api.w.org\/{rel}","templated":true}]}}