{"id":91080,"date":"2021-01-20T16:55:00","date_gmt":"2021-01-20T15:55:00","guid":{"rendered":"https:\/\/nugosu.gg\/?product=setup"},"modified":"2026-04-15T12:47:32","modified_gmt":"2026-04-15T10:47:32","slug":"setup","status":"publish","type":"product","link":"https:\/\/nugosu.gg\/sk\/produkt\/setup\/","title":{"rendered":"SETUP"},"content":{"rendered":"<p>SETUP je kapsulovan\u00fd nootropick\u00fd komplex od zna\u010dky NUGOSU, vyvinut\u00fd \u0161peci\u00e1lne pre hr\u00e1\u010dov, ktor\u00ed chc\u00fa zo seba dosta\u0165 maximum.<br \/>\nV\u010faka unik\u00e1tnej kombin\u00e1cii \u00fa\u010dinn\u00fdch l\u00e1tok zlep\u0161\u00ed\u0161 svoje kognit\u00edvne schopnosti a posunie\u0161 svoj fyzick\u00fd a ment\u00e1lny v\u00fdkon na vy\u0161\u0161iu \u00farove\u0148. Hackni svoju myse\u013e, z\u00edskaj v\u00e4\u010d\u0161iu kontrolu nad svojimi rozhodnutiami a em\u00f3ciami a prevezmi kontrolu aj nad svojou hrou.<br \/>\nAkt\u00edvne zlo\u017eky z\u00e1rove\u0148 podporuj\u00fa zdravie o\u010d\u00ed, stimuluj\u00fa mozgov\u00fa \u010dinnos\u0165, posil\u0148uj\u00fa pam\u00e4\u0165 a eliminuj\u00fa \u00fazkos\u0165 a podr\u00e1\u017edenie. Doplnok nie je ur\u010den\u00fd len pre gamerov, ale dod\u00e1 ment\u00e1lnu a fyzick\u00fa energiu aj pri pr\u00e1ci, u\u010den\u00ed a fyzickej aktivite.<\/p>\n<p>PRIPOJ SA K\u00a0NUGOSU a z\u00edskaj:<\/p>\n<ul>\n<li>ENERGIA<\/li>\n<li>S\u00daSTREDENOS\u0164<\/li>\n<li>REAK\u010cN\u00dd \u010cAS<\/li>\n<li>HYDRAT\u00c1CIA<\/li>\n<li>V\u00ddKONNOS\u0164<\/li>\n<li>PRESNOS\u0164<\/li>\n<li>OCHRANA ZRAKU<\/li>\n<li>PAM\u00c4\u0164<\/li>\n<li>ZVL\u00c1DANIE STRESU<\/li>\n<li>EMO\u010cN\u00c1 STABILITA<\/li>\n<\/ul>\n","protected":false},"excerpt":{"rendered":"<p>SETUP je kapsulovan\u00fd nootropick\u00fd komplex od zna\u010dky NUGOSU, vyvinut\u00fd \u0161peci\u00e1lne pre hr\u00e1\u010dov, ktor\u00ed chc\u00fa zo seba dosta\u0165 maximum. V\u010faka unik\u00e1tnej [&hellip;]<\/p>\n","protected":false},"featured_media":163604,"comment_status":"open","ping_status":"closed","template":"","meta":[],"product_brand":[],"product_cat":[150],"product_tag":[910,1785,224,171,207,206,1284],"class_list":{"0":"post-91080","1":"product","2":"type-product","3":"status-publish","4":"has-post-thumbnail","6":"product_cat-supplements-sk","7":"product_tag-11_sale-sk","8":"product_tag-back_to_school-sk","9":"product_tag-carousel-sk","10":"product_tag-gaming_energy-sk","11":"product_tag-gaming_energy_cz-sk","12":"product_tag-gaming_energy_sk-sk","13":"product_tag-sale_energy-sk","15":"first","16":"outofstock","17":"taxable","18":"shipping-taxable","19":"purchasable","20":"product-type-simple"},"composite_virtual":false,"composite_layout":"","composite_add_to_cart_form_location":"","composite_editable_in_cart":false,"composite_sold_individually_context":"","composite_shop_price_calc":"","composite_components":[],"composite_scenarios":[],"_links":{"self":[{"href":"https:\/\/nugosu.gg\/sk\/wp-json\/wp\/v2\/product\/91080","targetHints":{"allow":["GET"]}}],"collection":[{"href":"https:\/\/nugosu.gg\/sk\/wp-json\/wp\/v2\/product"}],"about":[{"href":"https:\/\/nugosu.gg\/sk\/wp-json\/wp\/v2\/types\/product"}],"replies":[{"embeddable":true,"href":"https:\/\/nugosu.gg\/sk\/wp-json\/wp\/v2\/comments?post=91080"}],"wp:featuredmedia":[{"embeddable":true,"href":"https:\/\/nugosu.gg\/sk\/wp-json\/wp\/v2\/media\/163604"}],"wp:attachment":[{"href":"https:\/\/nugosu.gg\/sk\/wp-json\/wp\/v2\/media?parent=91080"}],"wp:term":[{"taxonomy":"product_brand","embeddable":true,"href":"https:\/\/nugosu.gg\/sk\/wp-json\/wp\/v2\/product_brand?post=91080"},{"taxonomy":"product_cat","embeddable":true,"href":"https:\/\/nugosu.gg\/sk\/wp-json\/wp\/v2\/product_cat?post=91080"},{"taxonomy":"product_tag","embeddable":true,"href":"https:\/\/nugosu.gg\/sk\/wp-json\/wp\/v2\/product_tag?post=91080"}],"curies":[{"name":"wp","href":"https:\/\/api.w.org\/{rel}","templated":true}]}}