{"id":91000,"date":"2021-03-13T21:04:59","date_gmt":"2021-03-13T20:04:59","guid":{"rendered":"https:\/\/nugosu.gg\/?product=score-strawberry-kiwi-sample"},"modified":"2024-05-31T16:02:02","modified_gmt":"2024-05-31T14:02:02","slug":"score-strawberry-kiwi-sample","status":"publish","type":"product","link":"https:\/\/nugosu.gg\/sk\/produkt\/score-strawberry-kiwi-sample\/","title":{"rendered":"STRAWBERRY KIWI SAMPLE"},"content":{"rendered":"<p>Vysk\u00fa\u0161aj 1 d\u00e1vku od SCORE. V\u010faka tomuto mal\u00e9mu baleniu m\u00f4\u017ee\u0161 objavi\u0165 t\u00fa prav\u00fa pr\u00edchu\u0165 pre teba.<br \/>\nNUGOSU predstavuje SCORE, nootropick\u00fd komplex vyvinut\u00fd \u0161peci\u00e1lne pre hr\u00e1\u010dov, streamerov, tvorcov hier a \u0161portovcov v oblasti E-SPORTS a E-GAMES, ktor\u00ed sa chc\u00fa posun\u00fa\u0165 o\u00a0p\u00e1r levelov vy\u0161\u0161ie a\u00a0dosiahnu\u0165 a\u017e na samotn\u00fd vrchol.<br \/>\nA\u017e 21 prec\u00edzne namie\u0161an\u00fdch \u00fa\u010dinn\u00fdch l\u00e1tok vo forme aminokysel\u00edn, rastlinn\u00fdch v\u00fd\u0165a\u017ekov, vitam\u00ednov, miner\u00e1lov a 150 mg pr\u00edrodn\u00e9ho kofe\u00ednu \u0165a napumpuj\u00fa energiou a podporia tvoj ment\u00e1lny v\u00fdkon. Ka\u017ed\u00e1 jedna zlo\u017eka produktu m\u00e1 svoje jedine\u010dn\u00e9 \u00fa\u010dinky a spolo\u010dne stimuluj\u00fa mozgov\u00fa \u010dinnos\u0165, posil\u0148uj\u00fa schopnos\u0165 uva\u017eova\u0165, zlep\u0161uj\u00fa pam\u00e4\u0165, zni\u017euj\u00fa pocit \u00fanavy, pom\u00e1haj\u00fa intenz\u00edvne sa s\u00fastredi\u0165 a odol\u00e1va\u0165 stresu a eliminuj\u00fa \u00fazkos\u0165 a podr\u00e1\u017edenie.<br \/>\nV SCORE sme pou\u017eili v\u00fdlu\u010dne pr\u00edrodn\u00e9 zdroje kofe\u00ednu, vo forme v\u00fd\u0165a\u017eku z kolov\u00e9ho orecha a guarany. V\u00fdsledkom je vyv\u00e1\u017een\u00fd a dlhotrvaj\u00faci pr\u00edsun energie bez pocitu nervozity, slabosti a svrbenia.<\/p>\n<p>PRIPOJ SA K\u00a0NUGOSU a z\u00edskaj:<\/p>\n<ul>\n<li>ENERGIA<\/li>\n<li>S\u00daSTREDENOS\u0164<\/li>\n<li>REAK\u010cN\u00dd \u010cAS<\/li>\n<li>HYDRAT\u00c1CIA<\/li>\n<li>V\u00ddKONNOS\u0164<\/li>\n<li>PRESNOS\u0164<\/li>\n<li>PAM\u00c4\u0164<\/li>\n<li>ZVL\u00c1DANIE STRESU<\/li>\n<li>EMO\u010cN\u00c1 STABILITA<\/li>\n<\/ul>\n","protected":false},"excerpt":{"rendered":"<p>Vysk\u00fa\u0161aj 1 d\u00e1vku od SCORE. V\u010faka tomuto mal\u00e9mu baleniu m\u00f4\u017ee\u0161 objavi\u0165 t\u00fa prav\u00fa pr\u00edchu\u0165 pre teba. NUGOSU predstavuje SCORE, nootropick\u00fd [&hellip;]<\/p>\n","protected":false},"featured_media":90459,"comment_status":"open","ping_status":"closed","template":"","meta":[],"product_brand":[],"product_cat":[150],"product_tag":[167],"class_list":{"0":"post-91000","1":"product","2":"type-product","3":"status-publish","4":"has-post-thumbnail","6":"product_cat-supplements-sk","7":"product_tag-gaming_energy_sample-sk","9":"first","10":"instock","11":"taxable","12":"shipping-taxable","13":"purchasable","14":"product-type-simple"},"composite_virtual":false,"composite_layout":"","composite_add_to_cart_form_location":"","composite_editable_in_cart":false,"composite_sold_individually_context":"","composite_shop_price_calc":"","composite_components":[],"composite_scenarios":[],"_links":{"self":[{"href":"https:\/\/nugosu.gg\/sk\/wp-json\/wp\/v2\/product\/91000","targetHints":{"allow":["GET"]}}],"collection":[{"href":"https:\/\/nugosu.gg\/sk\/wp-json\/wp\/v2\/product"}],"about":[{"href":"https:\/\/nugosu.gg\/sk\/wp-json\/wp\/v2\/types\/product"}],"replies":[{"embeddable":true,"href":"https:\/\/nugosu.gg\/sk\/wp-json\/wp\/v2\/comments?post=91000"}],"wp:featuredmedia":[{"embeddable":true,"href":"https:\/\/nugosu.gg\/sk\/wp-json\/wp\/v2\/media\/90459"}],"wp:attachment":[{"href":"https:\/\/nugosu.gg\/sk\/wp-json\/wp\/v2\/media?parent=91000"}],"wp:term":[{"taxonomy":"product_brand","embeddable":true,"href":"https:\/\/nugosu.gg\/sk\/wp-json\/wp\/v2\/product_brand?post=91000"},{"taxonomy":"product_cat","embeddable":true,"href":"https:\/\/nugosu.gg\/sk\/wp-json\/wp\/v2\/product_cat?post=91000"},{"taxonomy":"product_tag","embeddable":true,"href":"https:\/\/nugosu.gg\/sk\/wp-json\/wp\/v2\/product_tag?post=91000"}],"curies":[{"name":"wp","href":"https:\/\/api.w.org\/{rel}","templated":true}]}}