{"id":157718,"date":"2024-11-19T10:02:31","date_gmt":"2024-11-19T09:02:31","guid":{"rendered":"https:\/\/nugosu.gg\/?post_type=product&#038;p=157718"},"modified":"2025-08-27T11:59:39","modified_gmt":"2025-08-27T09:59:39","slug":"nugosu-snapback-cap-purple","status":"publish","type":"product","link":"https:\/\/nugosu.gg\/sk\/produkt\/nugosu-snapback-cap-purple\/","title":{"rendered":"NUGOSU Snapback Cap PURPLE"},"content":{"rendered":"<p>K\u0161iltovka NUGOSU Snapback Purple je stylov\u00fd a praktick\u00fd dopln\u011bk do tv\u00e9ho \u0161atn\u00edku. Design tvo\u0159\u00ed kvalitn\u00ed \u0161vy a vy\u0161\u00edvan\u00fd &#8222;brand&#8220; NUGOSU vp\u0159edu. Odl\u00ed\u0161 se a uka\u017e sv\u00e9mu okol\u00ed, \u017ee si prav\u00fd GAMER!<\/p>\n","protected":false},"excerpt":{"rendered":"<h2>Jak se starat o NUGOSU K\u0161iltovku Snapback?<\/h2>\n<p style=\"text-align: left;\"><strong><a href=\"https:\/\/nugosu.gg\/wp-content\/uploads\/2021\/09\/\u2014Pngtree\u2014sponge-icon-design-template-vector_4092027-1.svg\"><img decoding=\"async\" class=\"alignnone wp-image-96165\" src=\"https:\/\/nugosu.gg\/wp-content\/uploads\/2021\/09\/\u2014Pngtree\u2014sponge-icon-design-template-vector_4092027-1.svg\" alt=\"\" width=\"48\" height=\"48\" \/><\/a>\u010cISTIT NAVLH\u010cENOU HOUBI\u010cKOU\u00a0!<\/strong><\/p>\n<p><img decoding=\"async\" class=\"alignnone wp-image-96169\" src=\"https:\/\/nugosu.gg\/wp-content\/uploads\/2021\/09\/Laundry_icons.svg\" alt=\"\" width=\"273\" height=\"54\" \/><\/p>\n<p><strong>Materi\u00e1l:<\/strong> 100% Bavlna<\/p>\n","protected":false},"featured_media":163575,"comment_status":"open","ping_status":"closed","template":"","meta":[],"product_brand":[],"product_cat":[135],"product_tag":[140,366,660,680],"class_list":{"0":"post-157718","1":"product","2":"type-product","3":"status-publish","4":"has-post-thumbnail","6":"product_cat-oblecenie-sk","7":"product_tag-nugosu-sk","8":"product_tag-snapback-cap-sk-2","9":"product_tag-upsell_hoodie_sk","10":"product_tag-upsell_t-shirt_sk","12":"first","13":"outofstock","14":"taxable","15":"shipping-taxable","16":"purchasable","17":"product-type-simple"},"composite_virtual":false,"composite_layout":"","composite_add_to_cart_form_location":"","composite_editable_in_cart":false,"composite_sold_individually_context":"","composite_shop_price_calc":"","composite_components":[],"composite_scenarios":[],"_links":{"self":[{"href":"https:\/\/nugosu.gg\/sk\/wp-json\/wp\/v2\/product\/157718","targetHints":{"allow":["GET"]}}],"collection":[{"href":"https:\/\/nugosu.gg\/sk\/wp-json\/wp\/v2\/product"}],"about":[{"href":"https:\/\/nugosu.gg\/sk\/wp-json\/wp\/v2\/types\/product"}],"replies":[{"embeddable":true,"href":"https:\/\/nugosu.gg\/sk\/wp-json\/wp\/v2\/comments?post=157718"}],"wp:featuredmedia":[{"embeddable":true,"href":"https:\/\/nugosu.gg\/sk\/wp-json\/wp\/v2\/media\/163575"}],"wp:attachment":[{"href":"https:\/\/nugosu.gg\/sk\/wp-json\/wp\/v2\/media?parent=157718"}],"wp:term":[{"taxonomy":"product_brand","embeddable":true,"href":"https:\/\/nugosu.gg\/sk\/wp-json\/wp\/v2\/product_brand?post=157718"},{"taxonomy":"product_cat","embeddable":true,"href":"https:\/\/nugosu.gg\/sk\/wp-json\/wp\/v2\/product_cat?post=157718"},{"taxonomy":"product_tag","embeddable":true,"href":"https:\/\/nugosu.gg\/sk\/wp-json\/wp\/v2\/product_tag?post=157718"}],"curies":[{"name":"wp","href":"https:\/\/api.w.org\/{rel}","templated":true}]}}