{"id":146578,"date":"2024-06-12T09:19:35","date_gmt":"2024-06-12T07:19:35","guid":{"rendered":"https:\/\/nugosu.gg\/?post_type=product&#038;p=146578"},"modified":"2026-04-11T10:01:21","modified_gmt":"2026-04-11T08:01:21","slug":"shaker-nugosu-samurai-purple","status":"publish","type":"product","link":"https:\/\/nugosu.gg\/sk\/produkt\/shaker-nugosu-samurai-purple\/","title":{"rendered":"SHAKER NUGOSU SAMURAI PURPLE"},"content":{"rendered":"<p>S t\u00fdmto dizajnovo unik\u00e1tnym NUGOSU SAMURAI PURPLE \u0161ejkrom na tvojom stole bude ka\u017ed\u00fd vedie\u0165, \u017ee patr\u00ed\u0161 do skupiny gamerov, ktor\u00ed id\u00fa na maximum a neust\u00e1le pracuj\u00fa na tom, aby sa zaka\u017ed\u00fdm posunuli o level vy\u0161\u0161ie.<\/p>\n","protected":false},"excerpt":{"rendered":"<p>Unik\u00e1tny NUGOSU SAMURAI PURPLE<br \/>\nObjem 500 ml<br \/>\nSCORE a NUGOSU log\u00e1 na 2 stran\u00e1ch \u0161ejkra<br \/>\nYing a Yang logo na v\u0155\u0161ku<br \/>\nVn\u00fatorn\u00e9 mie\u0161acie sitko<br \/>\nDokonale tesn\u00ed, nete\u010die<br \/>\nNeobsahuje toxick\u00e9 plasty, BPA a DEHP<br \/>\nVyroben\u00e9 v EU<\/p>\n","protected":false},"featured_media":163429,"comment_status":"open","ping_status":"closed","template":"","meta":[],"product_brand":[],"product_cat":[198],"product_tag":[1290,199],"class_list":{"0":"post-146578","1":"product","2":"type-product","3":"status-publish","4":"has-post-thumbnail","6":"product_cat-accessories-sk","7":"product_tag-sale_shaker-sk","8":"product_tag-shaker-sk","10":"first","11":"instock","12":"taxable","13":"shipping-taxable","14":"purchasable","15":"product-type-simple"},"composite_virtual":false,"composite_layout":"","composite_add_to_cart_form_location":"","composite_editable_in_cart":false,"composite_sold_individually_context":"","composite_shop_price_calc":"","composite_components":[],"composite_scenarios":[],"_links":{"self":[{"href":"https:\/\/nugosu.gg\/sk\/wp-json\/wp\/v2\/product\/146578","targetHints":{"allow":["GET"]}}],"collection":[{"href":"https:\/\/nugosu.gg\/sk\/wp-json\/wp\/v2\/product"}],"about":[{"href":"https:\/\/nugosu.gg\/sk\/wp-json\/wp\/v2\/types\/product"}],"replies":[{"embeddable":true,"href":"https:\/\/nugosu.gg\/sk\/wp-json\/wp\/v2\/comments?post=146578"}],"wp:featuredmedia":[{"embeddable":true,"href":"https:\/\/nugosu.gg\/sk\/wp-json\/wp\/v2\/media\/163429"}],"wp:attachment":[{"href":"https:\/\/nugosu.gg\/sk\/wp-json\/wp\/v2\/media?parent=146578"}],"wp:term":[{"taxonomy":"product_brand","embeddable":true,"href":"https:\/\/nugosu.gg\/sk\/wp-json\/wp\/v2\/product_brand?post=146578"},{"taxonomy":"product_cat","embeddable":true,"href":"https:\/\/nugosu.gg\/sk\/wp-json\/wp\/v2\/product_cat?post=146578"},{"taxonomy":"product_tag","embeddable":true,"href":"https:\/\/nugosu.gg\/sk\/wp-json\/wp\/v2\/product_tag?post=146578"}],"curies":[{"name":"wp","href":"https:\/\/api.w.org\/{rel}","templated":true}]}}