{"id":145715,"date":"2024-06-06T11:08:00","date_gmt":"2024-06-06T09:08:00","guid":{"rendered":"https:\/\/nugosu.gg\/?post_type=product&#038;p=145715"},"modified":"2026-03-18T08:16:47","modified_gmt":"2026-03-18T07:16:47","slug":"shaker-yocrew-x-nugosu","status":"publish","type":"product","link":"https:\/\/nugosu.gg\/sk\/produkt\/shaker-yocrew-x-nugosu\/","title":{"rendered":"SHAKER YoCrew x NUGOSU"},"content":{"rendered":"<p>Na v\u00fdro\u010die na\u0161ej spolupr\u00e1ce s E-\u0160portovou orgn\u00e1z\u00e1ciou YoCrew, prin\u00e1\u0161ame jedine\u010dn\u00fa limitovan\u00fa ed\u00edciu \u0161ejkra NUGOSU x YoCrew, pre v\u0161etk\u00fdch hr\u00e1\u010dov, ktor\u00ed vyu\u017e\u00edvaj\u00fa svoju energiu na maximum, \u010di u\u017e pri hran\u00ed alebo v be\u017en\u00fdch \u00fakonoch.<\/p>\n","protected":false},"excerpt":{"rendered":"<ul>\n<li style=\"font-weight: 400;\" aria-level=\"1\"><span style=\"font-weight: 400;\">Limitovan\u00e1 ed\u00edcia:\u00a0YoCrew x NUGOSU<\/span><\/li>\n<li style=\"font-weight: 400;\" aria-level=\"1\"><span style=\"font-weight: 400;\">Objem 500 ml<\/span><\/li>\n<li style=\"font-weight: 400;\" aria-level=\"1\"><span style=\"font-weight: 400;\"><span class=\"font-762333\" style=\"font-weight: 400;\">YoCrew x NUGOSU <\/span>log\u00e1 na 2 stran\u00e1ch \u0161ejkra<\/span><\/li>\n<li aria-level=\"1\"><span style=\"font-weight: 400;\"><span class=\"font-762333\" style=\"font-weight: 400;\">YoCrew <\/span><\/span> logo na v\u0155\u0161ku<\/li>\n<li style=\"font-weight: 400;\" aria-level=\"1\"><span style=\"font-weight: 400;\">Vn\u00fatorn\u00e9 mie\u0161acie sitko<\/span><\/li>\n<li style=\"font-weight: 400;\" aria-level=\"1\"><span style=\"font-weight: 400;\">Dokonale tesn\u00ed, nete\u010die<\/span><\/li>\n<li style=\"font-weight: 400;\" aria-level=\"1\"><span style=\"font-weight: 400;\">Neobsahuje toxick\u00e9 plasty, BPA a DEHP<\/span><\/li>\n<li style=\"font-weight: 400;\" aria-level=\"1\"><span style=\"font-weight: 400;\">Vyroben\u00e9 v EU<\/span><\/li>\n<\/ul>\n<p><img decoding=\"async\" class=\"alignnone wp-image-91262\" src=\"https:\/\/nugosu.gg\/wp-content\/uploads\/2021\/03\/Vrstva-1-1.png\" alt=\"\" width=\"317\" height=\"92\" srcset=\"https:\/\/nugosu.gg\/wp-content\/uploads\/2021\/03\/Vrstva-1-1.png 820w, https:\/\/nugosu.gg\/wp-content\/uploads\/2021\/03\/Vrstva-1-1-600x174.png 600w, https:\/\/nugosu.gg\/wp-content\/uploads\/2021\/03\/Vrstva-1-1-300x87.png 300w, https:\/\/nugosu.gg\/wp-content\/uploads\/2021\/03\/Vrstva-1-1-768x223.png 768w\" sizes=\"(max-width: 317px) 100vw, 317px\" \/><\/p>\n","protected":false},"featured_media":163441,"comment_status":"open","ping_status":"closed","template":"","meta":[],"product_brand":[],"product_cat":[198],"product_tag":[199],"class_list":{"0":"post-145715","1":"product","2":"type-product","3":"status-publish","4":"has-post-thumbnail","6":"product_cat-accessories-sk","7":"product_tag-shaker-sk","9":"first","10":"instock","11":"taxable","12":"shipping-taxable","13":"purchasable","14":"product-type-simple"},"composite_virtual":false,"composite_layout":"","composite_add_to_cart_form_location":"","composite_editable_in_cart":false,"composite_sold_individually_context":"","composite_shop_price_calc":"","composite_components":[],"composite_scenarios":[],"_links":{"self":[{"href":"https:\/\/nugosu.gg\/sk\/wp-json\/wp\/v2\/product\/145715","targetHints":{"allow":["GET"]}}],"collection":[{"href":"https:\/\/nugosu.gg\/sk\/wp-json\/wp\/v2\/product"}],"about":[{"href":"https:\/\/nugosu.gg\/sk\/wp-json\/wp\/v2\/types\/product"}],"replies":[{"embeddable":true,"href":"https:\/\/nugosu.gg\/sk\/wp-json\/wp\/v2\/comments?post=145715"}],"wp:featuredmedia":[{"embeddable":true,"href":"https:\/\/nugosu.gg\/sk\/wp-json\/wp\/v2\/media\/163441"}],"wp:attachment":[{"href":"https:\/\/nugosu.gg\/sk\/wp-json\/wp\/v2\/media?parent=145715"}],"wp:term":[{"taxonomy":"product_brand","embeddable":true,"href":"https:\/\/nugosu.gg\/sk\/wp-json\/wp\/v2\/product_brand?post=145715"},{"taxonomy":"product_cat","embeddable":true,"href":"https:\/\/nugosu.gg\/sk\/wp-json\/wp\/v2\/product_cat?post=145715"},{"taxonomy":"product_tag","embeddable":true,"href":"https:\/\/nugosu.gg\/sk\/wp-json\/wp\/v2\/product_tag?post=145715"}],"curies":[{"name":"wp","href":"https:\/\/api.w.org\/{rel}","templated":true}]}}