{"id":132656,"date":"2023-10-15T21:44:48","date_gmt":"2023-10-15T19:44:48","guid":{"rendered":"https:\/\/nugosu.gg\/?post_type=product&#038;p=132656"},"modified":"2025-12-16T13:24:53","modified_gmt":"2025-12-16T12:24:53","slug":"nugosu-hoodie-helmet-black","status":"publish","type":"product","link":"https:\/\/nugosu.gg\/sk\/produkt\/nugosu-hoodie-helmet-black\/","title":{"rendered":"NUGOSU Hoodie Helmet BLACK"},"content":{"rendered":"<p>S mikinou NUGOSU Hoodie Helmet BLACK sa odl\u00ed\u0161i\u0161 od ostatn\u00fdch a z\u00e1rove\u0148 sa zarad\u00ed\u0161 medzi hern\u00fdch \u0161ampi\u00f3nov! Je extr\u00e9mne pohodln\u00e1 s minimalistick\u00fdm dizajnom. Mikina \u0165a zahreje a udr\u017e\u00ed v teple.<\/p>\n","protected":false},"excerpt":{"rendered":"<h2>Ako sa stara\u0165 o NUGOSU Hoodie?<\/h2>\n<ul>\n<li><span class=\"VIiyi\" lang=\"en\"><span class=\"JLqJ4b ChMk0b\" data-language-for-alternatives=\"en\" data-language-to-translate-into=\"sk\" data-phrase-index=\"0\">Pri pran\u00ed mikinu oto\u010dte naruby a perte do 40\u00b0C.<\/span><\/span><\/li>\n<li>Nepou\u017e\u00edvajte bielidlo.<\/li>\n<li>perte s podobn\u00fdmi farbami.<\/li>\n<\/ul>\n<p><span class=\"VIiyi\" lang=\"en\"><span class=\"JLqJ4b ChMk0b\" data-language-for-alternatives=\"en\" data-language-to-translate-into=\"sk\" data-phrase-index=\"0\"><strong>Materi\u00e1l: <\/strong>65% cotton, 35% polyester<\/span><\/span><\/p>\n","protected":false},"featured_media":163503,"comment_status":"open","ping_status":"closed","template":"","meta":[],"product_brand":[],"product_cat":[1261,135],"product_tag":[390,389,140,656,680],"class_list":{"0":"post-132656","1":"product","2":"type-product","3":"status-publish","4":"has-post-thumbnail","6":"product_cat-hoodie-sk","7":"product_cat-oblecenie-sk","8":"product_tag-clothing-sk","9":"product_tag-hoodie-sk","10":"product_tag-nugosu-sk","11":"product_tag-upsell_cap_sk","12":"product_tag-upsell_t-shirt_sk","14":"first","15":"instock","16":"sale","17":"taxable","18":"shipping-taxable","19":"purchasable","20":"product-type-variable"},"composite_virtual":false,"composite_layout":"","composite_add_to_cart_form_location":"","composite_editable_in_cart":false,"composite_sold_individually_context":"","composite_shop_price_calc":"","composite_components":[],"composite_scenarios":[],"_links":{"self":[{"href":"https:\/\/nugosu.gg\/sk\/wp-json\/wp\/v2\/product\/132656","targetHints":{"allow":["GET"]}}],"collection":[{"href":"https:\/\/nugosu.gg\/sk\/wp-json\/wp\/v2\/product"}],"about":[{"href":"https:\/\/nugosu.gg\/sk\/wp-json\/wp\/v2\/types\/product"}],"replies":[{"embeddable":true,"href":"https:\/\/nugosu.gg\/sk\/wp-json\/wp\/v2\/comments?post=132656"}],"wp:featuredmedia":[{"embeddable":true,"href":"https:\/\/nugosu.gg\/sk\/wp-json\/wp\/v2\/media\/163503"}],"wp:attachment":[{"href":"https:\/\/nugosu.gg\/sk\/wp-json\/wp\/v2\/media?parent=132656"}],"wp:term":[{"taxonomy":"product_brand","embeddable":true,"href":"https:\/\/nugosu.gg\/sk\/wp-json\/wp\/v2\/product_brand?post=132656"},{"taxonomy":"product_cat","embeddable":true,"href":"https:\/\/nugosu.gg\/sk\/wp-json\/wp\/v2\/product_cat?post=132656"},{"taxonomy":"product_tag","embeddable":true,"href":"https:\/\/nugosu.gg\/sk\/wp-json\/wp\/v2\/product_tag?post=132656"}],"curies":[{"name":"wp","href":"https:\/\/api.w.org\/{rel}","templated":true}]}}