{"id":121237,"date":"2023-08-02T23:33:20","date_gmt":"2023-08-02T21:33:20","guid":{"rendered":"https:\/\/nugosu.gg\/product\/nugosu-string-backpack-black\/"},"modified":"2025-08-27T12:16:40","modified_gmt":"2025-08-27T10:16:40","slug":"nugosu-string-backpack-black","status":"publish","type":"product","link":"https:\/\/nugosu.gg\/sk\/produkt\/nugosu-string-backpack-black\/","title":{"rendered":"NUGOSU String Backpack Black"},"content":{"rendered":"<p>Materi\u00e1l: 100% Polyester<br \/>\n\u010cierna farba \/ biele logo<\/p>\n<p>Rozmery:<br \/>\nD\u013a\u017eka 44 cm<br \/>\n\u0160\u00edrka 34 cm<\/p>\n","protected":false},"excerpt":{"rendered":"<p>Materi\u00e1l: 100% Polyester \u010cierna farba \/ biele logo Rozmery: D\u013a\u017eka 44 cm \u0160\u00edrka 34 cm<\/p>\n","protected":false},"featured_media":163587,"comment_status":"open","ping_status":"closed","template":"","meta":[],"product_brand":[],"product_cat":[135],"product_tag":[1836],"class_list":{"0":"post-121237","1":"product","2":"type-product","3":"status-publish","4":"has-post-thumbnail","6":"product_cat-oblecenie-sk","7":"product_tag-backpack-sk","9":"first","10":"instock","11":"taxable","12":"shipping-taxable","13":"purchasable","14":"product-type-simple"},"composite_virtual":false,"composite_layout":"","composite_add_to_cart_form_location":"","composite_editable_in_cart":false,"composite_sold_individually_context":"","composite_shop_price_calc":"","composite_components":[],"composite_scenarios":[],"_links":{"self":[{"href":"https:\/\/nugosu.gg\/sk\/wp-json\/wp\/v2\/product\/121237","targetHints":{"allow":["GET"]}}],"collection":[{"href":"https:\/\/nugosu.gg\/sk\/wp-json\/wp\/v2\/product"}],"about":[{"href":"https:\/\/nugosu.gg\/sk\/wp-json\/wp\/v2\/types\/product"}],"replies":[{"embeddable":true,"href":"https:\/\/nugosu.gg\/sk\/wp-json\/wp\/v2\/comments?post=121237"}],"wp:featuredmedia":[{"embeddable":true,"href":"https:\/\/nugosu.gg\/sk\/wp-json\/wp\/v2\/media\/163587"}],"wp:attachment":[{"href":"https:\/\/nugosu.gg\/sk\/wp-json\/wp\/v2\/media?parent=121237"}],"wp:term":[{"taxonomy":"product_brand","embeddable":true,"href":"https:\/\/nugosu.gg\/sk\/wp-json\/wp\/v2\/product_brand?post=121237"},{"taxonomy":"product_cat","embeddable":true,"href":"https:\/\/nugosu.gg\/sk\/wp-json\/wp\/v2\/product_cat?post=121237"},{"taxonomy":"product_tag","embeddable":true,"href":"https:\/\/nugosu.gg\/sk\/wp-json\/wp\/v2\/product_tag?post=121237"}],"curies":[{"name":"wp","href":"https:\/\/api.w.org\/{rel}","templated":true}]}}