{"id":117972,"date":"2023-05-01T19:53:00","date_gmt":"2023-05-01T17:53:00","guid":{"rendered":"https:\/\/nugosu.gg\/product\/nugosu-podlozka-pod-mys-rgb-xl-800x300-mm\/"},"modified":"2026-02-12T09:58:04","modified_gmt":"2026-02-12T08:58:04","slug":"nugosu-podlozka-pod-mys-rgb-xl-800x300-mm","status":"publish","type":"product","link":"https:\/\/nugosu.gg\/sk\/produkt\/nugosu-podlozka-pod-mys-rgb-xl-800x300-mm\/","title":{"rendered":"NUGOSU Podlo\u017eka pod my\u0161 RGB XL 800\u00d7300 mm"},"content":{"rendered":"<p><span style=\"font-weight: 400;\">NUGOSU Mousepad RGB XL je dokonal\u00fdm hern\u00fdm pr\u00edslu\u0161enstvom pre t\u00fdch, ktor\u00ed chc\u00fa maxim\u00e1lny hern\u00fd z\u00e1\u017eitok. T\u00e1to pr\u00e9miov\u00e1 podlo\u017eka pod my\u0161 m\u00e1 ve\u013ekorys\u00e9 rozmery 800 x 300 mm, poskytuje dostatok priestoru pre kl\u00e1vesnicu a my\u0161, \u010do umo\u017e\u0148uje pohodln\u00fd a priestrann\u00fd povrch pre v\u0161etky va\u0161e hern\u00e9 potreby<\/span><\/p>\n","protected":false},"excerpt":{"rendered":"<p>NUGOSU Mousepad RGB XL je dokonal\u00fdm hern\u00fdm pr\u00edslu\u0161enstvom pre t\u00fdch, ktor\u00ed chc\u00fa maxim\u00e1lny hern\u00fd z\u00e1\u017eitok. T\u00e1to pr\u00e9miov\u00e1 podlo\u017eka pod my\u0161 [&hellip;]<\/p>\n","protected":false},"featured_media":117799,"comment_status":"open","ping_status":"closed","template":"","meta":[],"product_brand":[],"product_cat":[1119],"product_tag":[1785,1120,1271,1121],"class_list":{"0":"post-117972","1":"product","2":"type-product","3":"status-publish","4":"has-post-thumbnail","6":"product_cat-mousepad-sk","7":"product_tag-back_to_school-sk","8":"product_tag-mousepad-sk","9":"product_tag-sale_merch-sk","10":"product_tag-warriorpad-sk","12":"first","13":"instock","14":"taxable","15":"shipping-taxable","16":"purchasable","17":"product-type-simple"},"composite_virtual":false,"composite_layout":"","composite_add_to_cart_form_location":"","composite_editable_in_cart":false,"composite_sold_individually_context":"","composite_shop_price_calc":"","composite_components":[],"composite_scenarios":[],"_links":{"self":[{"href":"https:\/\/nugosu.gg\/sk\/wp-json\/wp\/v2\/product\/117972","targetHints":{"allow":["GET"]}}],"collection":[{"href":"https:\/\/nugosu.gg\/sk\/wp-json\/wp\/v2\/product"}],"about":[{"href":"https:\/\/nugosu.gg\/sk\/wp-json\/wp\/v2\/types\/product"}],"replies":[{"embeddable":true,"href":"https:\/\/nugosu.gg\/sk\/wp-json\/wp\/v2\/comments?post=117972"}],"wp:featuredmedia":[{"embeddable":true,"href":"https:\/\/nugosu.gg\/sk\/wp-json\/wp\/v2\/media\/117799"}],"wp:attachment":[{"href":"https:\/\/nugosu.gg\/sk\/wp-json\/wp\/v2\/media?parent=117972"}],"wp:term":[{"taxonomy":"product_brand","embeddable":true,"href":"https:\/\/nugosu.gg\/sk\/wp-json\/wp\/v2\/product_brand?post=117972"},{"taxonomy":"product_cat","embeddable":true,"href":"https:\/\/nugosu.gg\/sk\/wp-json\/wp\/v2\/product_cat?post=117972"},{"taxonomy":"product_tag","embeddable":true,"href":"https:\/\/nugosu.gg\/sk\/wp-json\/wp\/v2\/product_tag?post=117972"}],"curies":[{"name":"wp","href":"https:\/\/api.w.org\/{rel}","templated":true}]}}