{"id":112021,"date":"2023-01-02T21:37:14","date_gmt":"2023-01-02T20:37:14","guid":{"rendered":"https:\/\/nugosu.gg\/?post_type=product&#038;p=112021"},"modified":"2023-01-13T18:18:08","modified_gmt":"2023-01-13T17:18:08","slug":"t-shirt-nugosu-nahodne","status":"publish","type":"product","link":"https:\/\/nugosu.gg\/sk\/produkt\/t-shirt-nugosu-nahodne\/","title":{"rendered":"TRI\u010cKO \u2013 N\u00c1HODN\u00c1 farba \u2013 Ve\u013ekos\u0165 do pozn\u00e1mky"},"content":{"rendered":"","protected":false},"excerpt":{"rendered":"","protected":false},"featured_media":112031,"comment_status":"open","ping_status":"closed","template":"","meta":[],"product_brand":[],"product_cat":[200],"product_tag":[],"class_list":{"0":"post-112021","1":"product","2":"type-product","3":"status-publish","4":"has-post-thumbnail","6":"product_cat-nezaradene-sk","8":"first","9":"instock","10":"taxable","11":"shipping-taxable","12":"purchasable","13":"product-type-variable","14":"has-default-attributes"},"composite_virtual":false,"composite_layout":"","composite_add_to_cart_form_location":"","composite_editable_in_cart":false,"composite_sold_individually_context":"","composite_shop_price_calc":"","composite_components":[],"composite_scenarios":[],"_links":{"self":[{"href":"https:\/\/nugosu.gg\/sk\/wp-json\/wp\/v2\/product\/112021","targetHints":{"allow":["GET"]}}],"collection":[{"href":"https:\/\/nugosu.gg\/sk\/wp-json\/wp\/v2\/product"}],"about":[{"href":"https:\/\/nugosu.gg\/sk\/wp-json\/wp\/v2\/types\/product"}],"replies":[{"embeddable":true,"href":"https:\/\/nugosu.gg\/sk\/wp-json\/wp\/v2\/comments?post=112021"}],"wp:featuredmedia":[{"embeddable":true,"href":"https:\/\/nugosu.gg\/sk\/wp-json\/wp\/v2\/media\/112031"}],"wp:attachment":[{"href":"https:\/\/nugosu.gg\/sk\/wp-json\/wp\/v2\/media?parent=112021"}],"wp:term":[{"taxonomy":"product_brand","embeddable":true,"href":"https:\/\/nugosu.gg\/sk\/wp-json\/wp\/v2\/product_brand?post=112021"},{"taxonomy":"product_cat","embeddable":true,"href":"https:\/\/nugosu.gg\/sk\/wp-json\/wp\/v2\/product_cat?post=112021"},{"taxonomy":"product_tag","embeddable":true,"href":"https:\/\/nugosu.gg\/sk\/wp-json\/wp\/v2\/product_tag?post=112021"}],"curies":[{"name":"wp","href":"https:\/\/api.w.org\/{rel}","templated":true}]}}