{"id":110715,"date":"2022-11-25T14:32:37","date_gmt":"2022-11-25T13:32:37","guid":{"rendered":"https:\/\/nugosu.gg\/?post_type=product&#038;p=110715"},"modified":"2026-03-27T20:00:31","modified_gmt":"2026-03-27T19:00:31","slug":"shaker-nugosu-red-stream","status":"publish","type":"product","link":"https:\/\/nugosu.gg\/sk\/produkt\/shaker-nugosu-red-stream\/","title":{"rendered":"SHAKER NUGOSU RED STREAM"},"content":{"rendered":"<p>S t\u00fdmto dizajnovo unik\u00e1tnym <span style=\"font-weight: 400;\">NUGOSU RED STREAM<\/span> \u0161ejkrom na tvojom stole bude ka\u017ed\u00fd vedie\u0165, \u017ee patr\u00ed\u0161 do skupiny gamerov, ktor\u00ed id\u00fa na maximum a neust\u00e1le pracuj\u00fa na tom, aby sa zaka\u017ed\u00fdm posunuli o level vy\u0161\u0161ie.<\/p>\n","protected":false},"excerpt":{"rendered":"<ul>\n<li style=\"font-weight: 400;\" aria-level=\"1\"><span style=\"font-weight: 400;\">Unik\u00e1tny shaker NUGOSU RED STREAM<\/span><\/li>\n<li style=\"font-weight: 400;\" aria-level=\"1\"><span style=\"font-weight: 400;\">Objem 500 ml<\/span><\/li>\n<li style=\"font-weight: 400;\" aria-level=\"1\"><span style=\"font-weight: 400;\">NUGOSU log\u00e1 na 2 stran\u00e1ch \u0161ejkra<\/span><\/li>\n<li aria-level=\"1\">NUGOSU Helmet logo na v\u0155\u0161ku<\/li>\n<li style=\"font-weight: 400;\" aria-level=\"1\"><span style=\"font-weight: 400;\">Vn\u00fatorn\u00e9 mie\u0161acie sitko<\/span><\/li>\n<li style=\"font-weight: 400;\" aria-level=\"1\"><span style=\"font-weight: 400;\">Dokonale tesn\u00ed, nete\u010die<\/span><\/li>\n<li style=\"font-weight: 400;\" aria-level=\"1\"><span style=\"font-weight: 400;\">Neobsahuje toxick\u00e9 plasty, BPA a DEHP<\/span><\/li>\n<li style=\"font-weight: 400;\" aria-level=\"1\"><span style=\"font-weight: 400;\">Vyroben\u00e9 v EU<\/span><\/li>\n<\/ul>\n<p><img decoding=\"async\" class=\"alignnone wp-image-91262\" src=\"https:\/\/nugosu.gg\/wp-content\/uploads\/2021\/03\/Vrstva-1-1.png\" alt=\"\" width=\"317\" height=\"92\" srcset=\"https:\/\/nugosu.gg\/wp-content\/uploads\/2021\/03\/Vrstva-1-1.png 820w, https:\/\/nugosu.gg\/wp-content\/uploads\/2021\/03\/Vrstva-1-1-600x174.png 600w, https:\/\/nugosu.gg\/wp-content\/uploads\/2021\/03\/Vrstva-1-1-300x87.png 300w, https:\/\/nugosu.gg\/wp-content\/uploads\/2021\/03\/Vrstva-1-1-768x223.png 768w\" sizes=\"(max-width: 317px) 100vw, 317px\" \/><\/p>\n","protected":false},"featured_media":163417,"comment_status":"open","ping_status":"closed","template":"","meta":[],"product_brand":[],"product_cat":[198],"product_tag":[199],"class_list":{"0":"post-110715","1":"product","2":"type-product","3":"status-publish","4":"has-post-thumbnail","6":"product_cat-accessories-sk","7":"product_tag-shaker-sk","9":"first","10":"instock","11":"taxable","12":"shipping-taxable","13":"purchasable","14":"product-type-simple"},"composite_virtual":false,"composite_layout":"","composite_add_to_cart_form_location":"","composite_editable_in_cart":false,"composite_sold_individually_context":"","composite_shop_price_calc":"","composite_components":[],"composite_scenarios":[],"_links":{"self":[{"href":"https:\/\/nugosu.gg\/sk\/wp-json\/wp\/v2\/product\/110715","targetHints":{"allow":["GET"]}}],"collection":[{"href":"https:\/\/nugosu.gg\/sk\/wp-json\/wp\/v2\/product"}],"about":[{"href":"https:\/\/nugosu.gg\/sk\/wp-json\/wp\/v2\/types\/product"}],"replies":[{"embeddable":true,"href":"https:\/\/nugosu.gg\/sk\/wp-json\/wp\/v2\/comments?post=110715"}],"wp:featuredmedia":[{"embeddable":true,"href":"https:\/\/nugosu.gg\/sk\/wp-json\/wp\/v2\/media\/163417"}],"wp:attachment":[{"href":"https:\/\/nugosu.gg\/sk\/wp-json\/wp\/v2\/media?parent=110715"}],"wp:term":[{"taxonomy":"product_brand","embeddable":true,"href":"https:\/\/nugosu.gg\/sk\/wp-json\/wp\/v2\/product_brand?post=110715"},{"taxonomy":"product_cat","embeddable":true,"href":"https:\/\/nugosu.gg\/sk\/wp-json\/wp\/v2\/product_cat?post=110715"},{"taxonomy":"product_tag","embeddable":true,"href":"https:\/\/nugosu.gg\/sk\/wp-json\/wp\/v2\/product_tag?post=110715"}],"curies":[{"name":"wp","href":"https:\/\/api.w.org\/{rel}","templated":true}]}}