{"id":93481,"date":"2021-04-23T21:35:10","date_gmt":"2021-04-23T19:35:10","guid":{"rendered":"https:\/\/nugosu.gg\/?page_id=93481"},"modified":"2024-11-20T14:04:04","modified_gmt":"2024-11-20T13:04:04","slug":"kontakt","status":"publish","type":"page","link":"https:\/\/nugosu.gg\/sk\/kontakt\/","title":{"rendered":"Kontakt"},"content":{"rendered":"<div class=\"wpb-content-wrapper\"><p>[vc_row][vc_column width=&#8220;1\/2&#8243;][vc_column_text]<\/p>\n<h2>KONTAKT<\/h2>\n<p style=\"text-align: left;\" align=\"center\">Ot\u00e1zky, podnety a pripomienky od na\u0161ich z\u00e1kazn\u00edkov s\u00fa na\u0161im palivom, ktor\u00e9 n\u00e1s \u017eenie vpred, preto n\u00e1s nev\u00e1hajte kontaktova\u0165 mailom, pomocou na\u0161ich soci\u00e1lnych siet\u00ed alebo vyu\u017eit\u00edm kontaktn\u00e9ho formul\u00e1ra.<b><\/b><\/p>\n<p><strong>Z\u00e1kazn\u00edcka podpora pre Slovensko:<\/strong><\/p>\n<p style=\"text-align: left;\" align=\"center\">email:\u00a0<a href=\"mailto:nugosu@nugosu.gg\">nugosu@nugosu.gg<\/a><\/p>\n<p style=\"text-align: left;\" align=\"center\"><a href=\"https:\/\/www.facebook.com\/nugosupower\" target=\"_blank\" rel=\"noopener\"><img decoding=\"async\" class=\"alignnone wp-image-88534\" src=\"http:\/\/nugosu.gg\/wp-content\/uploads\/2021\/02\/facebook-150x150.png\" alt=\"\" width=\"28\" height=\"29\" srcset=\"https:\/\/nugosu.gg\/wp-content\/uploads\/2021\/02\/facebook-150x150.png 150w, https:\/\/nugosu.gg\/wp-content\/uploads\/2021\/02\/facebook-300x300.png 300w, https:\/\/nugosu.gg\/wp-content\/uploads\/2021\/02\/facebook-100x100.png 100w, https:\/\/nugosu.gg\/wp-content\/uploads\/2021\/02\/facebook.png 512w\" sizes=\"(max-width: 28px) 100vw, 28px\" \/><\/a> <a href=\"https:\/\/www.instagram.com\/nugosupower\/\" target=\"_blank\" rel=\"noopener\"><img decoding=\"async\" class=\"alignnone wp-image-88540\" src=\"http:\/\/nugosu.gg\/wp-content\/uploads\/2021\/02\/instagram-150x150.png\" alt=\"\" width=\"28\" height=\"28\" srcset=\"https:\/\/nugosu.gg\/wp-content\/uploads\/2021\/02\/instagram-150x150.png 150w, https:\/\/nugosu.gg\/wp-content\/uploads\/2021\/02\/instagram-300x300.png 300w, https:\/\/nugosu.gg\/wp-content\/uploads\/2021\/02\/instagram-100x100.png 100w, https:\/\/nugosu.gg\/wp-content\/uploads\/2021\/02\/instagram.png 512w\" sizes=\"(max-width: 28px) 100vw, 28px\" \/><\/a> <a href=\"https:\/\/vm.tiktok.com\/ZMeeDaM4T\/\" target=\"_blank\" rel=\"noopener\"><img decoding=\"async\" class=\"alignnone wp-image-88545\" src=\"http:\/\/nugosu.gg\/wp-content\/uploads\/2021\/02\/tiktok-150x150.png\" alt=\"\" width=\"28\" height=\"28\" srcset=\"https:\/\/nugosu.gg\/wp-content\/uploads\/2021\/02\/tiktok-150x150.png 150w, https:\/\/nugosu.gg\/wp-content\/uploads\/2021\/02\/tiktok-300x300.png 300w, https:\/\/nugosu.gg\/wp-content\/uploads\/2021\/02\/tiktok-100x100.png 100w, https:\/\/nugosu.gg\/wp-content\/uploads\/2021\/02\/tiktok.png 512w\" sizes=\"(max-width: 28px) 100vw, 28px\" \/><\/a><\/p>\n<p style=\"text-align: left;\" align=\"center\"><b>Kore\u0161ponden\u010dn\u00e1 a\u00a0faktura\u010dn\u00e1 adresa<\/b><\/p>\n<p style=\"text-align: left;\" align=\"center\">NG EU s.r.o.<br \/>\n<span class=\"ra\">Jenisejsk\u00e1\u00a0<\/span><span class=\"ra\">45A<\/span><br \/>\n040 12 Ko\u0161ice<br \/>\nI\u010cO: 53 556 062<br \/>\nDI\u010c: 2121409664<\/p>\n<p style=\"text-align: left;\" align=\"center\"><b>NUGOSU HQ address<\/b><\/p>\n<p style=\"text-align: left;\" align=\"center\">NUGOSU, 1 Grosvenor Square,<br \/>\nSouthampton SO15 2BG<br \/>\nUnited Kingdom[\/vc_column_text][\/vc_column][vc_column column_width_percent=&#8220;100&#8243; gutter_size=&#8220;3&#8243; overlay_alpha=&#8220;50&#8243; shift_x=&#8220;0&#8243; shift_y=&#8220;0&#8243; shift_y_down=&#8220;0&#8243; z_index=&#8220;0&#8243; medium_width=&#8220;0&#8243; mobile_width=&#8220;0&#8243; width=&#8220;1\/2&#8243;]\n<div class=\"wpcf7 no-js\" id=\"wpcf7-f90281-o1\" lang=\"sk-SK\" dir=\"ltr\" data-wpcf7-id=\"90281\">\n<div class=\"screen-reader-response\"><p role=\"status\" aria-live=\"polite\" aria-atomic=\"true\"><\/p> <ul><\/ul><\/div>\n<form action=\"\/sk\/wp-json\/wp\/v2\/pages\/93481#wpcf7-f90281-o1\" method=\"post\" class=\"wpcf7-form init\" aria-label=\"Kontaktn\u00fd formul\u00e1r\" novalidate=\"novalidate\" data-status=\"init\">\n<fieldset class=\"hidden-fields-container\"><input type=\"hidden\" name=\"_wpcf7\" value=\"90281\" \/><input type=\"hidden\" name=\"_wpcf7_version\" value=\"6.1.5\" \/><input type=\"hidden\" name=\"_wpcf7_locale\" value=\"sk_SK\" \/><input type=\"hidden\" name=\"_wpcf7_unit_tag\" value=\"wpcf7-f90281-o1\" \/><input type=\"hidden\" name=\"_wpcf7_container_post\" value=\"0\" \/><input type=\"hidden\" name=\"_wpcf7_posted_data_hash\" value=\"\" \/>\n<\/fieldset>\n<p><label> Va\u0161e meno<br \/>\n<span class=\"wpcf7-form-control-wrap\" data-name=\"your-name\"><input size=\"40\" maxlength=\"400\" class=\"wpcf7-form-control wpcf7-text wpcf7-validates-as-required\" aria-required=\"true\" aria-invalid=\"false\" value=\"\" type=\"text\" name=\"your-name\" \/><\/span> <\/label>\n<\/p>\n<p><label> V\u00e1\u0161 email<br \/>\n<span class=\"wpcf7-form-control-wrap\" data-name=\"your-email\"><input size=\"40\" maxlength=\"400\" class=\"wpcf7-form-control wpcf7-email wpcf7-validates-as-required wpcf7-text wpcf7-validates-as-email\" aria-required=\"true\" aria-invalid=\"false\" value=\"\" type=\"email\" name=\"your-email\" \/><\/span> <\/label>\n<\/p>\n<p><label> Predmet<br \/>\n<span class=\"wpcf7-form-control-wrap\" data-name=\"your-subject\"><input size=\"40\" maxlength=\"400\" class=\"wpcf7-form-control wpcf7-text wpcf7-validates-as-required\" aria-required=\"true\" aria-invalid=\"false\" value=\"\" type=\"text\" name=\"your-subject\" \/><\/span> <\/label>\n<\/p>\n<p><label> Va\u0161a spr\u00e1va (volite\u013en\u00e9)<br \/>\n<span class=\"wpcf7-form-control-wrap\" data-name=\"your-message\"><textarea cols=\"40\" rows=\"10\" maxlength=\"2000\" class=\"wpcf7-form-control wpcf7-textarea\" aria-invalid=\"false\" name=\"your-message\"><\/textarea><\/span> <\/label>\n<\/p>\n<p><input class=\"wpcf7-form-control wpcf7-submit has-spinner\" type=\"submit\" value=\"Odosla\u0165\" \/>\n<\/p><div class=\"wpcf7-response-output\" aria-hidden=\"true\"><\/div>\n<\/form>\n<\/div>\n[\/vc_column][\/vc_row][vc_row row_height_percent=&#8220;0&#8243; override_padding=&#8220;yes&#8220; h_padding=&#8220;2&#8243; top_padding=&#8220;0&#8243; bottom_padding=&#8220;2&#8243; overlay_alpha=&#8220;50&#8243; gutter_size=&#8220;3&#8243; column_width_percent=&#8220;100&#8243; shift_y=&#8220;0&#8243; z_index=&#8220;0&#8243; medium_visibility=&#8220;yes&#8220; mobile_visibility=&#8220;yes&#8220; content_parallax=&#8220;0&#8243; uncode_shortcode_id=&#8220;177205&#8243;][vc_column width=&#8220;1\/2&#8243;][vc_single_image media=&#8220;157786&#8243; media_width_percent=&#8220;100&#8243; uncode_shortcode_id=&#8220;655425&#8243;][\/vc_column][vc_column width=&#8220;1\/2&#8243;][\/vc_column][\/vc_row][vc_row row_height_percent=&#8220;0&#8243; override_padding=&#8220;yes&#8220; h_padding=&#8220;2&#8243; top_padding=&#8220;0&#8243; bottom_padding=&#8220;2&#8243; overlay_alpha=&#8220;50&#8243; gutter_size=&#8220;3&#8243; column_width_percent=&#8220;100&#8243; shift_y=&#8220;0&#8243; z_index=&#8220;0&#8243; desktop_visibility=&#8220;yes&#8220; content_parallax=&#8220;0&#8243; uncode_shortcode_id=&#8220;154489&#8243;][vc_column width=&#8220;1\/2&#8243;][vc_single_image media=&#8220;157792&#8243; media_width_percent=&#8220;100&#8243; uncode_shortcode_id=&#8220;123188&#8243;][\/vc_column][vc_column width=&#8220;1\/2&#8243;][\/vc_column][\/vc_row]<\/p>\n<\/div>","protected":false},"excerpt":{"rendered":"<p>[vc_row][vc_column width=&#8220;1\/2&#8243;][vc_column_text] KONTAKT Ot\u00e1zky, podnety a pripomienky od na\u0161ich z\u00e1kazn\u00edkov s\u00fa na\u0161im palivom, ktor\u00e9 n\u00e1s \u017eenie vpred, preto n\u00e1s nev\u00e1hajte [&hellip;]<\/p>\n","protected":false},"author":1,"featured_media":0,"parent":0,"menu_order":0,"comment_status":"closed","ping_status":"closed","template":"","meta":{"footnotes":""},"class_list":["post-93481","page","type-page","status-publish","hentry"],"_links":{"self":[{"href":"https:\/\/nugosu.gg\/sk\/wp-json\/wp\/v2\/pages\/93481","targetHints":{"allow":["GET"]}}],"collection":[{"href":"https:\/\/nugosu.gg\/sk\/wp-json\/wp\/v2\/pages"}],"about":[{"href":"https:\/\/nugosu.gg\/sk\/wp-json\/wp\/v2\/types\/page"}],"author":[{"embeddable":true,"href":"https:\/\/nugosu.gg\/sk\/wp-json\/wp\/v2\/users\/1"}],"replies":[{"embeddable":true,"href":"https:\/\/nugosu.gg\/sk\/wp-json\/wp\/v2\/comments?post=93481"}],"version-history":[{"count":0,"href":"https:\/\/nugosu.gg\/sk\/wp-json\/wp\/v2\/pages\/93481\/revisions"}],"wp:attachment":[{"href":"https:\/\/nugosu.gg\/sk\/wp-json\/wp\/v2\/media?parent=93481"}],"curies":[{"name":"wp","href":"https:\/\/api.w.org\/{rel}","templated":true}]}}