{"id":92228,"date":"2014-12-11T17:50:51","date_gmt":"2014-12-11T16:50:51","guid":{"rendered":"https:\/\/nugosu.gg\/about-classic\/"},"modified":"2021-03-23T19:43:29","modified_gmt":"2021-03-23T18:43:29","slug":"o-nas","status":"publish","type":"page","link":"https:\/\/nugosu.gg\/sk\/o-nas\/","title":{"rendered":"About Us"},"content":{"rendered":"<div class=\"wpb-content-wrapper\"><p>[vc_row row_height_percent=&#8220;0&#8243; override_padding=&#8220;yes&#8220; h_padding=&#8220;2&#8243; top_padding=&#8220;5&#8243; bottom_padding=&#8220;4&#8243; overlay_alpha=&#8220;100&#8243; gutter_size=&#8220;100&#8243; column_width_percent=&#8220;100&#8243; shift_y=&#8220;0&#8243; z_index=&#8220;0&#8243; style=&#8220;inherited&#8220;][vc_column column_width_use_pixel=&#8220;yes&#8220; align_horizontal=&#8220;align_center&#8220; gutter_size=&#8220;4&#8243; font_family=&#8220;font-134980&#8243; overlay_alpha=&#8220;100&#8243; shift_x=&#8220;0&#8243; shift_y=&#8220;0&#8243; medium_width=&#8220;0&#8243; zoom_width=&#8220;0&#8243; zoom_height=&#8220;0&#8243; width=&#8220;1\/1&#8243;][vc_column_text text_lead=&#8220;yes&#8220;]<span class=\"font-175610\"><span style=\"font-weight: 400;\">Predstavujeme Ti zna\u010dku NUGOSU. Na\u0161e supplementy s\u00fa <\/span><b>vyvinut\u00e9 \u0161peci\u00e1lne pre hr\u00e1\u010dov<\/b><span style=\"font-weight: 400;\">, streamerov, tvorcov hier, \u0161portovcov v oblasti E-SPORTS a E-GAMES, ktor\u00ed sa chc\u00fa posun\u00fa\u0165 o\u00a0p\u00e1r levelov vy\u0161\u0161ie a\u00a0dosiahnu\u0165 a\u017e na samotn\u00fd vrchol. S nami si ,,hackne\u0161\u201d svoju myse\u013e, z\u00edska\u0161 v\u00e4\u010d\u0161iu kontrolu nad svojimi rozhodnutiami, em\u00f3ciami a <\/span><b>prevezme\u0161 kontrolu <\/b><span style=\"font-weight: 400;\">nad svojou hrou.\u00a0<\/span><\/span><\/p>\n<p><span class=\"font-175610\"><span style=\"font-weight: 400;\">S \u010dist\u00fdm svedom\u00edm si dovo\u013eujeme tvrdi\u0165, \u017ee ide o najkomplexnej\u0161ie produkty na trhu ur\u010den\u00e9 predov\u0161etk\u00fdm pre hr\u00e1\u010dov videohier. A\u017e <\/span><b>30 prec\u00edzne namie\u0161an\u00fdch \u00fa\u010dinn\u00fdch l\u00e1tok<\/b><span style=\"font-weight: 400;\"> vo forme aminokysel\u00edn, rastlinn\u00fdch v\u00fd\u0165a\u017ekov, vitam\u00ednov, miner\u00e1lov a kofe\u00ednu \u0165a napumpuj\u00fa energiou a podporia tvoj ment\u00e1lny v\u00fdkon. \u0160peci\u00e1lne navrhnut\u00e1 zmes <\/span><b>nootropick\u00fdch a adaptog\u00e9nnych <\/b><span style=\"font-weight: 400;\">l\u00e1tok stimuluje mozgov\u00fa \u010dinnos\u0165, posil\u0148uje schopnos\u0165 uva\u017eova\u0165, zlep\u0161uje pam\u00e4\u0165, zni\u017euje pocit \u00fanavy, pom\u00e1ha intenz\u00edvne sa s\u00fastredi\u0165, odol\u00e1va\u0165 stresu, eliminova\u0165 \u00fazkos\u0165 a podr\u00e1\u017edenie.<\/span><\/span>[\/vc_column_text][\/vc_column][\/vc_row][vc_row row_height_percent=&#8220;0&#8243; back_color=&#8220;color-uydo&#8220; overlay_alpha=&#8220;26&#8243; gutter_size=&#8220;3&#8243; column_width_percent=&#8220;100&#8243; shift_y=&#8220;0&#8243; z_index=&#8220;0&#8243;][vc_column width=&#8220;1\/1&#8243;][vc_single_image media=&#8220;92216&#8243; media_width_percent=&#8220;65&#8243; alignment=&#8220;center&#8220;][\/vc_column][\/vc_row][vc_row row_height_percent=&#8220;0&#8243; override_padding=&#8220;yes&#8220; h_padding=&#8220;2&#8243; top_padding=&#8220;4&#8243; bottom_padding=&#8220;3&#8243; overlay_alpha=&#8220;100&#8243; gutter_size=&#8220;100&#8243; column_width_percent=&#8220;100&#8243; shift_y=&#8220;0&#8243; z_index=&#8220;0&#8243; style=&#8220;inherited&#8220;][vc_column column_width_percent=&#8220;100&#8243; gutter_size=&#8220;3&#8243; overlay_alpha=&#8220;100&#8243; shift_x=&#8220;0&#8243; shift_y=&#8220;0&#8243; medium_width=&#8220;0&#8243; zoom_width=&#8220;0&#8243; zoom_height=&#8220;0&#8243; width=&#8220;1\/1&#8243;][vc_row_inner row_inner_height_percent=&#8220;0&#8243; overlay_alpha=&#8220;100&#8243; gutter_size=&#8220;3&#8243; shift_y=&#8220;0&#8243; limit_content=&#8220;&#8220;][vc_column_inner column_width_use_pixel=&#8220;yes&#8220; align_horizontal=&#8220;align_center&#8220; gutter_size=&#8220;3&#8243; font_family=&#8220;font-134980&#8243; overlay_alpha=&#8220;100&#8243; shift_x=&#8220;0&#8243; shift_y=&#8220;0&#8243; medium_width=&#8220;0&#8243; zoom_width=&#8220;0&#8243; zoom_height=&#8220;0&#8243; width=&#8220;1\/1&#8243; column_width_pixel=&#8220;700&#8243;][vc_column_text text_lead=&#8220;yes&#8220;]<span class=\"font-175610\"><b>Vyv\u00e1\u017een\u00fd a dlhotrvaj\u00faci pr\u00edsun energie<\/b><span style=\"font-weight: 400;\"> bez pocitu nervozity, slabosti a svrbenia je po\u010das gamingu na nezaplatenie, preto sme v na\u0161ich produktoch pou\u017eili pr\u00edrodn\u00e9 zdroje kofe\u00ednu, a to vo forme v\u00fd\u0165a\u017eku z <\/span><span style=\"font-weight: 400;\">kolov\u00e9ho orecha<\/span><span style=\"font-weight: 400;\"> a <\/span><span style=\"font-weight: 400;\">guarany<\/span><span style=\"font-weight: 400;\">.\u00a0<\/span><\/span><\/p>\n<p><span class=\"font-175610\"><span style=\"font-weight: 400;\">U n\u00e1s cukor alebo ak\u00e9ko\u013evek \u0161kodliv\u00e9 l\u00e1tky nen\u00e1jdete, jednoducho sme ich v zlo\u017een\u00ed striktne vynechali. Ka\u017ed\u00fd produkt od zna\u010dky NUGOSU je <\/span><b>VEGAN friendly<\/b><span style=\"font-weight: 400;\"> a ka\u017ed\u00e1 jeho pr\u00edchu\u0165 je v\u010faka najinovat\u00edvnej\u0161\u00edm technol\u00f3gi\u00e1m osvie\u017euj\u00faca, prirodzen\u00e1 a bez ak\u00fdchko\u013evek hork\u00fdch chut\u00ed.\u00a0<\/span><\/span><\/p>\n<p><span class=\"font-175610\"><span style=\"font-weight: 400;\">NUGOSU produkty <\/span><b>nie s\u00fa ur\u010den\u00e9 len pre gamerov<\/b><span style=\"font-weight: 400;\">, ale dodaj\u00fa ment\u00e1lnu a fyzick\u00fa energiu aj pri pr\u00e1ci, u\u010den\u00ed, \u0161of\u00e9rovan\u00ed a\u00a0fyzickej aktivite.<\/span><\/span><\/p>\n<p style=\"text-align: center;\"><span class=\"font-175610\" style=\"font-weight: 400;\">PRIPOJ SA K\u00a0NUGOSU a z\u00edskaj:<\/span><\/p>\n<p style=\"text-align: center;\"><span class=\"font-175610\"><strong>ENERGIA<br \/>\n<\/strong><strong>S\u00daSTREDENOS\u0164<br \/>\n<\/strong><strong>REAK\u010cN\u00dd \u010cAS<br \/>\n<\/strong><strong>HYDRAT\u00c1CIA<br \/>\n<\/strong><\/span><span class=\"font-175610\"><strong>V\u00ddKONNOS\u0164<br \/>\n<\/strong><strong>OCHRANA<br \/>\nZRAKU<\/strong><strong>PRESNOS\u0164<br \/>\n<\/strong><strong>PAM\u00c4\u0164<br \/>\n<\/strong><strong>ZVL\u00c1DANIE STRESU<br \/>\n<\/strong><strong>EMO\u010cN\u00c1 STABILITA<\/strong><\/span><\/p>\n<p>[\/vc_column_text][\/vc_column_inner][\/vc_row_inner][\/vc_column][\/vc_row][vc_row row_height_percent=&#8220;0&#8243; override_padding=&#8220;yes&#8220; h_padding=&#8220;2&#8243; top_padding=&#8220;4&#8243; bottom_padding=&#8220;4&#8243; overlay_alpha=&#8220;50&#8243; gutter_size=&#8220;3&#8243; column_width_percent=&#8220;100&#8243; shift_y=&#8220;0&#8243; z_index=&#8220;0&#8243;][vc_column column_width_percent=&#8220;100&#8243; align_horizontal=&#8220;align_center&#8220; gutter_size=&#8220;3&#8243; overlay_alpha=&#8220;50&#8243; shift_x=&#8220;0&#8243; shift_y=&#8220;0&#8243; shift_y_down=&#8220;0&#8243; z_index=&#8220;0&#8243; medium_width=&#8220;0&#8243; mobile_width=&#8220;0&#8243; width=&#8220;1\/1&#8243;][vc_button button_color=&#8220;color-147341&#8243; size=&#8220;btn-xl&#8220; radius=&#8220;btn-circle&#8220; border_width=&#8220;0&#8243; link=&#8220;url:https%3A%2F%2Fnugosu.gg%2Fsk%2Fshop-main%2F|title:Shop%20Main&#8220;]SHOP NOW[\/vc_button][\/vc_column][\/vc_row]<\/p>\n<\/div>","protected":false},"excerpt":{"rendered":"<p>[vc_row row_height_percent=&#8220;0&#8243; override_padding=&#8220;yes&#8220; h_padding=&#8220;2&#8243; top_padding=&#8220;5&#8243; bottom_padding=&#8220;4&#8243; overlay_alpha=&#8220;100&#8243; gutter_size=&#8220;100&#8243; column_width_percent=&#8220;100&#8243; shift_y=&#8220;0&#8243; z_index=&#8220;0&#8243; style=&#8220;inherited&#8220;][vc_column column_width_use_pixel=&#8220;yes&#8220; align_horizontal=&#8220;align_center&#8220; gutter_size=&#8220;4&#8243; font_family=&#8220;font-134980&#8243; overlay_alpha=&#8220;100&#8243; shift_x=&#8220;0&#8243; shift_y=&#8220;0&#8243; medium_width=&#8220;0&#8243; [&hellip;]<\/p>\n","protected":false},"author":1,"featured_media":0,"parent":0,"menu_order":0,"comment_status":"open","ping_status":"closed","template":"","meta":{"footnotes":""},"class_list":["post-92228","page","type-page","status-publish","hentry"],"_links":{"self":[{"href":"https:\/\/nugosu.gg\/sk\/wp-json\/wp\/v2\/pages\/92228","targetHints":{"allow":["GET"]}}],"collection":[{"href":"https:\/\/nugosu.gg\/sk\/wp-json\/wp\/v2\/pages"}],"about":[{"href":"https:\/\/nugosu.gg\/sk\/wp-json\/wp\/v2\/types\/page"}],"author":[{"embeddable":true,"href":"https:\/\/nugosu.gg\/sk\/wp-json\/wp\/v2\/users\/1"}],"replies":[{"embeddable":true,"href":"https:\/\/nugosu.gg\/sk\/wp-json\/wp\/v2\/comments?post=92228"}],"version-history":[{"count":0,"href":"https:\/\/nugosu.gg\/sk\/wp-json\/wp\/v2\/pages\/92228\/revisions"}],"wp:attachment":[{"href":"https:\/\/nugosu.gg\/sk\/wp-json\/wp\/v2\/media?parent=92228"}],"curies":[{"name":"wp","href":"https:\/\/api.w.org\/{rel}","templated":true}]}}