{"id":155546,"date":"2024-10-09T13:05:00","date_gmt":"2024-10-09T11:05:00","guid":{"rendered":"https:\/\/nugosu.gg\/product\/nugosu-hoodie-icon\/"},"modified":"2025-08-27T11:48:39","modified_gmt":"2025-08-27T09:48:39","slug":"nugosu-hoodie-icon","status":"publish","type":"product","link":"https:\/\/nugosu.gg\/ro\/produs\/nugosu-hoodie-icon\/","title":{"rendered":"NUGOSU Hoodie ICON"},"content":{"rendered":"<p><strong>Hanoracul ICON de la NUGOSU este o noutate conceput\u0103 pentru gameri. Hanoracul stilat este disponibil \u00een trei variante de culoare: negru, albastru \u0219i grafit. Este confec\u021bionat dintr-o combina\u021bie de 65% bumbac \u0219i 35% poliester, ceea ce garanteaz\u0103 confort \u0219i durabilitate. Concept cu aten\u021bie pentru comunitatea de gaming, hanoracul \u00eembin\u0103 perfect confortul \u0219i stilul, ajut\u00e2nd s\u0103 te remarci at\u00e2t \u00een sesiunile de joc, c\u00e2t \u0219i \u00een timpul liber.<\/strong><\/p>\n<p>Designul s\u0103u simplu \u0219i minimalist \u00eel face ideal pentru purtarea de zi cu zi.<\/p>\n","protected":false},"excerpt":{"rendered":"<p>Hanoracul ICON de la NUGOSU este o noutate conceput\u0103 pentru gameri. Hanoracul stilat este disponibil \u00een trei variante de culoare: [&hellip;]<\/p>\n","protected":false},"featured_media":163520,"comment_status":"open","ping_status":"closed","template":"","meta":[],"product_brand":[],"product_cat":[1201,1259],"product_tag":[1217,1216,1202],"class_list":{"0":"post-155546","1":"product","2":"type-product","3":"status-publish","4":"has-post-thumbnail","6":"product_cat-clothing-ro","7":"product_cat-hoodie-ro","8":"product_tag-clothing-ro","9":"product_tag-hoodie-ro","10":"product_tag-nugosu-ro","12":"first","13":"instock","14":"sale","15":"taxable","16":"shipping-taxable","17":"purchasable","18":"product-type-variable"},"composite_virtual":false,"composite_layout":"","composite_add_to_cart_form_location":"","composite_editable_in_cart":false,"composite_sold_individually_context":"","composite_shop_price_calc":"","composite_components":[],"composite_scenarios":[],"_links":{"self":[{"href":"https:\/\/nugosu.gg\/ro\/wp-json\/wp\/v2\/product\/155546","targetHints":{"allow":["GET"]}}],"collection":[{"href":"https:\/\/nugosu.gg\/ro\/wp-json\/wp\/v2\/product"}],"about":[{"href":"https:\/\/nugosu.gg\/ro\/wp-json\/wp\/v2\/types\/product"}],"replies":[{"embeddable":true,"href":"https:\/\/nugosu.gg\/ro\/wp-json\/wp\/v2\/comments?post=155546"}],"wp:featuredmedia":[{"embeddable":true,"href":"https:\/\/nugosu.gg\/ro\/wp-json\/wp\/v2\/media\/163520"}],"wp:attachment":[{"href":"https:\/\/nugosu.gg\/ro\/wp-json\/wp\/v2\/media?parent=155546"}],"wp:term":[{"taxonomy":"product_brand","embeddable":true,"href":"https:\/\/nugosu.gg\/ro\/wp-json\/wp\/v2\/product_brand?post=155546"},{"taxonomy":"product_cat","embeddable":true,"href":"https:\/\/nugosu.gg\/ro\/wp-json\/wp\/v2\/product_cat?post=155546"},{"taxonomy":"product_tag","embeddable":true,"href":"https:\/\/nugosu.gg\/ro\/wp-json\/wp\/v2\/product_tag?post=155546"}],"curies":[{"name":"wp","href":"https:\/\/api.w.org\/{rel}","templated":true}]}}