{"id":151395,"date":"2024-07-27T16:11:24","date_gmt":"2024-07-27T14:11:24","guid":{"rendered":"https:\/\/nugosu.gg\/product\/samurai-bundle\/"},"modified":"2025-06-25T14:45:12","modified_gmt":"2025-06-25T12:45:12","slug":"samurai-bundle","status":"publish","type":"product","link":"https:\/\/nugosu.gg\/ro\/produs\/samurai-bundle\/","title":{"rendered":"Samurai Bundle"},"content":{"rendered":"","protected":false},"excerpt":{"rendered":"<p style=\"text-align: left;\">Descoper\u0103 pachetul suprem pentru iubitorii culturii japoneze \u0219i ai lumii lor de jocuri! \ud83d\uddfb SAMURAI BUNDLE de la NUGOSU ofer\u0103 o experien\u021b\u0103 excep\u021bional\u0103 pentru juc\u0103tori de toate nivelurile \u0219i \u00eel po\u021bi personaliza conform preferin\u021belor tale.<\/p>\n<p style=\"text-align: left;\"><strong>Ce con\u021bine SAMURAI BUNDLE?<\/strong><br \/>\nSupliment nutritiv:<br \/>\nAlege \u00eentre dou\u0103 produse: SCORE sau UNLIMITED, care ofer\u0103 func\u021bii \u0219i beneficii speciale pentru experien\u021ba ta de joc. \ud83d\udcaa<br \/>\nOp\u021biuni de culoare pentru shakerul SAMURAI:<br \/>\nAlege dintre dou\u0103 op\u021biuni de culoare pentru shakerul stilat SAMURAI, perfect pentru b\u0103uturile tale preferate \u00een timpul jocului. \ud83e\udd64<br \/>\nTricou Samurai:<br \/>\nUn tricou Samurai confortabil \u0219i stilat care \u00ee\u021bi ofer\u0103 un aspect autentic \u0219i confort \u00een timpul fiec\u0103rei sesiuni de joc. \ud83d\udc55<br \/>\nSticker SAMURAI:<br \/>\nUn sticker exclusiv SAMURAI pe care \u00eel po\u021bi folosi pentru a decora echipamentul t\u0103u de joc sau alte obiecte personale. \ud83c\udfae<\/p>\n<p style=\"text-align: left;\"><strong>De ce s\u0103 alegi SAMURAI BUNDLE?<\/strong><br \/>\nCon\u021binut personalizat: Personalizeaz\u0103 pachetul conform preferin\u021belor \u0219i nevoilor tale.<br \/>\nCalitate superioar\u0103: Toate produsele din pachet sunt fabricate din materiale de \u00eenalt\u0103 calitate, asigur\u00e2nd durabilitate \u0219i confort de lung\u0103 durat\u0103.<br \/>\nCadou grozav: Cadoul ideal pentru fiecare juc\u0103tor \u0219i iubitor de samurai \u0219i cultur\u0103 japonez\u0103. \ud83c\udf81<\/p>\n<p style=\"text-align: left;\">L\u0103sa-te absorbit \u00een lumea samurailor cu SAMURAI BUNDLE-ul nostru \u0219i tr\u0103ie\u0219te aventuri de joc de neuitat! \ud83e\udd77<\/p>\n","protected":false},"featured_media":163336,"comment_status":"open","ping_status":"closed","template":"","meta":[],"product_brand":[],"product_cat":[1826],"product_tag":[],"class_list":{"0":"post-151395","1":"product","2":"type-product","3":"status-publish","4":"has-post-thumbnail","6":"product_cat-bundles-ro","8":"first","9":"instock","10":"virtual","11":"taxable","12":"purchasable","13":"product-type-composite"},"composite_virtual":false,"composite_layout":"progressive","composite_add_to_cart_form_location":"default","composite_editable_in_cart":false,"composite_sold_individually_context":"product","composite_shop_price_calc":"hidden","composite_components":[{"id":"1722094825","title":"ALEGE \u2013 SCORE sau UNLIMITED","description":"","query_type":"category_ids","query_ids":[1195,1731],"default_option_id":"","thumbnail_id":"","thumbnail_src":"","quantity_min":1,"quantity_max":1,"priced_individually":false,"shipped_individually":true,"optional":false,"discount":"","options_style":"dropdowns","pagination_style":"classic","display_prices":"absolute","show_sorting_options":false,"show_filtering_options":false,"attribute_filter_ids":[],"select_action":"view","product_title_visible":true,"product_descr_visible":false,"product_price_visible":false,"product_thumb_visible":true,"subtotal_visible_product":true,"subtotal_visible_cart":true,"subtotal_visible_orders":true},{"id":"1722094826","title":"ALEGE - SHAKER","description":"","query_type":"product_ids","query_ids":[146577,146543],"default_option_id":"","thumbnail_id":"","thumbnail_src":"","quantity_min":1,"quantity_max":1,"priced_individually":false,"shipped_individually":true,"optional":false,"discount":"","options_style":"dropdowns","pagination_style":"classic","display_prices":"absolute","show_sorting_options":false,"show_filtering_options":false,"attribute_filter_ids":[],"select_action":"view","product_title_visible":true,"product_descr_visible":false,"product_price_visible":false,"product_thumb_visible":true,"subtotal_visible_product":true,"subtotal_visible_cart":true,"subtotal_visible_orders":true},{"id":"1722094827","title":"ALEGE - TRICOUL","description":"","query_type":"product_ids","query_ids":[146985],"default_option_id":146985,"thumbnail_id":"","thumbnail_src":"","quantity_min":1,"quantity_max":1,"priced_individually":false,"shipped_individually":true,"optional":false,"discount":"","options_style":"dropdowns","pagination_style":"classic","display_prices":"absolute","show_sorting_options":false,"show_filtering_options":false,"attribute_filter_ids":[],"select_action":"view","product_title_visible":true,"product_descr_visible":false,"product_price_visible":false,"product_thumb_visible":true,"subtotal_visible_product":true,"subtotal_visible_cart":true,"subtotal_visible_orders":true}],"composite_scenarios":[],"_links":{"self":[{"href":"https:\/\/nugosu.gg\/ro\/wp-json\/wp\/v2\/product\/151395","targetHints":{"allow":["GET"]}}],"collection":[{"href":"https:\/\/nugosu.gg\/ro\/wp-json\/wp\/v2\/product"}],"about":[{"href":"https:\/\/nugosu.gg\/ro\/wp-json\/wp\/v2\/types\/product"}],"replies":[{"embeddable":true,"href":"https:\/\/nugosu.gg\/ro\/wp-json\/wp\/v2\/comments?post=151395"}],"wp:featuredmedia":[{"embeddable":true,"href":"https:\/\/nugosu.gg\/ro\/wp-json\/wp\/v2\/media\/163336"}],"wp:attachment":[{"href":"https:\/\/nugosu.gg\/ro\/wp-json\/wp\/v2\/media?parent=151395"}],"wp:term":[{"taxonomy":"product_brand","embeddable":true,"href":"https:\/\/nugosu.gg\/ro\/wp-json\/wp\/v2\/product_brand?post=151395"},{"taxonomy":"product_cat","embeddable":true,"href":"https:\/\/nugosu.gg\/ro\/wp-json\/wp\/v2\/product_cat?post=151395"},{"taxonomy":"product_tag","embeddable":true,"href":"https:\/\/nugosu.gg\/ro\/wp-json\/wp\/v2\/product_tag?post=151395"}],"curies":[{"name":"wp","href":"https:\/\/api.w.org\/{rel}","templated":true}]}}