{"id":145714,"date":"2024-06-06T11:08:00","date_gmt":"2024-06-06T09:08:00","guid":{"rendered":"https:\/\/nugosu.gg\/?post_type=product&#038;p=145714"},"modified":"2025-10-13T18:56:11","modified_gmt":"2025-10-13T16:56:11","slug":"shaker-yocrew-x-nugosu","status":"publish","type":"product","link":"https:\/\/nugosu.gg\/ro\/produs\/shaker-yocrew-x-nugosu\/","title":{"rendered":"SHAKER YoCrew x NUGOSU"},"content":{"rendered":"<p>Cu ocazia anivers\u0103rii colabor\u0103rii noastre cu organiza\u021bia de e-sport YoCrew, prezent\u0103m o edi\u021bie limitat\u0103 unic\u0103 a shakerului NUGOSU x YoCrew, pentru to\u021bi juc\u0103torii care \u00ee\u0219i utilizeaz\u0103 energia la maximum, fie \u00een timpul jocului, fie \u00een activit\u0103\u021bile zilnice.<\/p>\n","protected":false},"excerpt":{"rendered":"<ul>\n<li><span class=\"font-762333\" style=\"font-weight: 400;\">Edi\u021bie limitat\u0103: YoCrew x NUGOSU<\/span><\/li>\n<li><span class=\"font-762333\" style=\"font-weight: 400;\">Volum 500 ml<\/span><\/li>\n<li><span class=\"font-762333\" style=\"font-weight: 400;\">Logo-uri\u00a0YoCrew x NUGOSU pe dou\u0103 p\u0103r\u021bi ale shakerului<\/span><\/li>\n<li><span class=\"font-762333\" style=\"font-weight: 400;\">Logo-ul YoCrew \u00een partea superioar\u0103<\/span><\/li>\n<li><span class=\"font-762333\" style=\"font-weight: 400;\">Sit\u0103 intern\u0103 pentru amestecare<\/span><\/li>\n<li><span class=\"font-762333\" style=\"font-weight: 400;\">Se etan\u0219eaz\u0103 perfect, nu sunt scurgeri de lichid<\/span><\/li>\n<li><span class=\"font-762333\" style=\"font-weight: 400;\">Nu con\u021bine materiale plastice toxice, BPA \u0219i DEHP<\/span><\/li>\n<li><span class=\"font-762333\" style=\"font-weight: 400;\">Fabricat \u00een UE<\/span><\/li>\n<\/ul>\n<p><img decoding=\"async\" class=\"alignnone wp-image-91260\" src=\"https:\/\/nugosu.gg\/wp-content\/uploads\/2021\/03\/Vrstva-1-1.png\" alt=\"\" width=\"317\" height=\"92\" srcset=\"https:\/\/nugosu.gg\/wp-content\/uploads\/2021\/03\/Vrstva-1-1.png 820w, https:\/\/nugosu.gg\/wp-content\/uploads\/2021\/03\/Vrstva-1-1-300x87.png 300w, https:\/\/nugosu.gg\/wp-content\/uploads\/2021\/03\/Vrstva-1-1-768x223.png 768w, https:\/\/nugosu.gg\/wp-content\/uploads\/2021\/03\/Vrstva-1-1-350x102.png 350w, https:\/\/nugosu.gg\/wp-content\/uploads\/2021\/03\/Vrstva-1-1-60x17.png 60w, https:\/\/nugosu.gg\/wp-content\/uploads\/2021\/03\/Vrstva-1-1-110x32.png 110w, https:\/\/nugosu.gg\/wp-content\/uploads\/2021\/03\/Vrstva-1-1-600x174.png 600w\" sizes=\"(max-width: 317px) 100vw, 317px\" \/><\/p>\n","protected":false},"featured_media":163440,"comment_status":"open","ping_status":"closed","template":"","meta":[],"product_brand":[],"product_cat":[1225],"product_tag":[1226],"class_list":{"0":"post-145714","1":"product","2":"type-product","3":"status-publish","4":"has-post-thumbnail","6":"product_cat-accessories-ro","7":"product_tag-shaker-ro","9":"first","10":"instock","11":"taxable","12":"shipping-taxable","13":"purchasable","14":"product-type-simple"},"composite_virtual":false,"composite_layout":"","composite_add_to_cart_form_location":"","composite_editable_in_cart":false,"composite_sold_individually_context":"","composite_shop_price_calc":"","composite_components":[],"composite_scenarios":[],"_links":{"self":[{"href":"https:\/\/nugosu.gg\/ro\/wp-json\/wp\/v2\/product\/145714","targetHints":{"allow":["GET"]}}],"collection":[{"href":"https:\/\/nugosu.gg\/ro\/wp-json\/wp\/v2\/product"}],"about":[{"href":"https:\/\/nugosu.gg\/ro\/wp-json\/wp\/v2\/types\/product"}],"replies":[{"embeddable":true,"href":"https:\/\/nugosu.gg\/ro\/wp-json\/wp\/v2\/comments?post=145714"}],"wp:featuredmedia":[{"embeddable":true,"href":"https:\/\/nugosu.gg\/ro\/wp-json\/wp\/v2\/media\/163440"}],"wp:attachment":[{"href":"https:\/\/nugosu.gg\/ro\/wp-json\/wp\/v2\/media?parent=145714"}],"wp:term":[{"taxonomy":"product_brand","embeddable":true,"href":"https:\/\/nugosu.gg\/ro\/wp-json\/wp\/v2\/product_brand?post=145714"},{"taxonomy":"product_cat","embeddable":true,"href":"https:\/\/nugosu.gg\/ro\/wp-json\/wp\/v2\/product_cat?post=145714"},{"taxonomy":"product_tag","embeddable":true,"href":"https:\/\/nugosu.gg\/ro\/wp-json\/wp\/v2\/product_tag?post=145714"}],"curies":[{"name":"wp","href":"https:\/\/api.w.org\/{rel}","templated":true}]}}