{"id":119794,"date":"2024-01-13T18:04:11","date_gmt":"2024-01-13T17:04:11","guid":{"rendered":"https:\/\/nugosu.gg\/product\/t-shirt-nugosu-helmet-black\/"},"modified":"2026-01-12T14:43:41","modified_gmt":"2026-01-12T13:43:41","slug":"t-shirt-nugosu-helmet-black","status":"publish","type":"product","link":"https:\/\/nugosu.gg\/ro\/produs\/t-shirt-nugosu-helmet-black\/","title":{"rendered":"T \u2013 SHIRT NUGOSU HELMET BLACK"},"content":{"rendered":"<p>Cu un amestec de bumbac premium, o potrivire incredibil de confortabil\u0103 \u0219i un design modern, tricoul nostru NUGOSU este tricoul preferat al oric\u0103rui campion de jocuri!<\/p>\n","protected":false},"excerpt":{"rendered":"<h2 style=\"font-weight: 500;\">Cum s\u0103 \u00eengriji\u021bi tricoul?<\/h2>\n<p><strong><img decoding=\"async\" src=\"data:image\/gif;base64,R0lGODlhMgAjALMAAAAAABAQECEhITExMVJSUnNzc5ycnL29vc7Ozt7e3u\/v7\/\/\/\/\/\/\/\/\/\/\/\/\/\/\/\/\/\/\/\/ywAAAAAMgAjAEAE\/nDJSau9OGt5AkEDMIzBgExGIBhHUSaSYgjlQBeIMCibZACFTGJ0WBgGBN4BCaMMBc3epAAwOAsj3CRhIAy0lUGgKC2bzxYRGo0A9g7u9Uahi\/ZcVsxyVyAEF3t2CmJ2Zj8AiImKi4yLhXKQkQtiZAsKCTwXLX6PlgmYEwRVc6IASRMKLokBBZkLIIoDlYAhAXkbQwEnFCBIXgQwqb4juxVUf1KDUBdYfjxYf72FKa1nOQKuRx\/Crb0H3BUpBHI5A5ITpq5rAezt7u\/w8Oc96vP29\/jzdAOdGfUb1DbgWZCAQAAAAj5QSHUQkawKSw6uUDAoQL8JOUqYwsRwgAEEkzPGxBBF4AACFwIQUOygcdwdIPUUHCBA81uFBH38FNtCY1YGBC8qyPTypRhOLwV8ToDjkp5Bn11aDfH4ipiwW6iemgF6ykKXLxKgcRhhoUPXMlotUES6QCytHRVEKd1glsIBFmN3aFOCBGKJNRWN\/vpVRBhNJsZsyYFT7VyJf8lCNJpMGRHWfJg3AIjXsDKjzJkjAAA7\" alt=\"\" \/><img decoding=\"async\" src=\"data:image\/gif;base64,R0lGODlhMgAjALMAAAAAABAQECEhITExMVJSUnNzc5ycnL29vc7Ozt7e3u\/v7\/\/\/\/\/\/\/\/\/\/\/\/\/\/\/\/\/\/\/\/ywAAAAAMgAjAEAE\/nDJSau9OOuJSACDoVhGMIwFQIyVYghAUCRbrQyBsbgwAAiiQ0CAqBkTL5\/gYGwRfCBRc0qtWheIT+F6PXiGgAJrUhIMfAQm94LADWAhGiVRgA1za0WxNJCvUwQ7RWsZCWqEFy8EgxlCA09iG14Bh010MAIzEgYqY5wnEggFHyFjiBJPSlIKdUqVp3NnBy5nAQQGqQMHBwKUsBIKQjFpNgdnIK9NoyAeAqZUCk+3tTrKAdfY2drb3L0rv+Dh4oQFoOLBzxfRSn4awUYuH0DtsQAGvESFy0tTwTi2lW74WpBAAL8J\/q7pSjclgYcoCHpVSoBjVhIZ9BDxQMNIAi8fX6XGeTRhAAeIcsMgidwEgsalGD8MJGClQiQgXKQOlUzZKVwKH7Y6VpgEkmGVDqSkNIkmT1MVY1DscRFiYlgyDMYKtMGzJssSUQOEaqAIQKyVLAOpRF3Ltq1bH0ZXWokAADs=\" alt=\"\" \/><img decoding=\"async\" src=\"data:image\/gif;base64,R0lGODlhMgAjALMAAAAAAAgICBAQEBgYGCEhIS0tLVdXV6enp729vcbGxs7Ozt7e3ufn5+\/v7\/f39\/\/\/\/ywAAAAAMgAjAEAE\/vDJSau9OOsKAEVFVxgK5SDGIC5TIWxZBxRN1ig1pgjAC1+dh2HG+k0Qg8DBZbTIntCoFNrkTK\/YYHXScYRo20Vo6ds+OgHwpWEgGHKWXaC81UrEHUHhsHA8bksBAAFvLXRmiIkxHhUOCgYFgk96BwwWTIhaBzwFRRsgMwgPmGYdQwV+ZgyRc4kyBxhsPQCwGCEBrrQzcFUKAwK\/uRKgBaIbDptEo4dNdhQNKC4Cc3okqRTBitrb3N0UWeBSwrEIB5AGBwjXFdmljBMKBSoAAyPmLiIGnsvjDwcqxSxhWLAklARSdTwg4GFA4I94M1YxM9JhhwBjWw7MkJfrF0YzVhp75AJgIAOeQmtujSyJwYCAlx+fqcw0Q4kNXhaGtKK5IEmtLacQVgmCp0AJIwVpCG32DuIAA+rWgBCk7+DEH84eMAjUoV4BfD32rFtKMZzZrN7SSogAADs=\" alt=\"\" \/><img decoding=\"async\" src=\"data:image\/gif;base64,R0lGODlhMgAjALMAAAAAABAQECEhITExMVJSUnNzc5ycnL29vc7Ozt7e3u\/v7\/\/\/\/\/\/\/\/\/\/\/\/\/\/\/\/\/\/\/\/ywAAAAAMgAjAEAEz3DJSau9OOtcgBhgKI5gICBbqqrKEBzrdARDkhYBMKBbRyixoHBILKpmAuDQACAYDYGCsYJUphCArHbL7Xq\/0ql4TB5Df8LZwFpUFAg8YidMZH7vdxMseGZfoDo2GlBrKgkuZRYEUYmNjo+QkZKTZQmLAZiZmpuZTpUucSyLBmQtAHtBLS9jBAB0QggCAYKUGmp+QXi6Xp6wLq9FB4vAKQkCAqgYCgcFtMqtyRuqpBqmmNQZhwGhGQqt2NUGBdwYCSbkFge767oCte\/w8RYRAAA7\" alt=\"\" \/><\/strong><\/p>\n<p><span style=\"font-weight: 400;\">Sp\u0103la\u021bi tricoul pe dos la 30\u00baC, iar dac\u0103 dori\u021bi s\u0103 \u00eel c\u0103lca\u021bi, seta\u021bi temperatura la moderat\u0103 \u0219i nu c\u0103lca\u021bi pe dos sau peste imprimeu. Usca\u021bi-l la usc\u0103tor doar dac\u0103 dori\u021bi s\u0103 \u00eel mic\u0219ora\u021bi, altfel nu v\u0103 recomand\u0103m acest lucru, deoarece se poate mic\u0219ora<\/span>.<\/p>\n<p><strong>Material<\/strong>: 100% bumbac<\/p>\n","protected":false},"featured_media":163544,"comment_status":"open","ping_status":"closed","template":"","meta":[],"product_brand":[],"product_cat":[1201],"product_tag":[1202,1272,1203,1204,1205],"class_list":{"0":"post-119794","1":"product","2":"type-product","3":"status-publish","4":"has-post-thumbnail","6":"product_cat-clothing-ro","7":"product_tag-nugosu-ro","8":"product_tag-sale_merch-ro","9":"product_tag-t-shirt-ro","10":"product_tag-upsell_cap_en-ro","11":"product_tag-upsell_hoodie_en-ro","13":"first","14":"instock","15":"taxable","16":"shipping-taxable","17":"purchasable","18":"product-type-variable","19":"has-default-attributes"},"composite_virtual":false,"composite_layout":"","composite_add_to_cart_form_location":"","composite_editable_in_cart":false,"composite_sold_individually_context":"","composite_shop_price_calc":"","composite_components":[],"composite_scenarios":[],"_links":{"self":[{"href":"https:\/\/nugosu.gg\/ro\/wp-json\/wp\/v2\/product\/119794","targetHints":{"allow":["GET"]}}],"collection":[{"href":"https:\/\/nugosu.gg\/ro\/wp-json\/wp\/v2\/product"}],"about":[{"href":"https:\/\/nugosu.gg\/ro\/wp-json\/wp\/v2\/types\/product"}],"replies":[{"embeddable":true,"href":"https:\/\/nugosu.gg\/ro\/wp-json\/wp\/v2\/comments?post=119794"}],"wp:featuredmedia":[{"embeddable":true,"href":"https:\/\/nugosu.gg\/ro\/wp-json\/wp\/v2\/media\/163544"}],"wp:attachment":[{"href":"https:\/\/nugosu.gg\/ro\/wp-json\/wp\/v2\/media?parent=119794"}],"wp:term":[{"taxonomy":"product_brand","embeddable":true,"href":"https:\/\/nugosu.gg\/ro\/wp-json\/wp\/v2\/product_brand?post=119794"},{"taxonomy":"product_cat","embeddable":true,"href":"https:\/\/nugosu.gg\/ro\/wp-json\/wp\/v2\/product_cat?post=119794"},{"taxonomy":"product_tag","embeddable":true,"href":"https:\/\/nugosu.gg\/ro\/wp-json\/wp\/v2\/product_tag?post=119794"}],"curies":[{"name":"wp","href":"https:\/\/api.w.org\/{rel}","templated":true}]}}