{"id":119785,"date":"2024-02-07T10:10:11","date_gmt":"2024-02-07T09:10:11","guid":{"rendered":"https:\/\/nugosu.gg\/product\/nugosu-snapback-cap-black\/"},"modified":"2025-08-27T11:59:47","modified_gmt":"2025-08-27T09:59:47","slug":"nugosu-snapback-cap-black","status":"publish","type":"product","link":"https:\/\/nugosu.gg\/ro\/produs\/nugosu-snapback-cap-black\/","title":{"rendered":"NUGOSU Snapback Cap BLACK"},"content":{"rendered":"<p><span style=\"font-weight: 400;\">\u0218apca NUGOSU Snapback Black Cap este un accesoriu elegant \u0219i practic pentru garderoba dvs.. Designul const\u0103 din cus\u0103turi de \u00eenalt\u0103 calitate \u0219i &#8222;marca&#8221; NUGOSU brodat\u0103 \u00een fa\u021b\u0103. Fi\u021bi diferit \u0219i ar\u0103ta\u021bi celor din jur c\u0103 sunte\u021bi un adev\u0103rat GAMER<\/span>!<\/p>\n","protected":false},"excerpt":{"rendered":"<h2 style=\"font-weight: 500;\">Cum se \u00eengrije\u0219te \u0219apca NUGOSU Snapback Cap?<\/h2>\n<p style=\"text-align: left;\"><strong><a href=\"https:\/\/nugosu.gg\/wp-content\/uploads\/2021\/09\/\u2014Pngtree\u2014sponge-icon-design-template-vector_4092027-1.svg\"><img decoding=\"async\" class=\"alignnone wp-image-96165\" src=\"https:\/\/nugosu.gg\/wp-content\/uploads\/2021\/09\/\u2014Pngtree\u2014sponge-icon-design-template-vector_4092027-1.svg\" alt=\"\" width=\"48\" height=\"48\" \/><\/a>CUR\u0102\u021aA\u021aI CU UN BURETE UMED !<\/strong><\/p>\n<p><img decoding=\"async\" class=\"alignnone wp-image-96169\" src=\"https:\/\/nugosu.gg\/wp-content\/uploads\/2021\/09\/Laundry_icons.svg\" alt=\"\" width=\"273\" height=\"54\" \/><\/p>\n<p>Material: 100% <span style=\"font-weight: 400;\">bumbac<\/span><\/p>\n","protected":false},"featured_media":163568,"comment_status":"open","ping_status":"closed","template":"","meta":[],"product_brand":[],"product_cat":[1201],"product_tag":[1202,1248,1205,1218],"class_list":{"0":"post-119785","1":"product","2":"type-product","3":"status-publish","4":"has-post-thumbnail","6":"product_cat-clothing-ro","7":"product_tag-nugosu-ro","8":"product_tag-snapback-cap-ro","9":"product_tag-upsell_hoodie_en-ro","10":"product_tag-upsell_t-shirt_en-ro","12":"first","13":"instock","14":"taxable","15":"shipping-taxable","16":"purchasable","17":"product-type-simple"},"composite_virtual":false,"composite_layout":"","composite_add_to_cart_form_location":"","composite_editable_in_cart":false,"composite_sold_individually_context":"","composite_shop_price_calc":"","composite_components":[],"composite_scenarios":[],"_links":{"self":[{"href":"https:\/\/nugosu.gg\/ro\/wp-json\/wp\/v2\/product\/119785","targetHints":{"allow":["GET"]}}],"collection":[{"href":"https:\/\/nugosu.gg\/ro\/wp-json\/wp\/v2\/product"}],"about":[{"href":"https:\/\/nugosu.gg\/ro\/wp-json\/wp\/v2\/types\/product"}],"replies":[{"embeddable":true,"href":"https:\/\/nugosu.gg\/ro\/wp-json\/wp\/v2\/comments?post=119785"}],"wp:featuredmedia":[{"embeddable":true,"href":"https:\/\/nugosu.gg\/ro\/wp-json\/wp\/v2\/media\/163568"}],"wp:attachment":[{"href":"https:\/\/nugosu.gg\/ro\/wp-json\/wp\/v2\/media?parent=119785"}],"wp:term":[{"taxonomy":"product_brand","embeddable":true,"href":"https:\/\/nugosu.gg\/ro\/wp-json\/wp\/v2\/product_brand?post=119785"},{"taxonomy":"product_cat","embeddable":true,"href":"https:\/\/nugosu.gg\/ro\/wp-json\/wp\/v2\/product_cat?post=119785"},{"taxonomy":"product_tag","embeddable":true,"href":"https:\/\/nugosu.gg\/ro\/wp-json\/wp\/v2\/product_tag?post=119785"}],"curies":[{"name":"wp","href":"https:\/\/api.w.org\/{rel}","templated":true}]}}