{"id":119753,"date":"2021-12-15T22:15:34","date_gmt":"2021-12-15T21:15:34","guid":{"rendered":"https:\/\/nugosu.gg\/product\/gift-cards\/"},"modified":"2023-06-06T19:12:29","modified_gmt":"2023-06-06T17:12:29","slug":"gift-cards","status":"publish","type":"product","link":"https:\/\/nugosu.gg\/ro\/produs\/gift-cards\/","title":{"rendered":"Gift Cards"},"content":{"rendered":"<p><span style=\"font-weight: 400;\">Un voucher cadou pentru o achizi\u021bie de o anumit\u0103 valoare la NUGOS este cadoul ideal pentru pasiona\u021bii de &#8222;GAMING-STUDY-DRIVE&#8221; c\u0103rora le place s\u0103 fac\u0103 cump\u0103r\u0103turi \u00een magazinul nostru. Dac\u0103 nu \u0219ti\u021bi cu ce cadou s\u0103 \u00eei face\u021bi persoanei dragi care este GAMER, un voucher cadou cu siguran\u021b\u0103 \u00eei va face pl\u0103cere. \u00cen cele din urm\u0103 \u00ee\u0219i va &#8222;configura&#8221; singur ceea ce are nevoie<\/span>.<\/p>\n","protected":false},"excerpt":{"rendered":"<h3>Cum proceda\u021bi:<\/h3>\n<p style=\"padding-left: 40px;\"><strong>\u2022<\/strong>\u00a0 Mai \u00eent\u00e2i cump\u0103ra\u021bi un voucher cadou:<br \/>\n<strong>\u00a0 \u00a0 \u2192 Digital<em>\u00a0(PDF)<\/em><\/strong> &#8211; o carte de design cu un cod unic va fi trimis\u0103 la adresa de e-mail pe care a\u021bi introdus-o (\u00een co\u0219ul de cump\u0103r\u0103turi).<br \/>\n<strong>\u00a0 \u00a0 \u2192 Digital \u0219i versiunea tip\u0103rit\u0103<\/strong> &#8211; o carte de design (versiunea tip\u0103rit\u0103) cu un cod unic va fi trimis\u0103 la adresa de expediere furnizat\u0103 de dvs. + Digital (PDF) la adresa de e-mail furnizat\u0103 de dvs.<br \/>\n<strong>\u2022<\/strong>\u00a0 <span style=\"font-weight: 400;\">Oferi\u021bi cuponul persoanei dragi<\/span>.<br \/>\n<strong>\u2022<\/strong>\u00a0 <span style=\"font-weight: 400;\">Codul din voucher va fi folosit de persoana d\u0103ruit\u0103 la checkout pentru orice achizi\u021bie<\/span>.<br \/>\n<strong>\u2022<\/strong>\u00a0 <span style=\"font-weight: 400;\">Suma va fi dedus\u0103 automat din comand\u0103 din co\u0219ul de cump\u0103r\u0103turi<\/span>.<br \/>\n<strong>\u2022<\/strong>\u00a0 <span style=\"font-weight: 400;\">Cuponul nu mai poate fi utilizat &#8222;GAME OVER&#8221;<\/span>.<\/p>\n<h6><strong><span style=\"color: #ff6600;\">*<\/span><\/strong>se pot aplica taxe de transport suplimentare<\/h6>\n<h3>Reguli de folosire a cuponului:<\/h3>\n<p style=\"padding-left: 40px;\"><strong>\u2022<\/strong> <span style=\"font-weight: 400;\">Se poate utiliza un singur voucher pe comand\u0103<\/span>.<br \/>\n<strong>\u2022<\/strong> <span style=\"font-weight: 400;\">Nu return\u0103m diferen\u021ba de bani dac\u0103 va r\u0103m\u00e2ne<\/span>.<br \/>\n<strong>\u2022<\/strong> <span style=\"font-weight: 400;\">Cuponul este valabil pentru \u00eentregul sortiment din eshop-ul NUGOSU.gg<\/span>.<\/p>\n","protected":false},"featured_media":116100,"comment_status":"open","ping_status":"closed","template":"","meta":[],"product_brand":[],"product_cat":[1236],"product_tag":[1237],"class_list":{"0":"post-119753","1":"product","2":"type-product","3":"status-publish","4":"has-post-thumbnail","6":"product_cat-gifts-ro","7":"product_tag-gift_cards-ro","9":"first","10":"instock","11":"taxable","12":"shipping-taxable","13":"purchasable","14":"product-type-variable"},"composite_virtual":false,"composite_layout":"","composite_add_to_cart_form_location":"","composite_editable_in_cart":false,"composite_sold_individually_context":"","composite_shop_price_calc":"","composite_components":[],"composite_scenarios":[],"_links":{"self":[{"href":"https:\/\/nugosu.gg\/ro\/wp-json\/wp\/v2\/product\/119753","targetHints":{"allow":["GET"]}}],"collection":[{"href":"https:\/\/nugosu.gg\/ro\/wp-json\/wp\/v2\/product"}],"about":[{"href":"https:\/\/nugosu.gg\/ro\/wp-json\/wp\/v2\/types\/product"}],"replies":[{"embeddable":true,"href":"https:\/\/nugosu.gg\/ro\/wp-json\/wp\/v2\/comments?post=119753"}],"wp:featuredmedia":[{"embeddable":true,"href":"https:\/\/nugosu.gg\/ro\/wp-json\/wp\/v2\/media\/116100"}],"wp:attachment":[{"href":"https:\/\/nugosu.gg\/ro\/wp-json\/wp\/v2\/media?parent=119753"}],"wp:term":[{"taxonomy":"product_brand","embeddable":true,"href":"https:\/\/nugosu.gg\/ro\/wp-json\/wp\/v2\/product_brand?post=119753"},{"taxonomy":"product_cat","embeddable":true,"href":"https:\/\/nugosu.gg\/ro\/wp-json\/wp\/v2\/product_cat?post=119753"},{"taxonomy":"product_tag","embeddable":true,"href":"https:\/\/nugosu.gg\/ro\/wp-json\/wp\/v2\/product_tag?post=119753"}],"curies":[{"name":"wp","href":"https:\/\/api.w.org\/{rel}","templated":true}]}}