{"id":119737,"date":"2022-11-01T12:27:00","date_gmt":"2022-11-01T11:27:00","guid":{"rendered":"https:\/\/nugosu.gg\/product\/nugosu-hoodie-graffiti-red\/"},"modified":"2025-08-27T11:49:09","modified_gmt":"2025-08-27T09:49:09","slug":"nugosu-hoodie-graffiti-red","status":"publish","type":"product","link":"https:\/\/nugosu.gg\/ro\/produs\/nugosu-hoodie-graffiti-red\/","title":{"rendered":"NUGOSU Hoodie GRAFFITI RED"},"content":{"rendered":"<p><span style=\"font-weight: 400;\">Prin hanoracul cu glug\u0103 NUGOSU GRAFFITI RED ve\u021bi ie\u0219i \u00een eviden\u021b\u0103 \u0219i ve\u021bi fi unul dintre campionii jocului \u00een acela\u0219i timp! Este extrem de confortabil cu un design minimalist<\/span>.<\/p>\n","protected":false},"excerpt":{"rendered":"<h2 style=\"font-weight: 500;\">Cum s\u0103 \u00eengriji\u021bi hanoracul NUGOSU Hoodie?<\/h2>\n<ul>\n<li><span class=\"VIiyi\" lang=\"en\"><span class=\"JLqJ4b ChMk0b\" data-language-for-alternatives=\"en\" data-language-to-translate-into=\"sk\" data-phrase-index=\"0\"><span style=\"font-weight: 400;\">La sp\u0103lare, \u00eentoarce\u021bi hanoracul pe dos \u0219i sp\u0103la\u021bi-l la o temperatur\u0103 de p\u00e2n\u0103 la 40\u00b0C<\/span>.<\/span><\/span><\/li>\n<li><span class=\"VIiyi\" lang=\"en\"><span class=\"JLqJ4b ChMk0b\" data-language-for-alternatives=\"en\" data-language-to-translate-into=\"sk\" data-phrase-index=\"2\"><span style=\"font-weight: 400;\">Nu folosi\u021bi \u00een\u0103lbitor<\/span>.<\/span><\/span><\/li>\n<\/ul>\n<p><span style=\"font-weight: 400;\">Sp\u0103la\u021bi cu culori similare.<\/span><\/p>\n<p><span style=\"font-weight: 400;\">Material: 65% bumbac, 35% poliester<\/span><\/p>\n","protected":false},"featured_media":163514,"comment_status":"open","ping_status":"closed","template":"","meta":[],"product_brand":[],"product_cat":[1201,1259],"product_tag":[1217,1216,1202,1204,1218],"class_list":{"0":"post-119737","1":"product","2":"type-product","3":"status-publish","4":"has-post-thumbnail","6":"product_cat-clothing-ro","7":"product_cat-hoodie-ro","8":"product_tag-clothing-ro","9":"product_tag-hoodie-ro","10":"product_tag-nugosu-ro","11":"product_tag-upsell_cap_en-ro","12":"product_tag-upsell_t-shirt_en-ro","14":"first","15":"instock","16":"sale","17":"taxable","18":"shipping-taxable","19":"purchasable","20":"product-type-variable"},"composite_virtual":false,"composite_layout":"","composite_add_to_cart_form_location":"","composite_editable_in_cart":false,"composite_sold_individually_context":"","composite_shop_price_calc":"","composite_components":[],"composite_scenarios":[],"_links":{"self":[{"href":"https:\/\/nugosu.gg\/ro\/wp-json\/wp\/v2\/product\/119737","targetHints":{"allow":["GET"]}}],"collection":[{"href":"https:\/\/nugosu.gg\/ro\/wp-json\/wp\/v2\/product"}],"about":[{"href":"https:\/\/nugosu.gg\/ro\/wp-json\/wp\/v2\/types\/product"}],"replies":[{"embeddable":true,"href":"https:\/\/nugosu.gg\/ro\/wp-json\/wp\/v2\/comments?post=119737"}],"wp:featuredmedia":[{"embeddable":true,"href":"https:\/\/nugosu.gg\/ro\/wp-json\/wp\/v2\/media\/163514"}],"wp:attachment":[{"href":"https:\/\/nugosu.gg\/ro\/wp-json\/wp\/v2\/media?parent=119737"}],"wp:term":[{"taxonomy":"product_brand","embeddable":true,"href":"https:\/\/nugosu.gg\/ro\/wp-json\/wp\/v2\/product_brand?post=119737"},{"taxonomy":"product_cat","embeddable":true,"href":"https:\/\/nugosu.gg\/ro\/wp-json\/wp\/v2\/product_cat?post=119737"},{"taxonomy":"product_tag","embeddable":true,"href":"https:\/\/nugosu.gg\/ro\/wp-json\/wp\/v2\/product_tag?post=119737"}],"curies":[{"name":"wp","href":"https:\/\/api.w.org\/{rel}","templated":true}]}}