{"id":119619,"date":"2023-05-09T09:19:34","date_gmt":"2023-05-09T07:19:34","guid":{"rendered":"https:\/\/nugosu.gg\/product\/pink-lemonade\/"},"modified":"2026-03-21T19:21:26","modified_gmt":"2026-03-21T18:21:26","slug":"pink-lemonade","status":"publish","type":"product","link":"https:\/\/nugosu.gg\/ro\/produs\/pink-lemonade\/","title":{"rendered":"PINK LEMONADE"},"content":{"rendered":"<p><span style=\"font-weight: 400\"><span style=\"vertical-align: inherit\"><span style=\"vertical-align: inherit\">SCORE by NUGOSU je pr\u00e1\u0161kov\u00fd nootropn\u00fd komplex <\/span><\/span><\/span><b><span style=\"vertical-align: inherit\"><span style=\"vertical-align: inherit\">vyvinut\u00fd \u0161peci\u00e1lne pre hr\u00e1\u010dov <\/span><\/span><\/b><span style=\"font-weight: 400\"><span style=\"vertical-align: inherit\"><span style=\"vertical-align: inherit\">, streamerov, v\u00fdvoj\u00e1rov videohier a E-SPORTS \u0161portovcov, ktor\u00ed sa chc\u00fa dosta\u0165 o nieko\u013eko \u00farovn\u00ed vy\u0161\u0161ie a dosta\u0165 sa a\u017e na samotn\u00fd vrchol.<\/span><\/span><\/span><\/p>\n<p><span style=\"font-weight: 400\"><span style=\"vertical-align: inherit\"><span style=\"vertical-align: inherit\">A\u017e <\/span><\/span><\/span><b><span style=\"vertical-align: inherit\"><span style=\"vertical-align: inherit\">21 prec\u00edzne namie\u0161an\u00fdch \u00fa\u010dinn\u00fdch l\u00e1tok <\/span><\/span><\/b><span style=\"font-weight: 400\"><span style=\"vertical-align: inherit\"><span style=\"vertical-align: inherit\">v podobe aminokysel\u00edn, bylinn\u00fdch extraktov, vitam\u00ednov, miner\u00e1lov a 150 mg pr\u00edrodn\u00e9ho kofe\u00ednu v\u00e1s napumpuje energiou a podpor\u00ed va\u0161u du\u0161evn\u00fa v\u00fdkonnos\u0165. <\/span><span style=\"vertical-align: inherit\">Ka\u017ed\u00e1 jedna zlo\u017eka produktu m\u00e1 svoje jedine\u010dn\u00e9 \u00fa\u010dinky a spolu stimuluj\u00fa mozgov\u00fa \u010dinnos\u0165, posil\u0148uj\u00fa schopnos\u0165 myslie\u0165, zlep\u0161uj\u00fa pam\u00e4\u0165, zni\u017euj\u00fa pocit \u00fanavy, pom\u00e1haj\u00fa intenz\u00edvne sa s\u00fastredi\u0165 a odol\u00e1va\u0165 stresu, \u010d\u00edm odstra\u0148uj\u00fa \u00fazkos\u0165 a podr\u00e1\u017edenos\u0165.<\/span><\/span><\/span><\/p>\n<p><span style=\"font-weight: 400\"><span style=\"vertical-align: inherit\"><span style=\"vertical-align: inherit\">V SCORE sme pou\u017eili iba pr\u00edrodn\u00e9 zdroje kofe\u00ednu vo forme v\u00fd\u0165a\u017ekov z Kola orecha a Guarany a v\u00fdsledkom je <\/span><\/span><\/span><b><span style=\"vertical-align: inherit\"><span style=\"vertical-align: inherit\">vyv\u00e1\u017een\u00fd a dlhotrvaj\u00faci pr\u00edsun energie <\/span><\/span><\/b><span style=\"font-weight: 400\"><span style=\"vertical-align: inherit\"><span style=\"vertical-align: inherit\">bez pocitu nervozity a slabosti.<\/span><\/span><\/span><\/p>\n<p><span style=\"font-weight: 400\"><span style=\"vertical-align: inherit\"><span style=\"vertical-align: inherit\">V\u00fd\u0165a\u017eky zo sib\u00edrskeho \u017een\u0161enu a Rhodiola Rosea maj\u00fa priazniv\u00e9 \u00fa\u010dinky na emo\u010dn\u00fa stabilitu, psychick\u00fa rovnov\u00e1hu a v\u00fdrazne zvy\u0161uj\u00fa v\u00fdkonnos\u0165 organizmu v stresov\u00fdch situ\u00e1ci\u00e1ch.<\/span><\/span><\/span><\/p>\n<p><span style=\"font-weight: 400\"><span style=\"vertical-align: inherit\"><span style=\"vertical-align: inherit\">SCORE obsahuje L-thean\u00edn, L-tyroz\u00edn, L-karnit\u00edn, L-citrul\u00edn a taur\u00edn, zmes aminokysel\u00edn s preuk\u00e1zan\u00fdmi nootropn\u00fdmi \u00fa\u010dinkami.<\/span><\/span><\/span><\/p>\n<p><span style=\"font-weight: 400\"><span style=\"vertical-align: inherit\"><span style=\"vertical-align: inherit\">V\u010faka elektrolytom obsiahnut\u00fdm v SCORE si svoju hru u\u017eijete na maximum, pri\u010dom va\u0161e <\/span><\/span><\/span><b><span style=\"vertical-align: inherit\"><span style=\"vertical-align: inherit\">telo zostane <\/span><\/span><\/b><span style=\"font-weight: 400\"><span style=\"vertical-align: inherit\"><span style=\"vertical-align: inherit\">po cel\u00fd \u010das hydratovan\u00e9.<\/span><\/span><\/span><\/p>\n<p><span style=\"font-weight: 400\"><span style=\"vertical-align: inherit\"><span style=\"vertical-align: inherit\">Pridan\u00e1 zmes vitam\u00ednov skupiny B vr\u00e1tane <\/span><\/span><\/span><b><span style=\"vertical-align: inherit\"><span style=\"vertical-align: inherit\">vitam\u00ednov B3, B5, B6 a B12 <\/span><\/span><\/b><span style=\"font-weight: 400\"><span style=\"vertical-align: inherit\"><span style=\"vertical-align: inherit\">bojuje proti \u00fanave a vy\u010derpaniu organizmu a priaznivo p\u00f4sob\u00ed na nervov\u00fa s\u00fastavu a spolu s <\/span><\/span><\/span><b><span style=\"vertical-align: inherit\"><span style=\"vertical-align: inherit\">vitam\u00ednom C a zinkom <\/span><\/span><\/b><span style=\"font-weight: 400\"><span style=\"vertical-align: inherit\"><span style=\"vertical-align: inherit\">posil\u0148uje imunitn\u00fd syst\u00e9m.<\/span><\/span><\/span><b>\u00a0<\/b><\/p>\n<p><span style=\"font-weight: 400\"><span style=\"vertical-align: inherit\"><span style=\"vertical-align: inherit\">V\u010faka najinovat\u00edvnej\u0161\u00edm technol\u00f3gi\u00e1m s\u00fa na\u0161e pr\u00edchute osvie\u017euj\u00face, prirodzen\u00e9 a bez horkej pachute. <\/span><span style=\"vertical-align: inherit\">SCORE je \u00faplne bez cukru a neobsahuje \u017eiadne \u0161kodliv\u00e9 l\u00e1tky, umel\u00e9 farbiv\u00e1 ani umel\u00e9 ar\u00f3my. <\/span><span style=\"vertical-align: inherit\">Produkt m\u00e1 v\u00fdborn\u00fa rozpustnos\u0165 a je <\/span><\/span><\/span><b><span style=\"vertical-align: inherit\"><span style=\"vertical-align: inherit\">vhodn\u00fd pre veg\u00e1nov <\/span><\/span><\/b><span style=\"font-weight: 400\"><span style=\"vertical-align: inherit\"><span style=\"vertical-align: inherit\">.<\/span><\/span><\/span><\/p>\n<p><span style=\"font-weight: 400\"><span style=\"vertical-align: inherit\"><span style=\"vertical-align: inherit\">PRIPOJTE SA K NUGOSU A Z\u00cdSKAJTE:<\/span><\/span><\/span><\/p>\n<ul>\n<li style=\"font-weight: 400\"><span style=\"font-weight: 400\"><span style=\"vertical-align: inherit\"><span style=\"vertical-align: inherit\">ENERGIE<\/span><\/span><\/span><\/li>\n<li style=\"font-weight: 400\"><span style=\"font-weight: 400\"><span style=\"vertical-align: inherit\"><span style=\"vertical-align: inherit\">FOCUS<\/span><\/span><\/span><\/li>\n<li style=\"font-weight: 400\"><span style=\"font-weight: 400\"><span style=\"vertical-align: inherit\"><span style=\"vertical-align: inherit\">REAK\u010cN\u00dd \u010cAS<\/span><\/span><\/span><\/li>\n<li style=\"font-weight: 400\"><span style=\"font-weight: 400\"><span style=\"vertical-align: inherit\"><span style=\"vertical-align: inherit\">HYDRAT\u00c1CIA<\/span><\/span><\/span><\/li>\n<li style=\"font-weight: 400\"><span style=\"font-weight: 400\"><span style=\"vertical-align: inherit\"><span style=\"vertical-align: inherit\">V\u00ddKON<\/span><\/span><\/span><\/li>\n<li style=\"font-weight: 400\"><span style=\"font-weight: 400\"><span style=\"vertical-align: inherit\"><span style=\"vertical-align: inherit\">PRESNOS\u0164<\/span><\/span><\/span><\/li>\n<li style=\"font-weight: 400\"><span style=\"font-weight: 400\"><span style=\"vertical-align: inherit\"><span style=\"vertical-align: inherit\">PAM\u00c4\u0164<\/span><\/span><\/span><\/li>\n<li style=\"font-weight: 400\"><span style=\"font-weight: 400\"><span style=\"vertical-align: inherit\"><span style=\"vertical-align: inherit\">MANAGEMENT STRESU<\/span><\/span><\/span><\/li>\n<li style=\"font-weight: 400\"><span style=\"font-weight: 400\"><span style=\"vertical-align: inherit\"><span style=\"vertical-align: inherit\">CITOV\u00c1 VYROVNANOS\u0164<\/span><\/span><\/span><\/li>\n<\/ul>\n","protected":false},"excerpt":{"rendered":"<p>SCORE by NUGOSU je pr\u00e1\u0161kov\u00fd nootropn\u00fd komplex vyvinut\u00fd \u0161peci\u00e1lne pre hr\u00e1\u010dov , streamerov, v\u00fdvoj\u00e1rov videohier a E-SPORTS \u0161portovcov, ktor\u00ed sa [&hellip;]<\/p>\n","protected":false},"featured_media":163241,"comment_status":"open","ping_status":"closed","template":"","meta":[],"product_brand":[],"product_cat":[1196,1197],"product_tag":[1198,1200,1199],"class_list":{"0":"post-119619","1":"product","2":"type-product","3":"status-publish","4":"has-post-thumbnail","6":"product_cat-nezaradene-ro","7":"product_cat-supplements-ro","8":"product_tag-gaming_energy-ro","9":"product_tag-gaming_energy_cz-ro","10":"product_tag-gaming_energy_sk-ro","12":"first","13":"outofstock","14":"taxable","15":"shipping-taxable","16":"purchasable","17":"product-type-simple"},"composite_virtual":false,"composite_layout":"","composite_add_to_cart_form_location":"","composite_editable_in_cart":false,"composite_sold_individually_context":"","composite_shop_price_calc":"","composite_components":[],"composite_scenarios":[],"_links":{"self":[{"href":"https:\/\/nugosu.gg\/ro\/wp-json\/wp\/v2\/product\/119619","targetHints":{"allow":["GET"]}}],"collection":[{"href":"https:\/\/nugosu.gg\/ro\/wp-json\/wp\/v2\/product"}],"about":[{"href":"https:\/\/nugosu.gg\/ro\/wp-json\/wp\/v2\/types\/product"}],"replies":[{"embeddable":true,"href":"https:\/\/nugosu.gg\/ro\/wp-json\/wp\/v2\/comments?post=119619"}],"wp:featuredmedia":[{"embeddable":true,"href":"https:\/\/nugosu.gg\/ro\/wp-json\/wp\/v2\/media\/163241"}],"wp:attachment":[{"href":"https:\/\/nugosu.gg\/ro\/wp-json\/wp\/v2\/media?parent=119619"}],"wp:term":[{"taxonomy":"product_brand","embeddable":true,"href":"https:\/\/nugosu.gg\/ro\/wp-json\/wp\/v2\/product_brand?post=119619"},{"taxonomy":"product_cat","embeddable":true,"href":"https:\/\/nugosu.gg\/ro\/wp-json\/wp\/v2\/product_cat?post=119619"},{"taxonomy":"product_tag","embeddable":true,"href":"https:\/\/nugosu.gg\/ro\/wp-json\/wp\/v2\/product_tag?post=119619"}],"curies":[{"name":"wp","href":"https:\/\/api.w.org\/{rel}","templated":true}]}}