{"id":119583,"date":"2023-05-30T23:54:07","date_gmt":"2023-05-30T21:54:07","guid":{"rendered":"https:\/\/nugosu.gg\/?page_id=119583"},"modified":"2023-06-05T21:38:01","modified_gmt":"2023-06-05T19:38:01","slug":"transport-si-plata","status":"publish","type":"page","link":"https:\/\/nugosu.gg\/ro\/transport-si-plata\/","title":{"rendered":"Transport \u0219i plat\u0103"},"content":{"rendered":"<div class=\"wpb-content-wrapper\"><p>[vc_row][vc_column][vc_column_text uncode_shortcode_id=&#8221;104013&#8243;]<\/p>\n<h2><span class=\"font-175610\"><b>Metode de livrare:<\/b><\/span><\/h2>\n<p>&nbsp;<\/p>\n<p><span style=\"font-weight: 400;\"><img decoding=\"async\" class=\"wp-image-120038 alignleft\" src=\"https:\/\/nugosu.gg\/wp-content\/uploads\/2023\/06\/Cargus_logo.png\" alt=\"\" width=\"234\" height=\"180\" srcset=\"https:\/\/nugosu.gg\/wp-content\/uploads\/2023\/06\/Cargus_logo.png 649w, https:\/\/nugosu.gg\/wp-content\/uploads\/2023\/06\/Cargus_logo-300x231.png 300w, https:\/\/nugosu.gg\/wp-content\/uploads\/2023\/06\/Cargus_logo-350x270.png 350w, https:\/\/nugosu.gg\/wp-content\/uploads\/2023\/06\/Cargus_logo-60x46.png 60w, https:\/\/nugosu.gg\/wp-content\/uploads\/2023\/06\/Cargus_logo-110x85.png 110w, https:\/\/nugosu.gg\/wp-content\/uploads\/2023\/06\/Cargus_logo-600x462.png 600w\" sizes=\"(max-width: 234px) 100vw, 234px\" \/><\/span><\/p>\n<p>&nbsp;<\/p>\n<p>&nbsp;<\/p>\n<p>&nbsp;<\/p>\n<p>&nbsp;<\/p>\n<p>&nbsp;<\/p>\n<p>&nbsp;<\/p>\n<p><span style=\"font-weight: 400;\">Livrare prin Cargus \u00een decurs de 24 de ore dac\u0103 produsele sunt \u00een stocul nostru \u0219i comanda este plasat\u0103 p\u00e2n\u0103 la ora 12:00. Comenzile plasate dup\u0103 aceast\u0103 or\u0103 vor fi procesate \u0219i expediate \u00een ziua urm\u0103toare!<\/span><\/p>\n<p>&nbsp;<\/p>\n<table>\n<tbody>\n<tr>\n<td><b>Valoarea comenzii<\/b><\/td>\n<td><b>Taxa de livrare<\/b><\/td>\n<\/tr>\n<tr>\n<td><span style=\"font-weight: 400;\">p\u00e2n\u0103 la 150 LEI<\/span><\/td>\n<td><span style=\"font-weight: 400;\">10 LEI<\/span><\/td>\n<\/tr>\n<tr>\n<td><span style=\"font-weight: 400;\">peste 150 LEI<\/span><\/td>\n<td><span style=\"font-weight: 400;\">gratis<\/span><\/td>\n<\/tr>\n<\/tbody>\n<\/table>\n<p><span style=\"font-weight: 400;\">Tax\u0103 suplimentar\u0103 de 3 LEI cu metoda de plat\u0103 ramburs (la livrare).<\/span><\/p>\n<p>&nbsp;<\/p>\n<h2><span class=\"font-175610\"><b>Modalit\u0103\u021bi de plat\u0103:<\/b><\/span><\/h2>\n<p><span style=\"font-weight: 400;\">&#8211; Ramburs (la livrare) &#8211; clientul pl\u0103te\u0219te \u00eentreaga suma pentru bunuri la preluarea coletului de la compania de curierat. \u00cenainte de livrare este contactat telefonic de curier. Tax\u0103 suplimentar\u0103 de 3 LEI cu metoda de plat\u0103 ramburs (la livrare).<\/span><\/p>\n<p><span style=\"font-weight: 400;\">&#8211; Un card de plat\u0103 online (VISA, MasterCard, Maestro) &#8211; Cea mai r\u0103sp\u00e2ndit\u0103 metod\u0103 de plat\u0103 \u00een str\u0103in\u0103tate. Dup\u0103 finalizarea comenzii dvs., ve\u021bi fi redirec\u021bionat(\u0103) c\u0103tre pagina de plat\u0103 webpay GP securizat\u0103. Pentru a pl\u0103ti, trebuie s\u0103 introduce\u021bi un num\u0103r de 16 cifre din partea frontal\u0103 a cardului, data de expirare (valabilitate) \u0219i CV-ul (codul de verificare din partea din spate a cardului).<\/span><\/p>\n<p><span style=\"font-weight: 400;\">Toate datele sunt transmise printr-un protocol securizat. Accesul la date este accesibil doar pentru banc\u0103, suntem informa\u021bi doar despre succesul sau e\u0219ecul tranzac\u021biei. Validarea cardului oferit\u0103 de standardele MasterCard (Secure 3-D) \u0219i VISA (Verified by VISA) de ultima genera\u021bie.<\/span><\/p>\n<p><span style=\"font-weight: 400;\">-PayPal Payments<\/span>[\/vc_column_text][\/vc_column][\/vc_row][vc_row][vc_column width=&#8221;1\/1&#8243;][vc_empty_space empty_h=&#8221;2&#8243;][\/vc_column][\/vc_row]<\/p>\n<\/div>","protected":false},"excerpt":{"rendered":"<p>[vc_row][vc_column][vc_column_text uncode_shortcode_id=&#8221;104013&#8243;] Metode de livrare: &nbsp; &nbsp; &nbsp; &nbsp; &nbsp; &nbsp; &nbsp; Livrare prin Cargus \u00een decurs de 24 de [&hellip;]<\/p>\n","protected":false},"author":1,"featured_media":0,"parent":0,"menu_order":0,"comment_status":"closed","ping_status":"closed","template":"","meta":{"footnotes":""},"class_list":["post-119583","page","type-page","status-publish","hentry"],"_links":{"self":[{"href":"https:\/\/nugosu.gg\/ro\/wp-json\/wp\/v2\/pages\/119583","targetHints":{"allow":["GET"]}}],"collection":[{"href":"https:\/\/nugosu.gg\/ro\/wp-json\/wp\/v2\/pages"}],"about":[{"href":"https:\/\/nugosu.gg\/ro\/wp-json\/wp\/v2\/types\/page"}],"author":[{"embeddable":true,"href":"https:\/\/nugosu.gg\/ro\/wp-json\/wp\/v2\/users\/1"}],"replies":[{"embeddable":true,"href":"https:\/\/nugosu.gg\/ro\/wp-json\/wp\/v2\/comments?post=119583"}],"version-history":[{"count":0,"href":"https:\/\/nugosu.gg\/ro\/wp-json\/wp\/v2\/pages\/119583\/revisions"}],"wp:attachment":[{"href":"https:\/\/nugosu.gg\/ro\/wp-json\/wp\/v2\/media?parent=119583"}],"curies":[{"name":"wp","href":"https:\/\/api.w.org\/{rel}","templated":true}]}}