{"id":116974,"date":"2023-04-04T15:56:16","date_gmt":"2023-04-04T13:56:16","guid":{"rendered":"https:\/\/nugosu.gg\/?page_id=116974"},"modified":"2023-04-04T15:56:21","modified_gmt":"2023-04-04T13:56:21","slug":"about-us","status":"publish","type":"page","link":"https:\/\/nugosu.gg\/ro\/about-us\/","title":{"rendered":"About Us"},"content":{"rendered":"<div class=\"wpb-content-wrapper\"><p>[vc_row row_height_percent=&#8221;0&#8243; override_padding=&#8221;yes&#8221; h_padding=&#8221;2&#8243; top_padding=&#8221;5&#8243; bottom_padding=&#8221;4&#8243; overlay_alpha=&#8221;100&#8243; gutter_size=&#8221;100&#8243; column_width_percent=&#8221;100&#8243; shift_y=&#8221;0&#8243; z_index=&#8221;0&#8243; style=&#8221;inherited&#8221;][vc_column column_width_use_pixel=&#8221;yes&#8221; align_horizontal=&#8221;align_center&#8221; gutter_size=&#8221;4&#8243; font_family=&#8221;font-134980&#8243; overlay_alpha=&#8221;100&#8243; shift_x=&#8221;0&#8243; shift_y=&#8221;0&#8243; medium_width=&#8221;0&#8243; zoom_width=&#8221;0&#8243; zoom_height=&#8221;0&#8243; width=&#8221;1\/1&#8243;][vc_column_text text_lead=&#8221;yes&#8221; uncode_shortcode_id=&#8221;106633&#8243;]<span class=\"font-175610\"><span style=\"font-weight: 400;\">V\u0103 prezent\u0103m marca NUGOSU. Suplimentele noastre sunt <b>dezvoltate special pentru gameri<\/b>, streameri, creatori de jocuri, atle\u021bi E-SPORTS \u0219i E-GAMES care doresc s\u0103 urce c\u00e2teva niveluri \u0219i s\u0103 ajung\u0103 \u00een v\u00e2rf. Cu noi, v\u0103 ve\u021bi &#8222;hackui&#8221; mintea, ve\u021bi ob\u021bine mai mult control asupra deciziilor, emo\u021biilor \u0219i ve\u021bi <b>prelua controlul asupra jocului dvs<\/b>.<\/span><\/span><\/p>\n<p><span class=\"font-175610\"><span style=\"font-weight: 400;\">Putem spune cu con\u0219tiin\u021ba \u00eemp\u0103cat\u0103 c\u0103 acestea sunt cele mai complexe produse de pe pia\u021b\u0103 concepute special pentru juc\u0103torii de jocuri video. P\u00e2n\u0103 la <b>30 de ingrediente active amestecate cu precizie<\/b> sub form\u0103 de aminoacizi, extracte de plante, vitamine, minerale \u0219i cofein\u0103 v\u0103 vor umple de energie \u0219i v\u0103 vor stimula performan\u021ba mental\u0103. Un amestec special conceput de <b>nootropice \u0219i adaptogene<\/b> stimuleaz\u0103 activitatea cerebral\u0103, spore\u0219te capacitatea de ra\u021bionament, \u00eembun\u0103t\u0103\u021be\u0219te memoria, reduce senza\u021bia de oboseal\u0103, v\u0103 ajut\u0103 s\u0103 v\u0103 concentra\u021bi intens, s\u0103 rezista\u021bi la stres, s\u0103 elimina\u021bi anxietatea \u0219i iritarea.<\/span><\/span>[\/vc_column_text][\/vc_column][\/vc_row][vc_row row_height_percent=&#8221;0&#8243; back_color=&#8221;color-uydo&#8221; overlay_alpha=&#8221;26&#8243; gutter_size=&#8221;3&#8243; column_width_percent=&#8221;100&#8243; shift_y=&#8221;0&#8243; z_index=&#8221;0&#8243;][vc_column width=&#8221;1\/1&#8243;][vc_single_image media=&#8221;92216&#8243; media_width_percent=&#8221;65&#8243; alignment=&#8221;center&#8221;][\/vc_column][\/vc_row][vc_row row_height_percent=&#8221;0&#8243; override_padding=&#8221;yes&#8221; h_padding=&#8221;2&#8243; top_padding=&#8221;4&#8243; bottom_padding=&#8221;3&#8243; overlay_alpha=&#8221;100&#8243; gutter_size=&#8221;100&#8243; column_width_percent=&#8221;100&#8243; shift_y=&#8221;0&#8243; z_index=&#8221;0&#8243; style=&#8221;inherited&#8221;][vc_column column_width_percent=&#8221;100&#8243; gutter_size=&#8221;3&#8243; overlay_alpha=&#8221;100&#8243; shift_x=&#8221;0&#8243; shift_y=&#8221;0&#8243; medium_width=&#8221;0&#8243; zoom_width=&#8221;0&#8243; zoom_height=&#8221;0&#8243; width=&#8221;1\/1&#8243;][vc_row_inner row_inner_height_percent=&#8221;0&#8243; overlay_alpha=&#8221;100&#8243; gutter_size=&#8221;3&#8243; shift_y=&#8221;0&#8243; limit_content=&#8221;&#8221;][vc_column_inner column_width_use_pixel=&#8221;yes&#8221; align_horizontal=&#8221;align_center&#8221; gutter_size=&#8221;3&#8243; font_family=&#8221;font-134980&#8243; overlay_alpha=&#8221;100&#8243; shift_x=&#8221;0&#8243; shift_y=&#8221;0&#8243; medium_width=&#8221;0&#8243; zoom_width=&#8221;0&#8243; zoom_height=&#8221;0&#8243; width=&#8221;1\/1&#8243; column_width_pixel=&#8221;700&#8243;][vc_column_text text_lead=&#8221;yes&#8221; uncode_shortcode_id=&#8221;163959&#8243;]<span class=\"font-175610\"><span style=\"font-weight: 400;\"><strong>Un aport de energie echilibrat<\/strong> \u0219i de lung\u0103 durat\u0103, f\u0103r\u0103 senza\u021bie de nervozitate, sl\u0103biciune \u0219i m\u00e2nc\u0103rime este nepre\u021buit \u00een timpul jocurilor video, motiv pentru care am folosit surse naturale de cofein\u0103 \u00een produsele noastre sub form\u0103 de extract de nuc\u0103 de kola \u0219i guarana.<\/span><\/span><\/p>\n<p><span class=\"font-175610\"><b><span style=\"font-weight: 400;\">Nu ve\u021bi g\u0103si zah\u0103r sau alte substan\u021be nocive \u00een produsele noastre, pur \u0219i simplu le-am l\u0103sat \u00een afara ingredientelor noastre folosite. Fiecare produs NUGOSU este <\/span>VEGAN<span style=\"font-weight: 400;\"> \u0219i fiecare arom\u0103 este r\u0103coritoare, natural\u0103 \u0219i f\u0103r\u0103 gust amar, datorit\u0103 celor mai inovatoare tehnologii<\/span>.<\/b><\/span><\/p>\n<p><span class=\"font-175610\"><span style=\"font-weight: 400;\">Produsele NUGOSU <b>nu sunt destinate doar pentru gameri<\/b>, ci ofer\u0103, de asemenea, energie mental\u0103 \u0219i fizic\u0103 la locul de munc\u0103, c\u00e2nd \u00eenv\u0103\u021ba\u021bi, conduce\u021bi \u0219i la o activitate fizic\u0103.<\/span><\/span><\/p>\n<p style=\"text-align: center;\"><span class=\"font-175610\" style=\"font-weight: 400;\">CONECTA\u021aI-V\u0102 LA NUGOSU \u0218I VE\u021aI OB\u021aINE:<\/span><\/p>\n<p style=\"text-align: center;\"><span class=\"font-175610\"><strong>ENERGIE<br \/>\n<\/strong><\/span><span class=\"font-175610\"><strong>CONCENTRARE<br \/>\n<\/strong><\/span><span class=\"font-175610\"><strong>TIMP DE REAC\u021aIE <\/strong><\/span><span class=\"font-175610\"><strong>TIME<br \/>\n<\/strong><\/span><span class=\"font-175610\"><strong>HIDRATARE<br \/>\n<\/strong><\/span><span class=\"font-175610\"><strong>PERFORMAN\u021a\u0102<br \/>\n<\/strong><\/span><span class=\"font-175610\"><strong>PROTEC\u021aIE<br \/>\n<\/strong><\/span><span class=\"font-175610\"><strong>REZISTEN\u021a\u0102<br \/>\n<\/strong><\/span><span class=\"font-175610\"><strong>MEMORIE<br \/>\n<\/strong><\/span><span class=\"font-175610\"><strong>GESTIONAREA STRESULUI<br \/>\n<\/strong><\/span><span class=\"font-175610\"><strong>STABILITATE EMO\u021aIONAL\u0102<\/strong><\/span><\/p>\n<p>[\/vc_column_text][\/vc_column_inner][\/vc_row_inner][\/vc_column][\/vc_row][vc_row row_height_percent=&#8221;0&#8243; override_padding=&#8221;yes&#8221; h_padding=&#8221;2&#8243; top_padding=&#8221;4&#8243; bottom_padding=&#8221;4&#8243; overlay_alpha=&#8221;50&#8243; gutter_size=&#8221;3&#8243; column_width_percent=&#8221;100&#8243; shift_y=&#8221;0&#8243; z_index=&#8221;0&#8243;][vc_column column_width_percent=&#8221;100&#8243; align_horizontal=&#8221;align_center&#8221; gutter_size=&#8221;3&#8243; overlay_alpha=&#8221;50&#8243; shift_x=&#8221;0&#8243; shift_y=&#8221;0&#8243; shift_y_down=&#8221;0&#8243; z_index=&#8221;0&#8243; medium_width=&#8221;0&#8243; mobile_width=&#8221;0&#8243; width=&#8221;1\/1&#8243;][vc_button button_color=&#8221;color-147341&#8243; size=&#8221;btn-xl&#8221; radius=&#8221;btn-circle&#8221; border_width=&#8221;0&#8243; link=&#8221;url:https%3A%2F%2Fnugosu.gg%2Fro%2Fshop-main%2F|title:Shop%20Main&#8221; button_color_type=&#8221;uncode-palette&#8221; uncode_shortcode_id=&#8221;115222&#8243;]CUMP\u0102R\u0102 ACUM[\/vc_button][\/vc_column][\/vc_row]<\/p>\n<\/div>","protected":false},"excerpt":{"rendered":"<p>[vc_row row_height_percent=&#8221;0&#8243; override_padding=&#8221;yes&#8221; h_padding=&#8221;2&#8243; top_padding=&#8221;5&#8243; bottom_padding=&#8221;4&#8243; overlay_alpha=&#8221;100&#8243; gutter_size=&#8221;100&#8243; column_width_percent=&#8221;100&#8243; shift_y=&#8221;0&#8243; z_index=&#8221;0&#8243; style=&#8221;inherited&#8221;][vc_column column_width_use_pixel=&#8221;yes&#8221; align_horizontal=&#8221;align_center&#8221; gutter_size=&#8221;4&#8243; font_family=&#8221;font-134980&#8243; overlay_alpha=&#8221;100&#8243; shift_x=&#8221;0&#8243; shift_y=&#8221;0&#8243; medium_width=&#8221;0&#8243; [&hellip;]<\/p>\n","protected":false},"author":1,"featured_media":0,"parent":0,"menu_order":0,"comment_status":"open","ping_status":"closed","template":"","meta":{"footnotes":""},"class_list":["post-116974","page","type-page","status-publish","hentry"],"_links":{"self":[{"href":"https:\/\/nugosu.gg\/ro\/wp-json\/wp\/v2\/pages\/116974","targetHints":{"allow":["GET"]}}],"collection":[{"href":"https:\/\/nugosu.gg\/ro\/wp-json\/wp\/v2\/pages"}],"about":[{"href":"https:\/\/nugosu.gg\/ro\/wp-json\/wp\/v2\/types\/page"}],"author":[{"embeddable":true,"href":"https:\/\/nugosu.gg\/ro\/wp-json\/wp\/v2\/users\/1"}],"replies":[{"embeddable":true,"href":"https:\/\/nugosu.gg\/ro\/wp-json\/wp\/v2\/comments?post=116974"}],"version-history":[{"count":0,"href":"https:\/\/nugosu.gg\/ro\/wp-json\/wp\/v2\/pages\/116974\/revisions"}],"wp:attachment":[{"href":"https:\/\/nugosu.gg\/ro\/wp-json\/wp\/v2\/media?parent=116974"}],"curies":[{"name":"wp","href":"https:\/\/api.w.org\/{rel}","templated":true}]}}