{"id":155524,"date":"2024-10-09T13:05:00","date_gmt":"2024-10-09T11:05:00","guid":{"rendered":"https:\/\/nugosu.gg\/product\/nugosu-hoodie-icon\/"},"modified":"2025-12-07T15:25:54","modified_gmt":"2025-12-07T14:25:54","slug":"nugosu-hoodie-icon","status":"publish","type":"product","link":"https:\/\/nugosu.gg\/hu\/termek\/nugosu-hoodie-icon\/","title":{"rendered":"NUGOSU Hoodie ICON"},"content":{"rendered":"<p><strong>A NUGOSU ICON pul\u00f3ver egy teljesen \u00faj darab a NUGOSU ruh\u00e1zat k\u00edn\u00e1lat\u00e1ban, amely kifejezetten j\u00e1t\u00e9kosok sz\u00e1m\u00e1ra lett tervezve. Ez a st\u00edlusos pul\u00f3ver h\u00e1rom sz\u00ednv\u00e1ltozatban \u00e9rhet\u0151 el: fekete, k\u00e9k \u00e9s grafit. Az anyaga pamut (65%), \u00e9s poli\u00e9szter (35%) kombin\u00e1ci\u00f3ja, amely k\u00e9nyelmes viseletet \u00e9s tart\u00f3ss\u00e1got biztos\u00edt. A pul\u00f3ver szab\u00e1sa k\u00e9nyelmet \u00e9s st\u00edlust ny\u00fajt a j\u00e1t\u00e9kosok sz\u00e1m\u00e1ra, felirata pedig garant\u00e1lja, hogy mindenki tudja majd, hogy a tulajdonosa a j\u00e1t\u00e9kosok csal\u00e1dj\u00e1ba tartozik.<\/p>\n<p>Az egyszer\u0171 \u00e9s tiszta diz\u00e1jnj\u00e1nak k\u00f6sz\u00f6nhet\u0151en a pul\u00f3ver mindennapi viseletre is alkalmas.<\/strong><\/p>\n","protected":false},"excerpt":{"rendered":"<p>A NUGOSU ICON pul\u00f3ver egy teljesen \u00faj darab a NUGOSU ruh\u00e1zat k\u00edn\u00e1lat\u00e1ban, amely kifejezetten j\u00e1t\u00e9kosok sz\u00e1m\u00e1ra lett tervezve. Ez a [&hellip;]<\/p>\n","protected":false},"featured_media":163519,"comment_status":"open","ping_status":"closed","template":"","meta":[],"product_brand":[],"product_cat":[752,1262],"product_tag":[753,754,755],"class_list":{"0":"post-155524","1":"product","2":"type-product","3":"status-publish","4":"has-post-thumbnail","6":"product_cat-clothing-hu","7":"product_cat-hoodie-hu","8":"product_tag-clothing-hu","9":"product_tag-hoodie-hu","10":"product_tag-nugosu-hu","12":"first","13":"instock","14":"sale","15":"taxable","16":"shipping-taxable","17":"purchasable","18":"product-type-variable"},"composite_virtual":false,"composite_layout":"","composite_add_to_cart_form_location":"","composite_editable_in_cart":false,"composite_sold_individually_context":"","composite_shop_price_calc":"","composite_components":[],"composite_scenarios":[],"_links":{"self":[{"href":"https:\/\/nugosu.gg\/hu\/wp-json\/wp\/v2\/product\/155524","targetHints":{"allow":["GET"]}}],"collection":[{"href":"https:\/\/nugosu.gg\/hu\/wp-json\/wp\/v2\/product"}],"about":[{"href":"https:\/\/nugosu.gg\/hu\/wp-json\/wp\/v2\/types\/product"}],"replies":[{"embeddable":true,"href":"https:\/\/nugosu.gg\/hu\/wp-json\/wp\/v2\/comments?post=155524"}],"wp:featuredmedia":[{"embeddable":true,"href":"https:\/\/nugosu.gg\/hu\/wp-json\/wp\/v2\/media\/163519"}],"wp:attachment":[{"href":"https:\/\/nugosu.gg\/hu\/wp-json\/wp\/v2\/media?parent=155524"}],"wp:term":[{"taxonomy":"product_brand","embeddable":true,"href":"https:\/\/nugosu.gg\/hu\/wp-json\/wp\/v2\/product_brand?post=155524"},{"taxonomy":"product_cat","embeddable":true,"href":"https:\/\/nugosu.gg\/hu\/wp-json\/wp\/v2\/product_cat?post=155524"},{"taxonomy":"product_tag","embeddable":true,"href":"https:\/\/nugosu.gg\/hu\/wp-json\/wp\/v2\/product_tag?post=155524"}],"curies":[{"name":"wp","href":"https:\/\/api.w.org\/{rel}","templated":true}]}}