{"id":151394,"date":"2024-07-27T16:11:24","date_gmt":"2024-07-27T14:11:24","guid":{"rendered":"https:\/\/nugosu.gg\/product\/samurai-bundle\/"},"modified":"2025-06-25T14:45:11","modified_gmt":"2025-06-25T12:45:11","slug":"samurai-bundle","status":"publish","type":"product","link":"https:\/\/nugosu.gg\/hu\/termek\/samurai-bundle\/","title":{"rendered":"Samurai Bundle"},"content":{"rendered":"","protected":false},"excerpt":{"rendered":"<p style=\"text-align: left;\"><span style=\"font-weight: 400;\">Fedezd fel az egyedi, jap\u00e1n kult\u00fara \u00e9s j\u00e1t\u00e9kvil\u00e1g szerelmeseinek sz\u00e1nt csomagot! \ud83d\uddfb A NUGOSU SZAMUR\u00c1J BUNDLE kiv\u00e9teles \u00e9lm\u00e9nyt k\u00edn\u00e1l minden szint\u0171 j\u00e1t\u00e9kos sz\u00e1m\u00e1ra, \u00e9s saj\u00e1t ig\u00e9nyeid szerint \u00e1ll\u00edthatod \u00f6ssze.<\/span><\/p>\n<h4 style=\"text-align: left;\"><b>Mit tartalmaz a SZAMUR\u00c1J BUNDLE?<\/b><\/h4>\n<p style=\"text-align: left;\"><b>T\u00e1pl\u00e1l\u00e9kkieg\u00e9sz\u00edt\u0151:<\/b><\/p>\n<ul style=\"text-align: left;\">\n<li style=\"font-weight: 400;\" aria-level=\"1\"><span style=\"font-weight: 400;\">K\u00e9t term\u00e9k k\u00f6z\u00fcl v\u00e1laszthatsz: <\/span><b>SCORE<\/b><span style=\"font-weight: 400;\"> vagy <\/span><b>UNLIMITED<\/b><span style=\"font-weight: 400;\">, amelyek k\u00fcl\u00f6nleges \u00f6sszetev\u0151i seg\u00edtenek fokozni a j\u00e1t\u00e9k\u00e9lm\u00e9nyt \u00e9s energi\u00e1val t\u00f6ltenek fel. \ud83d\udcaa<\/span><\/li>\n<\/ul>\n<p style=\"text-align: left;\"><b>Szamur\u00e1j shaker sz\u00edn lehet\u0151s\u00e9gek:<\/b><\/p>\n<ul style=\"text-align: left;\">\n<li style=\"font-weight: 400;\" aria-level=\"1\"><span style=\"font-weight: 400;\">K\u00e9t sz\u00ednv\u00e1ltozatban el\u00e9rhet\u0151 a st\u00edlusos SZAMUR\u00c1J shaker, amely ide\u00e1lis kedvenc italod elk\u00e9sz\u00edt\u00e9s\u00e9hez j\u00e1t\u00e9k k\u00f6zben. \ud83e\udd64<\/span><\/li>\n<\/ul>\n<p style=\"text-align: left;\"><b>Szamur\u00e1j p\u00f3l\u00f3:<\/b><\/p>\n<ul style=\"text-align: left;\">\n<li style=\"font-weight: 400;\" aria-level=\"1\"><span style=\"font-weight: 400;\">K\u00e9nyelmes \u00e9s st\u00edlusos Szamur\u00e1j p\u00f3l\u00f3, amely egyedi megjelen\u00e9st \u00e9s k\u00e9nyelmet biztos\u00edt minden j\u00e1t\u00e9k\u00fcl\u00e9s sor\u00e1n. \ud83d\udc55<\/span><\/li>\n<\/ul>\n<p style=\"text-align: left;\"><b>Szamur\u00e1j matrica:<\/b><\/p>\n<ul style=\"text-align: left;\">\n<li style=\"font-weight: 400;\" aria-level=\"1\"><span style=\"font-weight: 400;\">Exkluz\u00edv Szamur\u00e1j matrica, amellyel d\u00edsz\u00edtheted a j\u00e1t\u00e9kfelszerel\u00e9sedet vagy m\u00e1s szem\u00e9lyes t\u00e1rgyaidat. \ud83c\udfae<\/span><\/li>\n<\/ul>\n<h4 style=\"text-align: left;\"><b>Mi\u00e9rt v\u00e1laszd a SZAMUR\u00c1J BUNDLE csomagot?<\/b><\/h4>\n<ul style=\"text-align: left;\">\n<li style=\"font-weight: 400;\" aria-level=\"1\"><b>Szem\u00e9lyre szabott tartalom:<\/b><span style=\"font-weight: 400;\"> \u00c1ll\u00edtsd \u00f6ssze a csomagot ig\u00e9nyeid \u00e9s preferenci\u00e1id szerint.<\/span><\/li>\n<li style=\"font-weight: 400;\" aria-level=\"1\"><b>Magas min\u0151s\u00e9g:<\/b><span style=\"font-weight: 400;\"> A csomagban tal\u00e1lhat\u00f3 term\u00e9kek kiv\u00e1l\u00f3 min\u0151s\u00e9g\u0171 alapanyagokb\u00f3l k\u00e9sz\u00fcltek.<\/span><\/li>\n<li style=\"font-weight: 400;\" aria-level=\"1\"><b>Remek aj\u00e1nd\u00e9k:<\/b><span style=\"font-weight: 400;\"> Ide\u00e1lis aj\u00e1nd\u00e9k minden j\u00e1t\u00e9kos \u00e9s a szamur\u00e1jok, valamint a jap\u00e1n kult\u00fara szerelmesei sz\u00e1m\u00e1ra. \ud83c\udf81<\/span><\/li>\n<\/ul>\n<p style=\"text-align: left;\"><span style=\"font-weight: 400;\">Hagyd, hogy a szamur\u00e1jok vil\u00e1ga mag\u00e1val ragadjon a SZAMUR\u00c1J BUNDLE csomag seg\u00edts\u00e9g\u00e9vel, \u00e9s \u00e9ld \u00e1t a felejthetetlen j\u00e1t\u00e9k\u00e9lm\u00e9nyt! \ud83e\udd77<\/span><\/p>\n","protected":false},"featured_media":163335,"comment_status":"open","ping_status":"closed","template":"","meta":[],"product_brand":[],"product_cat":[1825],"product_tag":[],"class_list":{"0":"post-151394","1":"product","2":"type-product","3":"status-publish","4":"has-post-thumbnail","6":"product_cat-bundles-hu","8":"first","9":"instock","10":"virtual","11":"taxable","12":"purchasable","13":"product-type-composite"},"composite_virtual":false,"composite_layout":"progressive","composite_add_to_cart_form_location":"default","composite_editable_in_cart":false,"composite_sold_individually_context":"product","composite_shop_price_calc":"hidden","composite_components":[{"id":"1722094825","title":"V\u00c1LASSZ \u2013 SCORE vagy UNLIMITED","description":"","query_type":"category_ids","query_ids":[925,1730],"default_option_id":"","thumbnail_id":"","thumbnail_src":"","quantity_min":1,"quantity_max":1,"priced_individually":false,"shipped_individually":true,"optional":false,"discount":"","options_style":"dropdowns","pagination_style":"classic","display_prices":"absolute","show_sorting_options":false,"show_filtering_options":false,"attribute_filter_ids":[],"select_action":"view","product_title_visible":true,"product_descr_visible":false,"product_price_visible":false,"product_thumb_visible":true,"subtotal_visible_product":true,"subtotal_visible_cart":true,"subtotal_visible_orders":true},{"id":"1722094826","title":"V\u00c1LASSZ - SHAKER","description":"","query_type":"product_ids","query_ids":[146576,146542],"default_option_id":"","thumbnail_id":"","thumbnail_src":"","quantity_min":1,"quantity_max":1,"priced_individually":false,"shipped_individually":true,"optional":false,"discount":"","options_style":"dropdowns","pagination_style":"classic","display_prices":"absolute","show_sorting_options":false,"show_filtering_options":false,"attribute_filter_ids":[],"select_action":"view","product_title_visible":true,"product_descr_visible":false,"product_price_visible":false,"product_thumb_visible":true,"subtotal_visible_product":true,"subtotal_visible_cart":true,"subtotal_visible_orders":true},{"id":"1722094827","title":"V\u00c1LASSZ - P\u00d3L\u00d3T","description":"","query_type":"product_ids","query_ids":[146977],"default_option_id":146977,"thumbnail_id":"","thumbnail_src":"","quantity_min":1,"quantity_max":1,"priced_individually":false,"shipped_individually":true,"optional":false,"discount":"","options_style":"dropdowns","pagination_style":"classic","display_prices":"absolute","show_sorting_options":false,"show_filtering_options":false,"attribute_filter_ids":[],"select_action":"view","product_title_visible":true,"product_descr_visible":false,"product_price_visible":false,"product_thumb_visible":true,"subtotal_visible_product":true,"subtotal_visible_cart":true,"subtotal_visible_orders":true}],"composite_scenarios":[],"_links":{"self":[{"href":"https:\/\/nugosu.gg\/hu\/wp-json\/wp\/v2\/product\/151394","targetHints":{"allow":["GET"]}}],"collection":[{"href":"https:\/\/nugosu.gg\/hu\/wp-json\/wp\/v2\/product"}],"about":[{"href":"https:\/\/nugosu.gg\/hu\/wp-json\/wp\/v2\/types\/product"}],"replies":[{"embeddable":true,"href":"https:\/\/nugosu.gg\/hu\/wp-json\/wp\/v2\/comments?post=151394"}],"wp:featuredmedia":[{"embeddable":true,"href":"https:\/\/nugosu.gg\/hu\/wp-json\/wp\/v2\/media\/163335"}],"wp:attachment":[{"href":"https:\/\/nugosu.gg\/hu\/wp-json\/wp\/v2\/media?parent=151394"}],"wp:term":[{"taxonomy":"product_brand","embeddable":true,"href":"https:\/\/nugosu.gg\/hu\/wp-json\/wp\/v2\/product_brand?post=151394"},{"taxonomy":"product_cat","embeddable":true,"href":"https:\/\/nugosu.gg\/hu\/wp-json\/wp\/v2\/product_cat?post=151394"},{"taxonomy":"product_tag","embeddable":true,"href":"https:\/\/nugosu.gg\/hu\/wp-json\/wp\/v2\/product_tag?post=151394"}],"curies":[{"name":"wp","href":"https:\/\/api.w.org\/{rel}","templated":true}]}}