{"id":146977,"date":"2024-07-02T10:55:49","date_gmt":"2024-07-02T08:55:49","guid":{"rendered":"https:\/\/nugosu.gg\/?post_type=product&#038;p=146977"},"modified":"2026-01-05T21:44:28","modified_gmt":"2026-01-05T20:44:28","slug":"t-shirt-nugosu-warrior-grey","status":"publish","type":"product","link":"https:\/\/nugosu.gg\/hu\/termek\/t-shirt-nugosu-warrior-grey\/","title":{"rendered":"T \u2013 SHIRT NUGOSU WARRIOR GREY"},"content":{"rendered":"<p>Pr\u00e9mium min\u0151s\u00e9g\u0171 100% pamut anyagb\u00f3l k\u00e9sz\u00fclt NUGOSU Samurai p\u00f3l\u00f3nk kiv\u00e1l\u00f3 szab\u00e1ssal \u00e9s id\u0151tlen diz\u00e1jnnal rendelkezik, \u00edgy minden j\u00e1t\u00e9kbajnok els\u0151 sz\u00e1m\u00fa v\u00e1laszt\u00e1sa. Emelje a harcos szellem\u00e9t k\u00fcl\u00f6nleges &#8216;Samurai&#8217; kiad\u00e1sunkkal. Az \u0151si szamur\u00e1jok eleganci\u00e1ja \u00e9s fegyelme ihlette, ez a p\u00f3l\u00f3 az er\u0151t \u00e9s a becs\u00fcletet testes\u00edti meg. Ak\u00e1rcsak a szamur\u00e1j p\u00e1nc\u00e9lja, p\u00f3l\u00f3nk p\u00e1ratlan k\u00e9nyelmet \u00e9s tart\u00f3ss\u00e1got ny\u00fajt, biztos\u00edtva, hogy k\u00e9szen \u00e1lljon b\u00e1rmilyen kih\u00edv\u00e1sra.<\/p>\n","protected":false},"excerpt":{"rendered":"<h2 style=\"font-weight: 500;\">NUGOSU p\u00f3l\u00f3 kezel\u00e9si \u00fatmutat\u00f3:<\/h2>\n<p><strong><img decoding=\"async\" src=\"data:image\/gif;base64,R0lGODlhMgAjALMAAAAAABAQECEhITExMVJSUnNzc5ycnL29vc7Ozt7e3u\/v7\/\/\/\/\/\/\/\/\/\/\/\/\/\/\/\/\/\/\/\/ywAAAAAMgAjAEAE\/nDJSau9OGt5AkEDMIzBgExGIBhHUSaSYgjlQBeIMCibZACFTGJ0WBgGBN4BCaMMBc3epAAwOAsj3CRhIAy0lUGgKC2bzxYRGo0A9g7u9Uahi\/ZcVsxyVyAEF3t2CmJ2Zj8AiImKi4yLhXKQkQtiZAsKCTwXLX6PlgmYEwRVc6IASRMKLokBBZkLIIoDlYAhAXkbQwEnFCBIXgQwqb4juxVUf1KDUBdYfjxYf72FKa1nOQKuRx\/Crb0H3BUpBHI5A5ITpq5rAezt7u\/w8Oc96vP29\/jzdAOdGfUb1DbgWZCAQAAAAj5QSHUQkawKSw6uUDAoQL8JOUqYwsRwgAEEkzPGxBBF4AACFwIQUOygcdwdIPUUHCBA81uFBH38FNtCY1YGBC8qyPTypRhOLwV8ToDjkp5Bn11aDfH4ipiwW6iemgF6ykKXLxKgcRhhoUPXMlotUES6QCytHRVEKd1glsIBFmN3aFOCBGKJNRWN\/vpVRBhNJsZsyYFT7VyJf8lCNJpMGRHWfJg3AIjXsDKjzJkjAAA7\" alt=\"\" \/><img decoding=\"async\" src=\"data:image\/gif;base64,R0lGODlhMgAjALMAAAAAABAQECEhITExMVJSUnNzc5ycnL29vc7Ozt7e3u\/v7\/\/\/\/\/\/\/\/\/\/\/\/\/\/\/\/\/\/\/\/ywAAAAAMgAjAEAE\/nDJSau9OOuJSACDoVhGMIwFQIyVYghAUCRbrQyBsbgwAAiiQ0CAqBkTL5\/gYGwRfCBRc0qtWheIT+F6PXiGgAJrUhIMfAQm94LADWAhGiVRgA1za0WxNJCvUwQ7RWsZCWqEFy8EgxlCA09iG14Bh010MAIzEgYqY5wnEggFHyFjiBJPSlIKdUqVp3NnBy5nAQQGqQMHBwKUsBIKQjFpNgdnIK9NoyAeAqZUCk+3tTrKAdfY2drb3L0rv+Dh4oQFoOLBzxfRSn4awUYuH0DtsQAGvESFy0tTwTi2lW74WpBAAL8J\/q7pSjclgYcoCHpVSoBjVhIZ9BDxQMNIAi8fX6XGeTRhAAeIcsMgidwEgsalGD8MJGClQiQgXKQOlUzZKVwKH7Y6VpgEkmGVDqSkNIkmT1MVY1DscRFiYlgyDMYKtMGzJssSUQOEaqAIQKyVLAOpRF3Ltq1bH0ZXWokAADs=\" alt=\"\" \/><img decoding=\"async\" src=\"data:image\/gif;base64,R0lGODlhMgAjALMAAAAAAAgICBAQEBgYGCEhIS0tLVdXV6enp729vcbGxs7Ozt7e3ufn5+\/v7\/f39\/\/\/\/ywAAAAAMgAjAEAE\/vDJSau9OOsKAEVFVxgK5SDGIC5TIWxZBxRN1ig1pgjAC1+dh2HG+k0Qg8DBZbTIntCoFNrkTK\/YYHXScYRo20Vo6ds+OgHwpWEgGHKWXaC81UrEHUHhsHA8bksBAAFvLXRmiIkxHhUOCgYFgk96BwwWTIhaBzwFRRsgMwgPmGYdQwV+ZgyRc4kyBxhsPQCwGCEBrrQzcFUKAwK\/uRKgBaIbDptEo4dNdhQNKC4Cc3okqRTBitrb3N0UWeBSwrEIB5AGBwjXFdmljBMKBSoAAyPmLiIGnsvjDwcqxSxhWLAklARSdTwg4GFA4I94M1YxM9JhhwBjWw7MkJfrF0YzVhp75AJgIAOeQmtujSyJwYCAlx+fqcw0Q4kNXhaGtKK5IEmtLacQVgmCp0AJIwVpCG32DuIAA+rWgBCk7+DEH84eMAjUoV4BfD32rFtKMZzZrN7SSogAADs=\" alt=\"\" \/><img decoding=\"async\" src=\"data:image\/gif;base64,R0lGODlhMgAjALMAAAAAABAQECEhITExMVJSUnNzc5ycnL29vc7Ozt7e3u\/v7\/\/\/\/\/\/\/\/\/\/\/\/\/\/\/\/\/\/\/\/ywAAAAAMgAjAEAEz3DJSau9OOtcgBhgKI5gICBbqqrKEBzrdARDkhYBMKBbRyixoHBILKpmAuDQACAYDYGCsYJUphCArHbL7Xq\/0ql4TB5Df8LZwFpUFAg8YidMZH7vdxMseGZfoDo2GlBrKgkuZRYEUYmNjo+QkZKTZQmLAZiZmpuZTpUucSyLBmQtAHtBLS9jBAB0QggCAYKUGmp+QXi6Xp6wLq9FB4vAKQkCAqgYCgcFtMqtyRuqpBqmmNQZhwGhGQqt2NUGBdwYCSbkFge767oCte\/w8RYRAAA7\" alt=\"\" \/><\/strong><\/p>\n<ul>\n<li><span style=\"font-weight: 400;\">Mos\u00e1skor ford\u00edtsa ki a p\u00f3l\u00f3t, \u00e9s 40\u00b0C-on mossa.<\/span><\/li>\n<li><span style=\"font-weight: 400;\">Ne haszn\u00e1ljon feh\u00e9r\u00edt\u0151t.<\/span><\/li>\n<li><span style=\"font-weight: 400;\">Hasonl\u00f3 sz\u00ednekkel mossa.<\/span><\/li>\n<li><span style=\"font-weight: 400;\">Anyag\u00f6sszet\u00e9tel: 100% pamut<\/span><\/li>\n<\/ul>\n","protected":false},"featured_media":163549,"comment_status":"open","ping_status":"closed","template":"","meta":[],"product_brand":[],"product_cat":[752],"product_tag":[755,1273,820,756,821],"class_list":{"0":"post-146977","1":"product","2":"type-product","3":"status-publish","4":"has-post-thumbnail","6":"product_cat-clothing-hu","7":"product_tag-nugosu-hu","8":"product_tag-sale_merch-hu","9":"product_tag-t-shirt-hu","10":"product_tag-upsell_cap_en-hu","11":"product_tag-upsell_hoodie_en-hu","13":"first","14":"outofstock","15":"sale","16":"taxable","17":"shipping-taxable","18":"purchasable","19":"product-type-variable","20":"has-default-attributes"},"composite_virtual":false,"composite_layout":"","composite_add_to_cart_form_location":"","composite_editable_in_cart":false,"composite_sold_individually_context":"","composite_shop_price_calc":"","composite_components":[],"composite_scenarios":[],"_links":{"self":[{"href":"https:\/\/nugosu.gg\/hu\/wp-json\/wp\/v2\/product\/146977","targetHints":{"allow":["GET"]}}],"collection":[{"href":"https:\/\/nugosu.gg\/hu\/wp-json\/wp\/v2\/product"}],"about":[{"href":"https:\/\/nugosu.gg\/hu\/wp-json\/wp\/v2\/types\/product"}],"replies":[{"embeddable":true,"href":"https:\/\/nugosu.gg\/hu\/wp-json\/wp\/v2\/comments?post=146977"}],"wp:featuredmedia":[{"embeddable":true,"href":"https:\/\/nugosu.gg\/hu\/wp-json\/wp\/v2\/media\/163549"}],"wp:attachment":[{"href":"https:\/\/nugosu.gg\/hu\/wp-json\/wp\/v2\/media?parent=146977"}],"wp:term":[{"taxonomy":"product_brand","embeddable":true,"href":"https:\/\/nugosu.gg\/hu\/wp-json\/wp\/v2\/product_brand?post=146977"},{"taxonomy":"product_cat","embeddable":true,"href":"https:\/\/nugosu.gg\/hu\/wp-json\/wp\/v2\/product_cat?post=146977"},{"taxonomy":"product_tag","embeddable":true,"href":"https:\/\/nugosu.gg\/hu\/wp-json\/wp\/v2\/product_tag?post=146977"}],"curies":[{"name":"wp","href":"https:\/\/api.w.org\/{rel}","templated":true}]}}