{"id":146576,"date":"2024-06-12T09:19:35","date_gmt":"2024-06-12T07:19:35","guid":{"rendered":"https:\/\/nugosu.gg\/?post_type=product&#038;p=146576"},"modified":"2025-11-04T13:39:30","modified_gmt":"2025-11-04T12:39:30","slug":"shaker-nugosu-samurai-purple","status":"publish","type":"product","link":"https:\/\/nugosu.gg\/hu\/termek\/shaker-nugosu-samurai-purple\/","title":{"rendered":"SHAKER NUGOSU SAMURAI PURPLE"},"content":{"rendered":"<p>Ezzel az egyedi kivitelez\u00e9s\u0171 NUGOSU SAMURAI PURPLE shakerrel a gamer asztalodon mindenki azonnal tudni fogja, hogy a j\u00e1t\u00e9kosok azon csoportj\u00e1ba tartozol, akik mindig a maximumot hozz\u00e1k ki magukb\u00f3l, \u00e9s folyamatosan azon dolgoznak, hogy minden alkalommal a k\u00f6vetkez\u0151 szintre jussanak.<\/p>\n","protected":false},"excerpt":{"rendered":"<ul>\n<li><span class=\"font-762333 font-175610\"><span style=\"font-weight: 400;\">Egyedi kivitelez\u00e9s\u0171 NUGOSU diz\u00e1jn<\/span><\/span><\/li>\n<li><span class=\"font-762333 font-175610\">500 ml \u0171rtartalom<\/span><\/li>\n<li><span class=\"font-762333 font-175610\">SCORE \u00e9s NUGOSU log\u00f3k a shaker 2 oldal\u00e1n<\/span><\/li>\n<li><span class=\"font-762333 font-175610\">Ying and Yang log\u00f3 a kupakon<\/span><\/li>\n<li><span class=\"font-762333 font-175610\">Bels\u0151 szit\u00e1val, mely seg\u00edti az old\u00f3d\u00e1st<\/span><\/li>\n<li><span class=\"font-762333 font-175610\">T\u00f6k\u00e9letes szigetel\u00e9s, nem cs\u00f6p\u00f6g<\/span><\/li>\n<li><span class=\"font-762333 font-175610\">nem tartalmaz BPA-t \u00e9s DEHP-t, nem m\u00e9rgez\u0151 m\u0171anyagb\u00f3l k\u00e9sz\u00fclt<\/span><\/li>\n<li><span class=\"font-762333 font-175610\">Az EU-ban k\u00e9sz\u00fclt<\/span><\/li>\n<\/ul>\n<p><img decoding=\"async\" class=\"alignnone wp-image-91260\" src=\"https:\/\/nugosu.gg\/wp-content\/uploads\/2021\/03\/Vrstva-1-1.png\" sizes=\"(max-width: 317px) 100vw, 317px\" srcset=\"https:\/\/nugosu.gg\/wp-content\/uploads\/2021\/03\/Vrstva-1-1.png 820w, https:\/\/nugosu.gg\/wp-content\/uploads\/2021\/03\/Vrstva-1-1-300x87.png 300w, https:\/\/nugosu.gg\/wp-content\/uploads\/2021\/03\/Vrstva-1-1-768x223.png 768w, https:\/\/nugosu.gg\/wp-content\/uploads\/2021\/03\/Vrstva-1-1-600x174.png 600w\" alt=\"\" width=\"317\" height=\"92\" \/><\/p>\n","protected":false},"featured_media":163427,"comment_status":"open","ping_status":"closed","template":"","meta":[],"product_brand":[],"product_cat":[828],"product_tag":[1292,829],"class_list":{"0":"post-146576","1":"product","2":"type-product","3":"status-publish","4":"has-post-thumbnail","6":"product_cat-accessories-hu","7":"product_tag-sale_shaker-hu","8":"product_tag-shaker-hu","10":"first","11":"instock","12":"taxable","13":"shipping-taxable","14":"purchasable","15":"product-type-simple"},"composite_virtual":false,"composite_layout":"","composite_add_to_cart_form_location":"","composite_editable_in_cart":false,"composite_sold_individually_context":"","composite_shop_price_calc":"","composite_components":[],"composite_scenarios":[],"_links":{"self":[{"href":"https:\/\/nugosu.gg\/hu\/wp-json\/wp\/v2\/product\/146576","targetHints":{"allow":["GET"]}}],"collection":[{"href":"https:\/\/nugosu.gg\/hu\/wp-json\/wp\/v2\/product"}],"about":[{"href":"https:\/\/nugosu.gg\/hu\/wp-json\/wp\/v2\/types\/product"}],"replies":[{"embeddable":true,"href":"https:\/\/nugosu.gg\/hu\/wp-json\/wp\/v2\/comments?post=146576"}],"wp:featuredmedia":[{"embeddable":true,"href":"https:\/\/nugosu.gg\/hu\/wp-json\/wp\/v2\/media\/163427"}],"wp:attachment":[{"href":"https:\/\/nugosu.gg\/hu\/wp-json\/wp\/v2\/media?parent=146576"}],"wp:term":[{"taxonomy":"product_brand","embeddable":true,"href":"https:\/\/nugosu.gg\/hu\/wp-json\/wp\/v2\/product_brand?post=146576"},{"taxonomy":"product_cat","embeddable":true,"href":"https:\/\/nugosu.gg\/hu\/wp-json\/wp\/v2\/product_cat?post=146576"},{"taxonomy":"product_tag","embeddable":true,"href":"https:\/\/nugosu.gg\/hu\/wp-json\/wp\/v2\/product_tag?post=146576"}],"curies":[{"name":"wp","href":"https:\/\/api.w.org\/{rel}","templated":true}]}}