{"id":135673,"date":"2024-02-07T21:47:00","date_gmt":"2024-02-07T20:47:00","guid":{"rendered":"https:\/\/nugosu.gg\/?post_type=product&#038;p=135673"},"modified":"2025-09-18T10:15:41","modified_gmt":"2025-09-18T08:15:41","slug":"nugosu-snapback-cap-silver","status":"publish","type":"product","link":"https:\/\/nugosu.gg\/hu\/termek\/nugosu-snapback-cap-silver\/","title":{"rendered":"NUGOSU Snapback Cap SILVER"},"content":{"rendered":"<p>A NUGOSU Snapback Silver sapka egy st\u00edlusos \u00e9s praktikus kieg\u00e9sz\u00edt\u0151je a ruhat\u00e1radnak. A diz\u00e1jnt kiv\u00e1l\u00f3 min\u0151s\u00e9g\u0171 varr\u00e1sok \u00e9s az elej\u00e9n egy nagy h\u00edmzett NUGOSU log\u00f3 hat\u00e1rozza meg. T\u0171nj ki a t\u00f6megb\u0151l \u00e9s mutasd meg a k\u00f6rnyezetednek, hogy egy igazi GAMER vagy!<\/p>\n","protected":false},"excerpt":{"rendered":"<h2 style=\"font-weight: 500;\" data-mce-style=\"font-weight: 500;\">NUGOSU Snapback sapka kezel\u00e9si \u00fatmutat\u00f3?<\/h2>\n<p style=\"text-align: left;\" data-mce-style=\"text-align: left;\"><strong><a href=\"https:\/\/nugosu.gg\/wp-content\/uploads\/2021\/09\/\u2014Pngtree\u2014sponge-icon-design-template-vector_4092027-1.svg\" data-mce-href=\"https:\/\/nugosu.gg\/wp-content\/uploads\/2021\/09\/\u2014Pngtree\u2014sponge-icon-design-template-vector_4092027-1.svg\"><img decoding=\"async\" class=\"alignnone wp-image-96165\" src=\"https:\/\/nugosu.gg\/wp-content\/uploads\/2021\/09\/\u2014Pngtree\u2014sponge-icon-design-template-vector_4092027-1.svg\" alt=\"\" width=\"48\" height=\"48\" data-mce-src=\"https:\/\/nugosu.gg\/wp-content\/uploads\/2021\/09\/\u2014Pngtree\u2014sponge-icon-design-template-vector_4092027-1.svg\"><\/a>Tiszt\u00edtsa nedves szivaccsal !<\/strong><\/p>\n<p><img decoding=\"async\" class=\"alignnone wp-image-96169\" src=\"https:\/\/nugosu.gg\/wp-content\/uploads\/2021\/09\/Laundry_icons.svg\" alt=\"\" width=\"273\" height=\"54\" data-mce-src=\"https:\/\/nugosu.gg\/wp-content\/uploads\/2021\/09\/Laundry_icons.svg\"><\/p>\n<p>Anyag: 100% pamut<\/p>\n","protected":false},"featured_media":163579,"comment_status":"open","ping_status":"closed","template":"","meta":[],"product_brand":[],"product_cat":[752],"product_tag":[755,853,821,757],"class_list":{"0":"post-135673","1":"product","2":"type-product","3":"status-publish","4":"has-post-thumbnail","6":"product_cat-clothing-hu","7":"product_tag-nugosu-hu","8":"product_tag-snapback-cap-hu","9":"product_tag-upsell_hoodie_en-hu","10":"product_tag-upsell_t-shirt_en-hu","12":"first","13":"instock","14":"taxable","15":"shipping-taxable","16":"purchasable","17":"product-type-simple"},"composite_virtual":false,"composite_layout":"","composite_add_to_cart_form_location":"","composite_editable_in_cart":false,"composite_sold_individually_context":"","composite_shop_price_calc":"","composite_components":[],"composite_scenarios":[],"_links":{"self":[{"href":"https:\/\/nugosu.gg\/hu\/wp-json\/wp\/v2\/product\/135673","targetHints":{"allow":["GET"]}}],"collection":[{"href":"https:\/\/nugosu.gg\/hu\/wp-json\/wp\/v2\/product"}],"about":[{"href":"https:\/\/nugosu.gg\/hu\/wp-json\/wp\/v2\/types\/product"}],"replies":[{"embeddable":true,"href":"https:\/\/nugosu.gg\/hu\/wp-json\/wp\/v2\/comments?post=135673"}],"wp:featuredmedia":[{"embeddable":true,"href":"https:\/\/nugosu.gg\/hu\/wp-json\/wp\/v2\/media\/163579"}],"wp:attachment":[{"href":"https:\/\/nugosu.gg\/hu\/wp-json\/wp\/v2\/media?parent=135673"}],"wp:term":[{"taxonomy":"product_brand","embeddable":true,"href":"https:\/\/nugosu.gg\/hu\/wp-json\/wp\/v2\/product_brand?post=135673"},{"taxonomy":"product_cat","embeddable":true,"href":"https:\/\/nugosu.gg\/hu\/wp-json\/wp\/v2\/product_cat?post=135673"},{"taxonomy":"product_tag","embeddable":true,"href":"https:\/\/nugosu.gg\/hu\/wp-json\/wp\/v2\/product_tag?post=135673"}],"curies":[{"name":"wp","href":"https:\/\/api.w.org\/{rel}","templated":true}]}}