{"id":121235,"date":"2023-08-02T23:33:20","date_gmt":"2023-08-02T21:33:20","guid":{"rendered":"https:\/\/nugosu.gg\/product\/nugosu-string-backpack-black\/"},"modified":"2025-11-09T19:31:34","modified_gmt":"2025-11-09T18:31:34","slug":"nugosu-string-backpack-black","status":"publish","type":"product","link":"https:\/\/nugosu.gg\/hu\/termek\/nugosu-string-backpack-black\/","title":{"rendered":"NUGOSU String Backpack Black"},"content":{"rendered":"<p>Anyaga: 100% poli\u00e9szter<br \/>\nFekete sz\u00edn\u0171 \/ feh\u00e9r log\u00f3<\/p>\n<p>M\u00e9retek:<br \/>\nHossza 44 cm<br \/>\nSz\u00e9less\u00e9ge 34 cm<\/p>\n","protected":false},"excerpt":{"rendered":"<p>Anyaga: 100% poli\u00e9szter Fekete sz\u00edn\u0171 \/ feh\u00e9r log\u00f3 M\u00e9retek: Hossza 44 cm Sz\u00e9less\u00e9ge 34 cm<\/p>\n","protected":false},"featured_media":163585,"comment_status":"open","ping_status":"closed","template":"","meta":[],"product_brand":[],"product_cat":[752],"product_tag":[1834],"class_list":{"0":"post-121235","1":"product","2":"type-product","3":"status-publish","4":"has-post-thumbnail","6":"product_cat-clothing-hu","7":"product_tag-backpack-hu","9":"first","10":"instock","11":"taxable","12":"shipping-taxable","13":"purchasable","14":"product-type-simple"},"composite_virtual":false,"composite_layout":"","composite_add_to_cart_form_location":"","composite_editable_in_cart":false,"composite_sold_individually_context":"","composite_shop_price_calc":"","composite_components":[],"composite_scenarios":[],"_links":{"self":[{"href":"https:\/\/nugosu.gg\/hu\/wp-json\/wp\/v2\/product\/121235","targetHints":{"allow":["GET"]}}],"collection":[{"href":"https:\/\/nugosu.gg\/hu\/wp-json\/wp\/v2\/product"}],"about":[{"href":"https:\/\/nugosu.gg\/hu\/wp-json\/wp\/v2\/types\/product"}],"replies":[{"embeddable":true,"href":"https:\/\/nugosu.gg\/hu\/wp-json\/wp\/v2\/comments?post=121235"}],"wp:featuredmedia":[{"embeddable":true,"href":"https:\/\/nugosu.gg\/hu\/wp-json\/wp\/v2\/media\/163585"}],"wp:attachment":[{"href":"https:\/\/nugosu.gg\/hu\/wp-json\/wp\/v2\/media?parent=121235"}],"wp:term":[{"taxonomy":"product_brand","embeddable":true,"href":"https:\/\/nugosu.gg\/hu\/wp-json\/wp\/v2\/product_brand?post=121235"},{"taxonomy":"product_cat","embeddable":true,"href":"https:\/\/nugosu.gg\/hu\/wp-json\/wp\/v2\/product_cat?post=121235"},{"taxonomy":"product_tag","embeddable":true,"href":"https:\/\/nugosu.gg\/hu\/wp-json\/wp\/v2\/product_tag?post=121235"}],"curies":[{"name":"wp","href":"https:\/\/api.w.org\/{rel}","templated":true}]}}