{"id":118092,"date":"2023-05-08T13:27:28","date_gmt":"2023-05-08T11:27:28","guid":{"rendered":"https:\/\/nugosu.gg\/?post_type=product&#038;p=118092"},"modified":"2025-10-02T12:04:18","modified_gmt":"2025-10-02T10:04:18","slug":"t-shirt-nugosu-energy","status":"publish","type":"product","link":"https:\/\/nugosu.gg\/hu\/termek\/t-shirt-nugosu-energy\/","title":{"rendered":"T \u2013 SHIRT NUGOSU ENERGY"},"content":{"rendered":"<p>A st\u00edlusos diz\u00e1jnnak \u00e9s a kiv\u00e1l\u00f3 min\u0151s\u00e9g\u0171 pamut kever\u00e9k anyag\u00e1nak k\u00f6sz\u00f6nhet\u0151en az ENERGY kollekci\u00f3b\u00f3l sz\u00e1rmaz\u00f3 NUGOSU p\u00f3l\u00f3ink \u200b\u200bminden j\u00e1t\u00e9kos kedvenc p\u00f3l\u00f3j\u00e1v\u00e1 v\u00e1lnak!<\/p>\n","protected":false},"excerpt":{"rendered":"<h2 style=\"font-weight: 500;\">NUGOSU p\u00f3l\u00f3 kezel\u00e9si \u00fatmutat\u00f3:<\/h2>\n<p><strong>\u00a0<\/strong><\/p>\n<p><strong><img decoding=\"async\" class=\"wp-image-111495 alignnone\" src=\"https:\/\/nugosu.gg\/wp-content\/uploads\/2022\/12\/mw_40c.jpg\" alt=\"\" width=\"46\" height=\"31\" srcset=\"https:\/\/nugosu.gg\/wp-content\/uploads\/2022\/12\/mw_40c.jpg 218w, https:\/\/nugosu.gg\/wp-content\/uploads\/2022\/12\/mw_40c-60x40.jpg 60w, https:\/\/nugosu.gg\/wp-content\/uploads\/2022\/12\/mw_40c-110x74.jpg 110w\" sizes=\"(max-width: 46px) 100vw, 46px\" \/><\/strong><strong><img decoding=\"async\" src=\"data:image\/gif;base64,R0lGODlhMgAjALMAAAAAABAQECEhITExMVJSUnNzc5ycnL29vc7Ozt7e3u\/v7\/\/\/\/\/\/\/\/\/\/\/\/\/\/\/\/\/\/\/\/ywAAAAAMgAjAEAE\/nDJSau9OOuJSACDoVhGMIwFQIyVYghAUCRbrQyBsbgwAAiiQ0CAqBkTL5\/gYGwRfCBRc0qtWheIT+F6PXiGgAJrUhIMfAQm94LADWAhGiVRgA1za0WxNJCvUwQ7RWsZCWqEFy8EgxlCA09iG14Bh010MAIzEgYqY5wnEggFHyFjiBJPSlIKdUqVp3NnBy5nAQQGqQMHBwKUsBIKQjFpNgdnIK9NoyAeAqZUCk+3tTrKAdfY2drb3L0rv+Dh4oQFoOLBzxfRSn4awUYuH0DtsQAGvESFy0tTwTi2lW74WpBAAL8J\/q7pSjclgYcoCHpVSoBjVhIZ9BDxQMNIAi8fX6XGeTRhAAeIcsMgidwEgsalGD8MJGClQiQgXKQOlUzZKVwKH7Y6VpgEkmGVDqSkNIkmT1MVY1DscRFiYlgyDMYKtMGzJssSUQOEaqAIQKyVLAOpRF3Ltq1bH0ZXWokAADs=\" alt=\"\" \/><img decoding=\"async\" src=\"data:image\/gif;base64,R0lGODlhMgAjALMAAAAAAAgICBAQEBgYGCEhIS0tLVdXV6enp729vcbGxs7Ozt7e3ufn5+\/v7\/f39\/\/\/\/ywAAAAAMgAjAEAE\/vDJSau9OOsKAEVFVxgK5SDGIC5TIWxZBxRN1ig1pgjAC1+dh2HG+k0Qg8DBZbTIntCoFNrkTK\/YYHXScYRo20Vo6ds+OgHwpWEgGHKWXaC81UrEHUHhsHA8bksBAAFvLXRmiIkxHhUOCgYFgk96BwwWTIhaBzwFRRsgMwgPmGYdQwV+ZgyRc4kyBxhsPQCwGCEBrrQzcFUKAwK\/uRKgBaIbDptEo4dNdhQNKC4Cc3okqRTBitrb3N0UWeBSwrEIB5AGBwjXFdmljBMKBSoAAyPmLiIGnsvjDwcqxSxhWLAklARSdTwg4GFA4I94M1YxM9JhhwBjWw7MkJfrF0YzVhp75AJgIAOeQmtujSyJwYCAlx+fqcw0Q4kNXhaGtKK5IEmtLacQVgmCp0AJIwVpCG32DuIAA+rWgBCk7+DEH84eMAjUoV4BfD32rFtKMZzZrN7SSogAADs=\" alt=\"\" \/><img decoding=\"async\" src=\"data:image\/gif;base64,R0lGODlhMgAjALMAAAAAABAQECEhITExMVJSUnNzc5ycnL29vc7Ozt7e3u\/v7\/\/\/\/\/\/\/\/\/\/\/\/\/\/\/\/\/\/\/\/ywAAAAAMgAjAEAEz3DJSau9OOtcgBhgKI5gICBbqqrKEBzrdARDkhYBMKBbRyixoHBILKpmAuDQACAYDYGCsYJUphCArHbL7Xq\/0ql4TB5Df8LZwFpUFAg8YidMZH7vdxMseGZfoDo2GlBrKgkuZRYEUYmNjo+QkZKTZQmLAZiZmpuZTpUucSyLBmQtAHtBLS9jBAB0QggCAYKUGmp+QXi6Xp6wLq9FB4vAKQkCAqgYCgcFtMqtyRuqpBqmmNQZhwGhGQqt2NUGBdwYCSbkFge767oCte\/w8RYRAAA7\" alt=\"\" \/><\/strong><\/p>\n<ul>\n<li><span style=\"font-weight: 400;\">Mos\u00e1skor ford\u00edtsa ki a p\u00f3l\u00f3t, \u00e9s 40\u00b0C-on mossa.<\/span><\/li>\n<li><span style=\"font-weight: 400;\">Ne haszn\u00e1ljon feh\u00e9r\u00edt\u0151t.<\/span><\/li>\n<li><span style=\"font-weight: 400;\">Hasonl\u00f3 sz\u00ednekkel mossa.<\/span><\/li>\n<li><span style=\"font-weight: 400;\">Anyag\u00f6sszet\u00e9tel: 100% pamut<\/span><\/li>\n<\/ul>\n","protected":false},"featured_media":163555,"comment_status":"open","ping_status":"closed","template":"","meta":[],"product_brand":[],"product_cat":[752],"product_tag":[755,1273,820,756,821],"class_list":{"0":"post-118092","1":"product","2":"type-product","3":"status-publish","4":"has-post-thumbnail","6":"product_cat-clothing-hu","7":"product_tag-nugosu-hu","8":"product_tag-sale_merch-hu","9":"product_tag-t-shirt-hu","10":"product_tag-upsell_cap_en-hu","11":"product_tag-upsell_hoodie_en-hu","13":"first","14":"outofstock","15":"taxable","16":"shipping-taxable","17":"purchasable","18":"product-type-variable","19":"has-default-attributes"},"composite_virtual":false,"composite_layout":"","composite_add_to_cart_form_location":"","composite_editable_in_cart":false,"composite_sold_individually_context":"","composite_shop_price_calc":"","composite_components":[],"composite_scenarios":[],"_links":{"self":[{"href":"https:\/\/nugosu.gg\/hu\/wp-json\/wp\/v2\/product\/118092","targetHints":{"allow":["GET"]}}],"collection":[{"href":"https:\/\/nugosu.gg\/hu\/wp-json\/wp\/v2\/product"}],"about":[{"href":"https:\/\/nugosu.gg\/hu\/wp-json\/wp\/v2\/types\/product"}],"replies":[{"embeddable":true,"href":"https:\/\/nugosu.gg\/hu\/wp-json\/wp\/v2\/comments?post=118092"}],"wp:featuredmedia":[{"embeddable":true,"href":"https:\/\/nugosu.gg\/hu\/wp-json\/wp\/v2\/media\/163555"}],"wp:attachment":[{"href":"https:\/\/nugosu.gg\/hu\/wp-json\/wp\/v2\/media?parent=118092"}],"wp:term":[{"taxonomy":"product_brand","embeddable":true,"href":"https:\/\/nugosu.gg\/hu\/wp-json\/wp\/v2\/product_brand?post=118092"},{"taxonomy":"product_cat","embeddable":true,"href":"https:\/\/nugosu.gg\/hu\/wp-json\/wp\/v2\/product_cat?post=118092"},{"taxonomy":"product_tag","embeddable":true,"href":"https:\/\/nugosu.gg\/hu\/wp-json\/wp\/v2\/product_tag?post=118092"}],"curies":[{"name":"wp","href":"https:\/\/api.w.org\/{rel}","templated":true}]}}