{"id":118007,"date":"2023-05-05T00:13:33","date_gmt":"2023-05-04T22:13:33","guid":{"rendered":"https:\/\/nugosu.gg\/?post_type=product&#038;p=118007"},"modified":"2026-03-21T19:33:16","modified_gmt":"2026-03-21T18:33:16","slug":"gamer-bundle-lvl-1","status":"publish","type":"product","link":"https:\/\/nugosu.gg\/hu\/termek\/gamer-bundle-lvl-1\/","title":{"rendered":"Gamer Bundle LVL.1"},"content":{"rendered":"","protected":false},"excerpt":{"rendered":"","protected":false},"featured_media":163323,"comment_status":"open","ping_status":"closed","template":"","meta":[],"product_brand":[],"product_cat":[1825,818],"product_tag":[],"class_list":{"0":"post-118007","1":"product","2":"type-product","3":"status-publish","4":"has-post-thumbnail","6":"product_cat-bundles-hu","7":"product_cat-nezaradene-hu","9":"first","10":"instock","11":"sale","12":"virtual","13":"taxable","14":"purchasable","15":"product-type-composite"},"composite_virtual":false,"composite_layout":"progressive","composite_add_to_cart_form_location":"default","composite_editable_in_cart":false,"composite_sold_individually_context":"product","composite_shop_price_calc":"defaults","composite_components":[{"id":"1733306192","title":"SCORE vagy UNLIMITED - V\u00c1LASZT\u00c1S","description":"","query_type":"category_ids","query_ids":[925,1837],"default_option_id":143069,"thumbnail_id":"","thumbnail_src":"","quantity_min":1,"quantity_max":1,"priced_individually":false,"shipped_individually":true,"optional":false,"discount":"","options_style":"dropdowns","pagination_style":"classic","display_prices":"absolute","show_sorting_options":false,"show_filtering_options":false,"attribute_filter_ids":[],"select_action":"view","product_title_visible":true,"product_descr_visible":false,"product_price_visible":false,"product_thumb_visible":true,"subtotal_visible_product":true,"subtotal_visible_cart":true,"subtotal_visible_orders":true},{"id":"1733306193","title":"SHAKER - V\u00c1LASZT\u00c1S","description":"","query_type":"product_ids","query_ids":[112255,112207,112202,112196,145713,146542,146576],"default_option_id":112255,"thumbnail_id":"","thumbnail_src":"","quantity_min":1,"quantity_max":1,"priced_individually":false,"shipped_individually":true,"optional":false,"discount":"","options_style":"dropdowns","pagination_style":"classic","display_prices":"absolute","show_sorting_options":false,"show_filtering_options":false,"attribute_filter_ids":[],"select_action":"view","product_title_visible":true,"product_descr_visible":false,"product_price_visible":false,"product_thumb_visible":true,"subtotal_visible_product":true,"subtotal_visible_cart":true,"subtotal_visible_orders":true},{"id":"1733306194","title":"P\u00d3L\u00d3 - V\u00c1LASZT\u00c1S","description":"","query_type":"product_ids","query_ids":[118092,112248,146977],"default_option_id":118092,"thumbnail_id":"","thumbnail_src":"","quantity_min":1,"quantity_max":1,"priced_individually":false,"shipped_individually":true,"optional":false,"discount":"","options_style":"dropdowns","pagination_style":"classic","display_prices":"absolute","show_sorting_options":false,"show_filtering_options":false,"attribute_filter_ids":[],"select_action":"view","product_title_visible":true,"product_descr_visible":false,"product_price_visible":false,"product_thumb_visible":true,"subtotal_visible_product":true,"subtotal_visible_cart":true,"subtotal_visible_orders":true},{"id":"1733306195","title":"KIEG\u00c9SZ\u00cdT\u0150K - V\u00c1LASZT\u00c1S","description":"","query_type":"product_ids","query_ids":[117976,146821,121235,112239,135673,157716],"default_option_id":117976,"thumbnail_id":"","thumbnail_src":"","quantity_min":1,"quantity_max":1,"priced_individually":false,"shipped_individually":true,"optional":false,"discount":"","options_style":"dropdowns","pagination_style":"classic","display_prices":"absolute","show_sorting_options":false,"show_filtering_options":false,"attribute_filter_ids":[],"select_action":"view","product_title_visible":true,"product_descr_visible":false,"product_price_visible":false,"product_thumb_visible":true,"subtotal_visible_product":true,"subtotal_visible_cart":true,"subtotal_visible_orders":true},{"id":"1733306196","title":"AJ\u00c1ND\u00c9K - V\u00c1LASZT\u00c1S","description":"","query_type":"product_ids","query_ids":[112201,113674,112225,112226,121834,165088,159435],"default_option_id":165088,"thumbnail_id":"","thumbnail_src":"","quantity_min":1,"quantity_max":1,"priced_individually":false,"shipped_individually":true,"optional":false,"discount":"","options_style":"dropdowns","pagination_style":"classic","display_prices":"absolute","show_sorting_options":false,"show_filtering_options":false,"attribute_filter_ids":[],"select_action":"view","product_title_visible":true,"product_descr_visible":false,"product_price_visible":false,"product_thumb_visible":true,"subtotal_visible_product":true,"subtotal_visible_cart":true,"subtotal_visible_orders":true}],"composite_scenarios":[],"_links":{"self":[{"href":"https:\/\/nugosu.gg\/hu\/wp-json\/wp\/v2\/product\/118007","targetHints":{"allow":["GET"]}}],"collection":[{"href":"https:\/\/nugosu.gg\/hu\/wp-json\/wp\/v2\/product"}],"about":[{"href":"https:\/\/nugosu.gg\/hu\/wp-json\/wp\/v2\/types\/product"}],"replies":[{"embeddable":true,"href":"https:\/\/nugosu.gg\/hu\/wp-json\/wp\/v2\/comments?post=118007"}],"wp:featuredmedia":[{"embeddable":true,"href":"https:\/\/nugosu.gg\/hu\/wp-json\/wp\/v2\/media\/163323"}],"wp:attachment":[{"href":"https:\/\/nugosu.gg\/hu\/wp-json\/wp\/v2\/media?parent=118007"}],"wp:term":[{"taxonomy":"product_brand","embeddable":true,"href":"https:\/\/nugosu.gg\/hu\/wp-json\/wp\/v2\/product_brand?post=118007"},{"taxonomy":"product_cat","embeddable":true,"href":"https:\/\/nugosu.gg\/hu\/wp-json\/wp\/v2\/product_cat?post=118007"},{"taxonomy":"product_tag","embeddable":true,"href":"https:\/\/nugosu.gg\/hu\/wp-json\/wp\/v2\/product_tag?post=118007"}],"curies":[{"name":"wp","href":"https:\/\/api.w.org\/{rel}","templated":true}]}}