{"id":112208,"date":"2021-12-15T22:15:34","date_gmt":"2021-12-15T21:15:34","guid":{"rendered":"https:\/\/nugosu.gg\/product\/gift-cards\/"},"modified":"2024-10-06T19:48:19","modified_gmt":"2024-10-06T17:48:19","slug":"gift-cards","status":"publish","type":"product","link":"https:\/\/nugosu.gg\/hu\/termek\/gift-cards\/","title":{"rendered":"Gift Cards"},"content":{"rendered":"<p>A NUGOSU aj\u00e1nd\u00e9kutalv\u00e1ny ide\u00e1lis aj\u00e1nd\u00e9k minden gamer sz\u00e1m\u00e1ra. Ha nem tudod, mivel aj\u00e1nd\u00e9kozd meg k\u00f6zeli gameredet, egy NUGOSU aj\u00e1nd\u00e9kutalv\u00e1nynak garant\u00e1ltan \u00f6r\u00fclni fog. Saj\u00e1t maga d\u00f6nti majd el, melyik term\u00e9kre van pont sz\u00fcks\u00e9ge.<\/p>\n","protected":false},"excerpt":{"rendered":"<h3>Hogyan vedd ig\u00e9nybe az aj\u00e1nd\u00e9kutalv\u00e1nyt:<\/h3>\n<p style=\"padding-left: 40px;\"><strong>\u2022<\/strong>\u00a0 FV\u00e1s\u00e1rold meg az aj\u00e1nd\u00e9kutalv\u00e1nyt:<br \/>\n<strong>\u00a0 \u00a0 \u2192 Digit\u00e1lis <em>(PDF)<\/em><\/strong> &#8211; az \u00e1ltalad ( kos\u00e1rban) megadott e-mail c\u00edmre k\u00fcldj\u00fck az egyedi k\u00f3ddal ell\u00e1tott aj\u00e1nd\u00e9kutalv\u00e1nyt.<br \/>\n<strong>\u00a0 \u00a0 \u2192 Digit\u00e1lis \u00e9s nyomtatott v\u00e1ltozat<\/strong> &#8211; az \u00e1ltalad megadott sz\u00e1ll\u00edt\u00e1si c\u00edmre k\u00fcldj\u00fck az egyedi k\u00f3ddal ell\u00e1tott nyomtatott aj\u00e1nd\u00e9kutalv\u00e1nyt + Digit\u00e1lis (PDF) az \u00e1ltalad megadott e-mail c\u00edmre.<br \/>\n<strong>\u2022<\/strong>\u00a0 Aj\u00e1nd\u00e9kozd el az aj\u00e1nd\u00e9kutalv\u00e1nyt a kedvenc gamerednek.<br \/>\n<strong>\u2022<\/strong>\u00a0 Az aj\u00e1nd\u00e9kutalv\u00e1nyon szerepl\u0151 k\u00f3dot a megaj\u00e1nd\u00e9kozott szem\u00e9ly a rendel\u00e9s lead\u00e1sn\u00e1l a p\u00e9nzt\u00e1rban tudja bev\u00e1ltani.<br \/>\n<strong>\u2022<\/strong>\u00a0 Az \u00f6sszeg automatikusan levon\u00e1sra ker\u00fcl a kos\u00e1rban l\u00e9v\u0151 rendel\u00e9s \u00f6sszeg\u00e9b\u0151l.<br \/>\n<strong>\u2022<\/strong>\u00a0 Ezt k\u00f6vet\u0151en az aj\u00e1nd\u00e9kutalv\u00e1ny m\u00e1r nem haszn\u00e1lhat\u00f3 &#8222;GAME OVER&#8221;.<\/p>\n<h6><strong><span style=\"color: #ff6600;\">*<\/span><\/strong>additional shipping charges may apply<\/h6>\n<h3>Az aj\u00e1nd\u00e9kutalv\u00e1ny ig\u00e9nybev\u00e9tel szab\u00e1lyai:<\/h3>\n<p style=\"padding-left: 40px;\"><strong>\u2022<\/strong> Egy rendel\u00e9sben csak egy aj\u00e1nd\u00e9kutalv\u00e1ny haszn\u00e1lhat\u00f3 fel.<br \/>\n<strong>\u2022<\/strong> Az aj\u00e1nd\u00e9kutalv\u00e1ny \u00f6sszegb\u0151l visszaj\u00e1r\u00f3 nem adhat\u00f3, az \u00f6sszeg k\u00e9szp\u00e9nzre nem v\u00e1lthat\u00f3.<br \/>\n<strong>\u2022<\/strong> A kupon a NUGOSU.gg e-shop teljes v\u00e1laszt\u00e9k\u00e1ra vonatkozik.<\/p>\n","protected":false},"featured_media":109365,"comment_status":"open","ping_status":"closed","template":"","meta":[],"product_brand":[],"product_cat":[841],"product_tag":[842],"class_list":{"0":"post-112208","1":"product","2":"type-product","3":"status-publish","4":"has-post-thumbnail","6":"product_cat-gifts-hu","7":"product_tag-gift_cards-hu","9":"first","10":"instock","11":"taxable","12":"shipping-taxable","13":"purchasable","14":"product-type-variable"},"composite_virtual":false,"composite_layout":"","composite_add_to_cart_form_location":"","composite_editable_in_cart":false,"composite_sold_individually_context":"","composite_shop_price_calc":"","composite_components":[],"composite_scenarios":[],"_links":{"self":[{"href":"https:\/\/nugosu.gg\/hu\/wp-json\/wp\/v2\/product\/112208","targetHints":{"allow":["GET"]}}],"collection":[{"href":"https:\/\/nugosu.gg\/hu\/wp-json\/wp\/v2\/product"}],"about":[{"href":"https:\/\/nugosu.gg\/hu\/wp-json\/wp\/v2\/types\/product"}],"replies":[{"embeddable":true,"href":"https:\/\/nugosu.gg\/hu\/wp-json\/wp\/v2\/comments?post=112208"}],"wp:featuredmedia":[{"embeddable":true,"href":"https:\/\/nugosu.gg\/hu\/wp-json\/wp\/v2\/media\/109365"}],"wp:attachment":[{"href":"https:\/\/nugosu.gg\/hu\/wp-json\/wp\/v2\/media?parent=112208"}],"wp:term":[{"taxonomy":"product_brand","embeddable":true,"href":"https:\/\/nugosu.gg\/hu\/wp-json\/wp\/v2\/product_brand?post=112208"},{"taxonomy":"product_cat","embeddable":true,"href":"https:\/\/nugosu.gg\/hu\/wp-json\/wp\/v2\/product_cat?post=112208"},{"taxonomy":"product_tag","embeddable":true,"href":"https:\/\/nugosu.gg\/hu\/wp-json\/wp\/v2\/product_tag?post=112208"}],"curies":[{"name":"wp","href":"https:\/\/api.w.org\/{rel}","templated":true}]}}