{"id":112196,"date":"2022-11-25T14:32:37","date_gmt":"2022-11-25T13:32:37","guid":{"rendered":"https:\/\/nugosu.gg\/product\/shaker-nugosu-red-stream\/"},"modified":"2026-04-29T11:14:58","modified_gmt":"2026-04-29T09:14:58","slug":"shaker-nugosu-red-stream","status":"publish","type":"product","link":"https:\/\/nugosu.gg\/hu\/termek\/shaker-nugosu-red-stream\/","title":{"rendered":"SHAKER NUGOSU RED STREAM"},"content":{"rendered":"<p><span style=\"font-weight: 400;\">Ezzel az egyedi kivitelez\u00e9s\u0171 piros NUGOSU shakerrel a gamer asztalodon mindenki azonnal tudni fogja, hogy a j\u00e1t\u00e9kosok azon csoportj\u00e1ba tartozol, akik mindig a maximumot hozz\u00e1k ki magukb\u00f3l, \u00e9s folyamatosan azon dolgoznak, hogy minden alkalommal a k\u00f6vetkez\u0151 szintre jussanak.<\/span><\/p>\n","protected":false},"excerpt":{"rendered":"<ul>\n<li><span class=\"font-762333\" style=\"font-weight: 400;\">Egyedi kivitelez\u00e9s\u0171 <span style=\"font-weight: 400;\">NUGOSU <\/span>diz\u00e1jn<\/span><\/li>\n<li><span class=\"font-762333\" style=\"font-weight: 400;\">500 ml \u0171rtartalom<\/span><\/li>\n<li><span class=\"font-762333\" style=\"font-weight: 400;\">NUGOSU log\u00f3k a shaker 2 oldal\u00e1n<\/span><\/li>\n<li><span class=\"font-762333\" style=\"font-weight: 400;\">Bels\u0151 szit\u00e1val, mely seg\u00edti az old\u00f3d\u00e1st<\/span><\/li>\n<li><span class=\"font-762333\" style=\"font-weight: 400;\">T\u00f6k\u00e9letes szigetel\u00e9s, nem cs\u00f6p\u00f6g<\/span><\/li>\n<li><span class=\"font-762333\" style=\"font-weight: 400;\">nem tartalmaz BPA-t \u00e9s DEHP-t, nem m\u00e9rgez\u0151 m\u0171anyagb\u00f3l k\u00e9sz\u00fclt<\/span><\/li>\n<li><span class=\"font-762333\" style=\"font-weight: 400;\">Az EU-ban k\u00e9sz\u00fclt<\/span><\/li>\n<\/ul>\n<p><img decoding=\"async\" class=\"alignnone wp-image-91260\" src=\"https:\/\/nugosu.gg\/wp-content\/uploads\/2021\/03\/Vrstva-1-1.png\" alt=\"\" width=\"317\" height=\"92\" srcset=\"https:\/\/nugosu.gg\/wp-content\/uploads\/2021\/03\/Vrstva-1-1.png 820w, https:\/\/nugosu.gg\/wp-content\/uploads\/2021\/03\/Vrstva-1-1-300x87.png 300w, https:\/\/nugosu.gg\/wp-content\/uploads\/2021\/03\/Vrstva-1-1-768x223.png 768w, https:\/\/nugosu.gg\/wp-content\/uploads\/2021\/03\/Vrstva-1-1-350x102.png 350w, https:\/\/nugosu.gg\/wp-content\/uploads\/2021\/03\/Vrstva-1-1-60x17.png 60w, https:\/\/nugosu.gg\/wp-content\/uploads\/2021\/03\/Vrstva-1-1-110x32.png 110w, https:\/\/nugosu.gg\/wp-content\/uploads\/2021\/03\/Vrstva-1-1-600x174.png 600w\" sizes=\"(max-width: 317px) 100vw, 317px\" \/><\/p>\n","protected":false},"featured_media":163415,"comment_status":"open","ping_status":"closed","template":"","meta":[],"product_brand":[],"product_cat":[828],"product_tag":[829],"class_list":{"0":"post-112196","1":"product","2":"type-product","3":"status-publish","4":"has-post-thumbnail","6":"product_cat-accessories-hu","7":"product_tag-shaker-hu","9":"first","10":"instock","11":"taxable","12":"shipping-taxable","13":"purchasable","14":"product-type-simple"},"composite_virtual":false,"composite_layout":"","composite_add_to_cart_form_location":"","composite_editable_in_cart":false,"composite_sold_individually_context":"","composite_shop_price_calc":"","composite_components":[],"composite_scenarios":[],"_links":{"self":[{"href":"https:\/\/nugosu.gg\/hu\/wp-json\/wp\/v2\/product\/112196","targetHints":{"allow":["GET"]}}],"collection":[{"href":"https:\/\/nugosu.gg\/hu\/wp-json\/wp\/v2\/product"}],"about":[{"href":"https:\/\/nugosu.gg\/hu\/wp-json\/wp\/v2\/types\/product"}],"replies":[{"embeddable":true,"href":"https:\/\/nugosu.gg\/hu\/wp-json\/wp\/v2\/comments?post=112196"}],"wp:featuredmedia":[{"embeddable":true,"href":"https:\/\/nugosu.gg\/hu\/wp-json\/wp\/v2\/media\/163415"}],"wp:attachment":[{"href":"https:\/\/nugosu.gg\/hu\/wp-json\/wp\/v2\/media?parent=112196"}],"wp:term":[{"taxonomy":"product_brand","embeddable":true,"href":"https:\/\/nugosu.gg\/hu\/wp-json\/wp\/v2\/product_brand?post=112196"},{"taxonomy":"product_cat","embeddable":true,"href":"https:\/\/nugosu.gg\/hu\/wp-json\/wp\/v2\/product_cat?post=112196"},{"taxonomy":"product_tag","embeddable":true,"href":"https:\/\/nugosu.gg\/hu\/wp-json\/wp\/v2\/product_tag?post=112196"}],"curies":[{"name":"wp","href":"https:\/\/api.w.org\/{rel}","templated":true}]}}