{"id":109936,"date":"2022-11-01T12:27:00","date_gmt":"2022-11-01T11:27:00","guid":{"rendered":"https:\/\/nugosu.gg\/?post_type=product&#038;p=109936"},"modified":"2025-09-21T14:45:31","modified_gmt":"2025-09-21T12:45:31","slug":"nugosu-hoodie-graffiti-red","status":"publish","type":"product","link":"https:\/\/nugosu.gg\/hu\/termek\/nugosu-hoodie-graffiti-red\/","title":{"rendered":"NUGOSU Hoodie GRAFFITI RED"},"content":{"rendered":"<p>A NUGOSU GRAFFITI RED kapucnis pul\u00f3verben kit\u0171nsz a t\u00f6bbi k\u00f6z\u00fcl, \u00e9s egyben a j\u00e1t\u00e9k bajnokai k\u00f6z\u00e9 ker\u00fclhetsz! A pulcsi anyaga kiemelked\u0151en k\u00e9nyelmes, diz\u00e1jnja pedig kifinomult \u00e9s minimalista.<\/p>\n","protected":false},"excerpt":{"rendered":"<h2 style=\"font-weight: 500;\">NUGOSU kapucnis pul\u00f3ver kezel\u00e9si \u00fatmutat\u00f3:<\/h2>\n<ul>\n<li><span class=\"VIiyi\" lang=\"en\"><span class=\"JLqJ4b ChMk0b\" data-language-for-alternatives=\"en\" data-language-to-translate-into=\"sk\" data-phrase-index=\"0\"><span style=\"font-weight: 400;\">Mos\u00e1skor ford\u00edtsa ki a pul\u00f3vert, \u00e9s 40\u00b0C-on mossa<\/span>.<\/span><\/span><\/li>\n<li><span class=\"VIiyi\" lang=\"en\"><span class=\"JLqJ4b ChMk0b\" data-language-for-alternatives=\"en\" data-language-to-translate-into=\"sk\" data-phrase-index=\"2\"><span style=\"font-weight: 400;\">Ne haszn\u00e1ljon feh\u00e9r\u00edt\u0151t<\/span>.<\/span><\/span><\/li>\n<li><span style=\"font-weight: 400;\">Hasonl\u00f3 sz\u00ednekkel mossa<\/span><\/li>\n<\/ul>\n<p>Anyag\u00f6sszet\u00e9tel: 65% pamut, 35% poli\u00e9szter<\/p>\n","protected":false},"featured_media":163513,"comment_status":"open","ping_status":"closed","template":"","meta":[],"product_brand":[],"product_cat":[752,1262],"product_tag":[753,754,755,756,757],"class_list":{"0":"post-109936","1":"product","2":"type-product","3":"status-publish","4":"has-post-thumbnail","6":"product_cat-clothing-hu","7":"product_cat-hoodie-hu","8":"product_tag-clothing-hu","9":"product_tag-hoodie-hu","10":"product_tag-nugosu-hu","11":"product_tag-upsell_cap_en-hu","12":"product_tag-upsell_t-shirt_en-hu","14":"first","15":"instock","16":"sale","17":"taxable","18":"shipping-taxable","19":"purchasable","20":"product-type-variable"},"composite_virtual":false,"composite_layout":"","composite_add_to_cart_form_location":"","composite_editable_in_cart":false,"composite_sold_individually_context":"","composite_shop_price_calc":"","composite_components":[],"composite_scenarios":[],"_links":{"self":[{"href":"https:\/\/nugosu.gg\/hu\/wp-json\/wp\/v2\/product\/109936","targetHints":{"allow":["GET"]}}],"collection":[{"href":"https:\/\/nugosu.gg\/hu\/wp-json\/wp\/v2\/product"}],"about":[{"href":"https:\/\/nugosu.gg\/hu\/wp-json\/wp\/v2\/types\/product"}],"replies":[{"embeddable":true,"href":"https:\/\/nugosu.gg\/hu\/wp-json\/wp\/v2\/comments?post=109936"}],"wp:featuredmedia":[{"embeddable":true,"href":"https:\/\/nugosu.gg\/hu\/wp-json\/wp\/v2\/media\/163513"}],"wp:attachment":[{"href":"https:\/\/nugosu.gg\/hu\/wp-json\/wp\/v2\/media?parent=109936"}],"wp:term":[{"taxonomy":"product_brand","embeddable":true,"href":"https:\/\/nugosu.gg\/hu\/wp-json\/wp\/v2\/product_brand?post=109936"},{"taxonomy":"product_cat","embeddable":true,"href":"https:\/\/nugosu.gg\/hu\/wp-json\/wp\/v2\/product_cat?post=109936"},{"taxonomy":"product_tag","embeddable":true,"href":"https:\/\/nugosu.gg\/hu\/wp-json\/wp\/v2\/product_tag?post=109936"}],"curies":[{"name":"wp","href":"https:\/\/api.w.org\/{rel}","templated":true}]}}