{"id":109826,"date":"2022-11-03T12:45:03","date_gmt":"2022-11-03T11:45:03","guid":{"rendered":"https:\/\/nugosu.gg\/?page_id=109826"},"modified":"2023-03-31T11:54:27","modified_gmt":"2023-03-31T09:54:27","slug":"szallitas-es-fizetes","status":"publish","type":"page","link":"https:\/\/nugosu.gg\/hu\/szallitas-es-fizetes\/","title":{"rendered":"Sz\u00e1ll\u00edt\u00e1s \u00e9s fizet\u00e9s"},"content":{"rendered":"<h1 class=\"page-title\" style=\"text-align: center;\"><span class=\"base\" data-sku=\"\" data-id=\"\" data-ui-id=\"page-title-wrapper\"><b>Sz\u00e1ll\u00edt\u00e1s \u00e9s fizet\u00e9s<\/b><\/span><\/h1>\n<h3><strong>Sz\u00e1ll\u00edt\u00e1s<\/strong><\/h3>\n<p><strong>H\u00e1zhozsz\u00e1ll\u00edt\u00e1s GLS Fut\u00e1rszolg\u00e1lattal &#8211; 990 Ft<\/strong><\/p>\n<p><strong><label for=\"TabDeliveryPoint\">Sz\u00e1ll\u00edt\u00e1s GLS CsomagPontra\/Automat\u00e1ba &#8211; 990 Ft<\/label><\/strong><\/p>\n<p><span style=\"font-weight: 400;\">A sz\u00e1ll\u00edt\u00e1s 12 000 Ft feletti rendel\u00e9s eset\u00e9n <strong>INGYENES!<\/strong><\/span><\/p>\n<p><span style=\"font-weight: 400;\">Minim\u00e1lis rendel\u00e9s \u00f6sszege 2000 Ft<\/span><\/p>\n<p><span style=\"font-weight: 400;\">A 14:00-ig leadott rendel\u00e9sek \u00e1ltal\u00e1ban a k\u00f6vetkez\u0151 munkanapon bel\u00fcl k\u00e9zbes\u00edt\u00e9sre ker\u00fclnek, m\u00edg a hat\u00e1rid\u0151 ut\u00e1n leadott rendel\u00e9seket leghamarabb 2 munkanapon bel\u00fcl sz\u00e1ll\u00edtjuk ki.<\/span><\/p>\n<p><span style=\"font-weight: 400;\">C\u00edmzettek r\u00e9sz\u00e9re fenntartott GLS \u00dcgyf\u00e9lszolg\u00e1lat telefonsz\u00e1ma: 06 29 886700 \/ 06 20 890 0660<\/span><\/p>\n<h3><b>Fizet\u00e9s<\/b><\/h3>\n<p><span style=\"font-weight: 400;\">Ut\u00e1nv\u00e9tes fizet\u00e9s &#8211; a csomag \u00e1tv\u00e9tel\u00e9n\u00e9l fizet a fut\u00e1rnak. Az ut\u00e1nv\u00e9t szolg\u00e1ltat\u00e1s d\u00edja 200 Ft!<\/span><\/p>\n<p><span style=\"font-weight: 400;\">Online bankk\u00e1rty\u00e1s (VISA, MasterCard, American Express) fizet\u00e9s: biztons\u00e1gos, megb\u00edzhat\u00f3 \u00e9s egyszer\u0171 fizet\u00e9s a GP WebPay bank\u00e1rtyaelfogad\u00e1s seg\u00edts\u00e9g\u00e9vel. <\/span><span style=\"font-weight: 400;\"><br \/>\n<\/span><span style=\"font-weight: 400;\">A bankk\u00e1rty\u00e1s fizet\u00e9s INGYENES!<\/span><\/p>\n","protected":false},"excerpt":{"rendered":"<p>Sz\u00e1ll\u00edt\u00e1s \u00e9s fizet\u00e9s Sz\u00e1ll\u00edt\u00e1s H\u00e1zhozsz\u00e1ll\u00edt\u00e1s GLS Fut\u00e1rszolg\u00e1lattal &#8211; 990 Ft Sz\u00e1ll\u00edt\u00e1s GLS CsomagPontra\/Automat\u00e1ba &#8211; 990 Ft A sz\u00e1ll\u00edt\u00e1s 12 000 [&hellip;]<\/p>\n","protected":false},"author":2,"featured_media":0,"parent":0,"menu_order":0,"comment_status":"closed","ping_status":"closed","template":"","meta":{"footnotes":""},"class_list":["post-109826","page","type-page","status-publish","hentry"],"_links":{"self":[{"href":"https:\/\/nugosu.gg\/hu\/wp-json\/wp\/v2\/pages\/109826","targetHints":{"allow":["GET"]}}],"collection":[{"href":"https:\/\/nugosu.gg\/hu\/wp-json\/wp\/v2\/pages"}],"about":[{"href":"https:\/\/nugosu.gg\/hu\/wp-json\/wp\/v2\/types\/page"}],"author":[{"embeddable":true,"href":"https:\/\/nugosu.gg\/hu\/wp-json\/wp\/v2\/users\/2"}],"replies":[{"embeddable":true,"href":"https:\/\/nugosu.gg\/hu\/wp-json\/wp\/v2\/comments?post=109826"}],"version-history":[{"count":0,"href":"https:\/\/nugosu.gg\/hu\/wp-json\/wp\/v2\/pages\/109826\/revisions"}],"wp:attachment":[{"href":"https:\/\/nugosu.gg\/hu\/wp-json\/wp\/v2\/media?parent=109826"}],"curies":[{"name":"wp","href":"https:\/\/api.w.org\/{rel}","templated":true}]}}