{"id":109800,"date":"2022-11-03T11:02:29","date_gmt":"2022-11-03T10:02:29","guid":{"rendered":"https:\/\/nugosu.gg\/?page_id=109800"},"modified":"2022-12-29T13:54:59","modified_gmt":"2022-12-29T12:54:59","slug":"rolunk","status":"publish","type":"page","link":"https:\/\/nugosu.gg\/hu\/rolunk\/","title":{"rendered":"R\u00f3lunk"},"content":{"rendered":"<div class=\"wpb-content-wrapper\"><p>[vc_row row_height_percent=&#8221;0&#8243; override_padding=&#8221;yes&#8221; h_padding=&#8221;2&#8243; top_padding=&#8221;5&#8243; bottom_padding=&#8221;4&#8243; overlay_alpha=&#8221;100&#8243; gutter_size=&#8221;100&#8243; column_width_percent=&#8221;100&#8243; shift_y=&#8221;0&#8243; z_index=&#8221;0&#8243; style=&#8221;inherited&#8221;][vc_column column_width_use_pixel=&#8221;yes&#8221; align_horizontal=&#8221;align_center&#8221; gutter_size=&#8221;4&#8243; font_family=&#8221;font-134980&#8243; overlay_alpha=&#8221;100&#8243; shift_x=&#8221;0&#8243; shift_y=&#8221;0&#8243; medium_width=&#8221;0&#8243; zoom_width=&#8221;0&#8243; zoom_height=&#8221;0&#8243; width=&#8221;1\/1&#8243;][vc_column_text text_lead=&#8221;yes&#8221; uncode_shortcode_id=&#8221;107820&#8243;]<span class=\"font-175610\">Bemutatjuk neked a NUGOSU m\u00e1rk\u00e1t. A term\u00e9keink kifejezetten azok az E-SPORT \u00e9s az E-GAMES ter\u00fclet\u00e9n m\u0171k\u00f6d\u0151<strong> j\u00e1t\u00e9kosok, streamerek, j\u00e1t\u00e9kalkot\u00f3k \u00e9s sportol\u00f3k sz\u00e1m\u00e1ra fejlesztettek ki<\/strong>, akik szeretn\u00e9nek n\u00e9h\u00e1ny szinttel feljebb ker\u00fclni \u00e9s el\u00e9rni a cs\u00facsot. Hackeld meg a gondolataidat, <strong>szerezz nagyobb kontrollt<\/strong> a d\u00f6nt\u00e9seid \u00e9s \u00e9rzelmeid felett minden egyes j\u00e1t\u00e9k k\u00f6zben.<\/span><\/p>\n<p><span class=\"font-175610\" style=\"font-weight: 400;\">Tiszta lelkiismerettel kijelenthetj\u00fck, hogy a piacon l\u00e9v\u0151 leg\u00f6sszetettebb gamerek sz\u00e1m\u00e1ra k\u00e9sz\u00fclt term\u00e9keir\u0151l van sz\u00f3. A <strong>30 gondosan kiv\u00e1lasztott hat\u00f3anyag<\/strong>, mely aminosavakat, n\u00f6v\u00e9nyi kivonatokat, vitaminokat, \u00e1sv\u00e1nyi anyagokat, \u00e9s term\u00e9szetes koffeint tartalmaz energi\u00e1val t\u00f6lti fel a szervezetet, er\u0151s\u00edti az immunrendszert, t\u00e1mogatja a szellemi teljes\u00edt\u0151k\u00e9pess\u00e9get \u00e9s a koncentr\u00e1ci\u00f3t. A term\u00e9kekben haszn\u00e1lt<strong> nootr\u00f3p \u00e9s adaptog\u00e9n<\/strong> hat\u00e1s\u00fa alapanyagok n\u00f6velik a koncentr\u00e1ci\u00f3t, az \u00e1ll\u00f3k\u00e9pess\u00e9get, seg\u00edtenek enyh\u00edteni a f\u00e1radts\u00e1got, a stresszt \u00e9s a szorong\u00e1st, valamint jav\u00edtj\u00e1k a szervezet \u00e1ltal\u00e1nos vitalit\u00e1s\u00e1t.<\/span><\/p>\n<p>[\/vc_column_text][\/vc_column][\/vc_row][vc_row row_height_percent=&#8221;0&#8243; back_color=&#8221;color-uydo&#8221; overlay_alpha=&#8221;26&#8243; gutter_size=&#8221;3&#8243; column_width_percent=&#8221;100&#8243; shift_y=&#8221;0&#8243; z_index=&#8221;0&#8243;][vc_column width=&#8221;1\/1&#8243;][vc_single_image media=&#8221;92216&#8243; media_width_percent=&#8221;65&#8243; alignment=&#8221;center&#8221;][\/vc_column][\/vc_row][vc_row row_height_percent=&#8221;0&#8243; override_padding=&#8221;yes&#8221; h_padding=&#8221;2&#8243; top_padding=&#8221;4&#8243; bottom_padding=&#8221;3&#8243; overlay_alpha=&#8221;100&#8243; gutter_size=&#8221;100&#8243; column_width_percent=&#8221;100&#8243; shift_y=&#8221;0&#8243; z_index=&#8221;0&#8243; style=&#8221;inherited&#8221;][vc_column column_width_percent=&#8221;100&#8243; gutter_size=&#8221;3&#8243; overlay_alpha=&#8221;100&#8243; shift_x=&#8221;0&#8243; shift_y=&#8221;0&#8243; medium_width=&#8221;0&#8243; zoom_width=&#8221;0&#8243; zoom_height=&#8221;0&#8243; width=&#8221;1\/1&#8243;][vc_row_inner row_inner_height_percent=&#8221;0&#8243; overlay_alpha=&#8221;100&#8243; gutter_size=&#8221;3&#8243; shift_y=&#8221;0&#8243; limit_content=&#8221;&#8221;][vc_column_inner column_width_use_pixel=&#8221;yes&#8221; align_horizontal=&#8221;align_center&#8221; gutter_size=&#8221;3&#8243; font_family=&#8221;font-134980&#8243; overlay_alpha=&#8221;100&#8243; shift_x=&#8221;0&#8243; shift_y=&#8221;0&#8243; medium_width=&#8221;0&#8243; zoom_width=&#8221;0&#8243; zoom_height=&#8221;0&#8243; width=&#8221;1\/1&#8243; column_width_pixel=&#8221;700&#8243;][vc_column_text text_lead=&#8221;yes&#8221; uncode_shortcode_id=&#8221;117741&#8243;]<span class=\"font-175610\"><span style=\"font-weight: 400;\">A<strong> kiegyens\u00falyozott \u00e9s hosszan tart\u00f3 energiaell\u00e1t\u00e1s<\/strong>, idegess\u00e9g, gyenges\u00e9g \u00e9s viszket\u00e9s \u00e9rz\u00e9se n\u00e9lk\u00fcl felbecs\u00fclhetetlen j\u00e1t\u00e9k k\u00f6zben, ez\u00e9rt a NUGOSU term\u00e9kek term\u00e9szetes\u00a0 forr\u00e1s\u00fa koffeint haszn\u00e1lunk, k\u00f3ladi\u00f3 (<\/span><i><span style=\"font-weight: 400;\">Cola nitida<\/span><\/i><span style=\"font-weight: 400;\">) mag kivonat \u00e9s guarana (<\/span><i><span style=\"font-weight: 400;\">Paullinia cupana<\/span><\/i><span style=\"font-weight: 400;\">) mag kivonat form\u00e1j\u00e1ban.<\/span><\/span><\/p>\n<p><span class=\"font-175610\" style=\"font-weight: 400;\">A term\u00e9kekben nem tal\u00e1lsz <strong>semmilyen k\u00e1ros anyagot<\/strong>, mivel ezeket szigor\u00faan ker\u00fclj\u00fck az \u00f6sszet\u00e9telekben. A NUGOSU m\u00e1rka minden term\u00e9ke <strong>veg\u00e1n bar\u00e1t<\/strong>, \u00e9s a leginnovat\u00edvabb technol\u00f3gi\u00e1knak k\u00f6sz\u00f6nhet\u0151en minden \u00edze friss\u00edt\u0151, term\u00e9szetes, b\u00e1rmilyen keser\u0171 ut\u00f3\u00edz n\u00e9lk\u00fcl.<\/span><\/p>\n<p><span class=\"font-175610\" style=\"font-weight: 400;\">A NUGOSU term\u00e9kek <strong>nem csak j\u00e1t\u00e9kosok sz\u00e1m\u00e1ra alkalmasak<\/strong>, de k\u00e9pesek energi\u00e1t biztos\u00edtani munka, tanul\u00e1s, vezet\u00e9s \u00e9s b\u00e1rmilyen egy\u00e9b szellemi \u00e9s fizikai tev\u00e9kenys\u00e9g sor\u00e1n.<\/span><\/p>\n<p style=\"text-align: center;\"><span class=\"font-175610\" style=\"font-weight: 400;\">Csatlakozz a NUGOSU csal\u00e1dhoz \u00e9s szerezd meg a k\u00f6vetkez\u0151ket:<\/span><\/p>\n<p style=\"text-align: center;\"><strong>ENERGIA<\/strong><\/p>\n<p style=\"text-align: center;\"><strong>KONCENTR\u00c1CI\u00d3<\/strong><\/p>\n<p style=\"text-align: center;\"><strong>REAKCI\u00d3I\u0150<\/strong><\/p>\n<p style=\"text-align: center;\"><strong>HIDRAT\u00c1CI\u00d3<\/strong><\/p>\n<p style=\"text-align: center;\"><strong>TELJES\u00cdTM\u00c9NY<\/strong><\/p>\n<p style=\"text-align: center;\"><strong>V\u00c9DELEM<\/strong><\/p>\n<p style=\"text-align: center;\"><strong>L\u00c1T\u00c1SI PONTOSS\u00c1G<\/strong><\/p>\n<p style=\"text-align: center;\"><strong>MEM\u00d3RIA<\/strong><\/p>\n<p style=\"text-align: center;\"><strong>STRESSZKEZEL\u00c9S<\/strong><\/p>\n<p style=\"text-align: center;\"><strong>\u00c9RZELMI STABILIT\u00c1S<\/strong><\/p>\n<p>[\/vc_column_text][\/vc_column_inner][\/vc_row_inner][\/vc_column][\/vc_row][vc_row row_height_percent=&#8221;0&#8243; override_padding=&#8221;yes&#8221; h_padding=&#8221;2&#8243; top_padding=&#8221;4&#8243; bottom_padding=&#8221;4&#8243; overlay_alpha=&#8221;50&#8243; gutter_size=&#8221;3&#8243; column_width_percent=&#8221;100&#8243; shift_y=&#8221;0&#8243; z_index=&#8221;0&#8243;][vc_column column_width_percent=&#8221;100&#8243; align_horizontal=&#8221;align_center&#8221; gutter_size=&#8221;3&#8243; overlay_alpha=&#8221;50&#8243; shift_x=&#8221;0&#8243; shift_y=&#8221;0&#8243; shift_y_down=&#8221;0&#8243; z_index=&#8221;0&#8243; medium_width=&#8221;0&#8243; mobile_width=&#8221;0&#8243; width=&#8221;1\/1&#8243;][vc_button button_color=&#8221;color-147341&#8243; size=&#8221;btn-xl&#8221; radius=&#8221;btn-circle&#8221; border_width=&#8221;0&#8243; link=&#8221;url:https%3A%2F%2Fnugosu.gg%2Fshop-main%2F|title:Shop%20Main&#8221;]SHOP NOW[\/vc_button][\/vc_column][\/vc_row]<\/p>\n<\/div>","protected":false},"excerpt":{"rendered":"<p>[vc_row row_height_percent=&#8221;0&#8243; override_padding=&#8221;yes&#8221; h_padding=&#8221;2&#8243; top_padding=&#8221;5&#8243; bottom_padding=&#8221;4&#8243; overlay_alpha=&#8221;100&#8243; gutter_size=&#8221;100&#8243; column_width_percent=&#8221;100&#8243; shift_y=&#8221;0&#8243; z_index=&#8221;0&#8243; style=&#8221;inherited&#8221;][vc_column column_width_use_pixel=&#8221;yes&#8221; align_horizontal=&#8221;align_center&#8221; gutter_size=&#8221;4&#8243; font_family=&#8221;font-134980&#8243; overlay_alpha=&#8221;100&#8243; shift_x=&#8221;0&#8243; shift_y=&#8221;0&#8243; medium_width=&#8221;0&#8243; [&hellip;]<\/p>\n","protected":false},"author":2,"featured_media":0,"parent":0,"menu_order":0,"comment_status":"open","ping_status":"closed","template":"","meta":{"footnotes":""},"class_list":["post-109800","page","type-page","status-publish","hentry"],"_links":{"self":[{"href":"https:\/\/nugosu.gg\/hu\/wp-json\/wp\/v2\/pages\/109800","targetHints":{"allow":["GET"]}}],"collection":[{"href":"https:\/\/nugosu.gg\/hu\/wp-json\/wp\/v2\/pages"}],"about":[{"href":"https:\/\/nugosu.gg\/hu\/wp-json\/wp\/v2\/types\/page"}],"author":[{"embeddable":true,"href":"https:\/\/nugosu.gg\/hu\/wp-json\/wp\/v2\/users\/2"}],"replies":[{"embeddable":true,"href":"https:\/\/nugosu.gg\/hu\/wp-json\/wp\/v2\/comments?post=109800"}],"version-history":[{"count":0,"href":"https:\/\/nugosu.gg\/hu\/wp-json\/wp\/v2\/pages\/109800\/revisions"}],"wp:attachment":[{"href":"https:\/\/nugosu.gg\/hu\/wp-json\/wp\/v2\/media?parent=109800"}],"curies":[{"name":"wp","href":"https:\/\/api.w.org\/{rel}","templated":true}]}}