{"id":146969,"date":"2024-07-02T10:55:49","date_gmt":"2024-07-02T08:55:49","guid":{"rendered":"https:\/\/nugosu.gg\/?post_type=product&#038;p=146969"},"modified":"2025-12-10T11:07:27","modified_gmt":"2025-12-10T10:07:27","slug":"t-shirt-nugosu-warrior-grey","status":"publish","type":"product","link":"https:\/\/nugosu.gg\/de\/produkt\/t-shirt-nugosu-warrior-grey\/","title":{"rendered":"T \u2013 SHIRT NUGOSU WARRIOR GREY"},"content":{"rendered":"<p>Gemaakt van eersteklas 100% premium katoenmateriaal, biedt ons NUGOSU Samurai T-shirt een hoogwaardige snit en tijdloos ontwerp, waardoor het de nummer \u00e9\u00e9n keuze is van elke gamekampioen. Verhef de geest van de krijger met onze speciale &#8218;Samurai&#8216;-editie. Ge\u00efnspireerd door de elegantie en discipline van oude Samurai, belichaamt dit T-shirt kracht en eer. Net als het pantser van de Samurai biedt ons T-shirt onge\u00ebvenaard comfort en duurzaamheid, waardoor u klaar bent voor elke uitdaging.<\/p>\n","protected":false},"excerpt":{"rendered":"<h2 style=\"font-weight: 500;\">Wie pflege ich mein T-Shirt?<\/h2>\n<p><strong><img decoding=\"async\" src=\"data:image\/gif;base64,R0lGODlhMgAjALMAAAAAABAQECEhITExMVJSUnNzc5ycnL29vc7Ozt7e3u\/v7\/\/\/\/\/\/\/\/\/\/\/\/\/\/\/\/\/\/\/\/ywAAAAAMgAjAEAE\/nDJSau9OGt5AkEDMIzBgExGIBhHUSaSYgjlQBeIMCibZACFTGJ0WBgGBN4BCaMMBc3epAAwOAsj3CRhIAy0lUGgKC2bzxYRGo0A9g7u9Uahi\/ZcVsxyVyAEF3t2CmJ2Zj8AiImKi4yLhXKQkQtiZAsKCTwXLX6PlgmYEwRVc6IASRMKLokBBZkLIIoDlYAhAXkbQwEnFCBIXgQwqb4juxVUf1KDUBdYfjxYf72FKa1nOQKuRx\/Crb0H3BUpBHI5A5ITpq5rAezt7u\/w8Oc96vP29\/jzdAOdGfUb1DbgWZCAQAAAAj5QSHUQkawKSw6uUDAoQL8JOUqYwsRwgAEEkzPGxBBF4AACFwIQUOygcdwdIPUUHCBA81uFBH38FNtCY1YGBC8qyPTypRhOLwV8ToDjkp5Bn11aDfH4ipiwW6iemgF6ykKXLxKgcRhhoUPXMlotUES6QCytHRVEKd1glsIBFmN3aFOCBGKJNRWN\/vpVRBhNJsZsyYFT7VyJf8lCNJpMGRHWfJg3AIjXsDKjzJkjAAA7\" alt=\"\" \/><img decoding=\"async\" src=\"data:image\/gif;base64,R0lGODlhMgAjALMAAAAAABAQECEhITExMVJSUnNzc5ycnL29vc7Ozt7e3u\/v7\/\/\/\/\/\/\/\/\/\/\/\/\/\/\/\/\/\/\/\/ywAAAAAMgAjAEAE\/nDJSau9OOuJSACDoVhGMIwFQIyVYghAUCRbrQyBsbgwAAiiQ0CAqBkTL5\/gYGwRfCBRc0qtWheIT+F6PXiGgAJrUhIMfAQm94LADWAhGiVRgA1za0WxNJCvUwQ7RWsZCWqEFy8EgxlCA09iG14Bh010MAIzEgYqY5wnEggFHyFjiBJPSlIKdUqVp3NnBy5nAQQGqQMHBwKUsBIKQjFpNgdnIK9NoyAeAqZUCk+3tTrKAdfY2drb3L0rv+Dh4oQFoOLBzxfRSn4awUYuH0DtsQAGvESFy0tTwTi2lW74WpBAAL8J\/q7pSjclgYcoCHpVSoBjVhIZ9BDxQMNIAi8fX6XGeTRhAAeIcsMgidwEgsalGD8MJGClQiQgXKQOlUzZKVwKH7Y6VpgEkmGVDqSkNIkmT1MVY1DscRFiYlgyDMYKtMGzJssSUQOEaqAIQKyVLAOpRF3Ltq1bH0ZXWokAADs=\" alt=\"\" \/><img decoding=\"async\" src=\"data:image\/gif;base64,R0lGODlhMgAjALMAAAAAAAgICBAQEBgYGCEhIS0tLVdXV6enp729vcbGxs7Ozt7e3ufn5+\/v7\/f39\/\/\/\/ywAAAAAMgAjAEAE\/vDJSau9OOsKAEVFVxgK5SDGIC5TIWxZBxRN1ig1pgjAC1+dh2HG+k0Qg8DBZbTIntCoFNrkTK\/YYHXScYRo20Vo6ds+OgHwpWEgGHKWXaC81UrEHUHhsHA8bksBAAFvLXRmiIkxHhUOCgYFgk96BwwWTIhaBzwFRRsgMwgPmGYdQwV+ZgyRc4kyBxhsPQCwGCEBrrQzcFUKAwK\/uRKgBaIbDptEo4dNdhQNKC4Cc3okqRTBitrb3N0UWeBSwrEIB5AGBwjXFdmljBMKBSoAAyPmLiIGnsvjDwcqxSxhWLAklARSdTwg4GFA4I94M1YxM9JhhwBjWw7MkJfrF0YzVhp75AJgIAOeQmtujSyJwYCAlx+fqcw0Q4kNXhaGtKK5IEmtLacQVgmCp0AJIwVpCG32DuIAA+rWgBCk7+DEH84eMAjUoV4BfD32rFtKMZzZrN7SSogAADs=\" alt=\"\" \/><img decoding=\"async\" src=\"data:image\/gif;base64,R0lGODlhMgAjALMAAAAAABAQECEhITExMVJSUnNzc5ycnL29vc7Ozt7e3u\/v7\/\/\/\/\/\/\/\/\/\/\/\/\/\/\/\/\/\/\/\/ywAAAAAMgAjAEAEz3DJSau9OOtcgBhgKI5gICBbqqrKEBzrdARDkhYBMKBbRyixoHBILKpmAuDQACAYDYGCsYJUphCArHbL7Xq\/0ql4TB5Df8LZwFpUFAg8YidMZH7vdxMseGZfoDo2GlBrKgkuZRYEUYmNjo+QkZKTZQmLAZiZmpuZTpUucSyLBmQtAHtBLS9jBAB0QggCAYKUGmp+QXi6Xp6wLq9FB4vAKQkCAqgYCgcFtMqtyRuqpBqmmNQZhwGhGQqt2NUGBdwYCSbkFge767oCte\/w8RYRAAA7\" alt=\"\" \/><\/strong><\/p>\n<p><span style=\"font-weight: 400;\">T-Shirt vor dem Waschen auf <\/span><b>links drehen bei einer Temperatur von 30 \u00b0C waschen. <\/b><span style=\"font-weight: 400;\">Falls Sie es b\u00fcgeln m\u00f6chten, stellen Sie eine schwache Temperatur ein und b\u00fcgeln Sie nicht auf links, bitte auch nicht durch den\u00a0 Bedruck b\u00fcgeln<\/span>.<br \/>\n<span style=\"font-weight: 400;\">Geeignet f\u00fcr den Trockner nur im Fall, falls Sie das T-Shirt kleiner haben m\u00f6chten, andernfalls empfehlen wir es nicht, da es sonst im Trockner\u00a0 eingeht<\/span><\/p>\n<p><strong>Material<\/strong>: 100% <span style=\"font-weight: 400;\">Baumwolle<\/span><\/p>\n","protected":false},"featured_media":163548,"comment_status":"open","ping_status":"closed","template":"","meta":[],"product_brand":[],"product_cat":[491],"product_tag":[494,1270,506,648,676],"class_list":{"0":"post-146969","1":"product","2":"type-product","3":"status-publish","4":"has-post-thumbnail","6":"product_cat-clothing-de","7":"product_tag-nugosu-de","8":"product_tag-sale_merch-de","9":"product_tag-triko-de","10":"product_tag-upsell_cap_de","11":"product_tag-upsell_hoodie_de","13":"first","14":"instock","15":"sale","16":"taxable","17":"shipping-taxable","18":"purchasable","19":"product-type-variable","20":"has-default-attributes"},"composite_virtual":false,"composite_layout":"","composite_add_to_cart_form_location":"","composite_editable_in_cart":false,"composite_sold_individually_context":"","composite_shop_price_calc":"","composite_components":[],"composite_scenarios":[],"_links":{"self":[{"href":"https:\/\/nugosu.gg\/de\/wp-json\/wp\/v2\/product\/146969","targetHints":{"allow":["GET"]}}],"collection":[{"href":"https:\/\/nugosu.gg\/de\/wp-json\/wp\/v2\/product"}],"about":[{"href":"https:\/\/nugosu.gg\/de\/wp-json\/wp\/v2\/types\/product"}],"replies":[{"embeddable":true,"href":"https:\/\/nugosu.gg\/de\/wp-json\/wp\/v2\/comments?post=146969"}],"wp:featuredmedia":[{"embeddable":true,"href":"https:\/\/nugosu.gg\/de\/wp-json\/wp\/v2\/media\/163548"}],"wp:attachment":[{"href":"https:\/\/nugosu.gg\/de\/wp-json\/wp\/v2\/media?parent=146969"}],"wp:term":[{"taxonomy":"product_brand","embeddable":true,"href":"https:\/\/nugosu.gg\/de\/wp-json\/wp\/v2\/product_brand?post=146969"},{"taxonomy":"product_cat","embeddable":true,"href":"https:\/\/nugosu.gg\/de\/wp-json\/wp\/v2\/product_cat?post=146969"},{"taxonomy":"product_tag","embeddable":true,"href":"https:\/\/nugosu.gg\/de\/wp-json\/wp\/v2\/product_tag?post=146969"}],"curies":[{"name":"wp","href":"https:\/\/api.w.org\/{rel}","templated":true}]}}