{"id":145712,"date":"2024-06-06T11:08:00","date_gmt":"2024-06-06T09:08:00","guid":{"rendered":"https:\/\/nugosu.gg\/?post_type=product&#038;p=145712"},"modified":"2026-04-14T17:26:52","modified_gmt":"2026-04-14T15:26:52","slug":"shaker-yocrew-x-nugosu","status":"publish","type":"product","link":"https:\/\/nugosu.gg\/de\/produkt\/shaker-yocrew-x-nugosu\/","title":{"rendered":"SHAKER YoCrew x NUGOSU"},"content":{"rendered":"<p>Zum Jubil\u00e4um unserer Zusammenarbeit mit der E-Sport-Organisation YoCrew pr\u00e4sentieren wir eine einzigartige limitierte Edition des Shakers NUGOSU x YoCrew f\u00fcr alle Spieler, die ihre Energie maximal nutzen, sei es beim Spielen oder bei allt\u00e4glichen Aufgaben.<\/p>\n","protected":false},"excerpt":{"rendered":"<ul>\n<li><span class=\"font-762333\" style=\"font-weight: 400;\">Limitierte Edition: YoCrew x NUGOSU Shaker<\/span><\/li>\n<li><span class=\"font-762333\" style=\"font-weight: 400;\">Volumen: 500 ml<\/span><\/li>\n<li><span class=\"font-762333\" style=\"font-weight: 400;\">YoCrew x NUGOSU Logos auf beiden Seiten des Shakers<\/span><\/li>\n<li><span class=\"font-762333\"><span class=\"font-762333\" style=\"font-weight: 400;\">YoCrew Logo auf dem Deckel<\/span><\/span><\/li>\n<li><span class=\"font-762333\" style=\"font-weight: 400;\">Effektive Mischf\u00e4higkeit<\/span><\/li>\n<li><span class=\"font-762333\" style=\"font-weight: 400;\">100% auslaufsicher<\/span><\/li>\n<li><span class=\"font-762333\" style=\"font-weight: 400;\">Hochwertiger, ungiftiger Kunststoff, BPA- und DEHP-frei<\/span><\/li>\n<li><span class=\"font-762333\" style=\"font-weight: 400;\">Hergestellt in der EU<\/span><\/li>\n<\/ul>\n<p><img decoding=\"async\" class=\"alignnone wp-image-91260\" src=\"https:\/\/nugosu.gg\/wp-content\/uploads\/2021\/03\/Vrstva-1-1.png\" alt=\"\" width=\"317\" height=\"92\" srcset=\"https:\/\/nugosu.gg\/wp-content\/uploads\/2021\/03\/Vrstva-1-1.png 820w, https:\/\/nugosu.gg\/wp-content\/uploads\/2021\/03\/Vrstva-1-1-300x87.png 300w, https:\/\/nugosu.gg\/wp-content\/uploads\/2021\/03\/Vrstva-1-1-768x223.png 768w, https:\/\/nugosu.gg\/wp-content\/uploads\/2021\/03\/Vrstva-1-1-350x102.png 350w, https:\/\/nugosu.gg\/wp-content\/uploads\/2021\/03\/Vrstva-1-1-60x17.png 60w, https:\/\/nugosu.gg\/wp-content\/uploads\/2021\/03\/Vrstva-1-1-110x32.png 110w, https:\/\/nugosu.gg\/wp-content\/uploads\/2021\/03\/Vrstva-1-1-600x174.png 600w\" sizes=\"(max-width: 317px) 100vw, 317px\" \/><\/p>\n","protected":false},"featured_media":163438,"comment_status":"open","ping_status":"closed","template":"","meta":[],"product_brand":[],"product_cat":[483],"product_tag":[484],"class_list":{"0":"post-145712","1":"product","2":"type-product","3":"status-publish","4":"has-post-thumbnail","6":"product_cat-accessories-de","7":"product_tag-shaker-de","9":"first","10":"instock","11":"taxable","12":"shipping-taxable","13":"purchasable","14":"product-type-simple"},"composite_virtual":false,"composite_layout":"","composite_add_to_cart_form_location":"","composite_editable_in_cart":false,"composite_sold_individually_context":"","composite_shop_price_calc":"","composite_components":[],"composite_scenarios":[],"_links":{"self":[{"href":"https:\/\/nugosu.gg\/de\/wp-json\/wp\/v2\/product\/145712","targetHints":{"allow":["GET"]}}],"collection":[{"href":"https:\/\/nugosu.gg\/de\/wp-json\/wp\/v2\/product"}],"about":[{"href":"https:\/\/nugosu.gg\/de\/wp-json\/wp\/v2\/types\/product"}],"replies":[{"embeddable":true,"href":"https:\/\/nugosu.gg\/de\/wp-json\/wp\/v2\/comments?post=145712"}],"wp:featuredmedia":[{"embeddable":true,"href":"https:\/\/nugosu.gg\/de\/wp-json\/wp\/v2\/media\/163438"}],"wp:attachment":[{"href":"https:\/\/nugosu.gg\/de\/wp-json\/wp\/v2\/media?parent=145712"}],"wp:term":[{"taxonomy":"product_brand","embeddable":true,"href":"https:\/\/nugosu.gg\/de\/wp-json\/wp\/v2\/product_brand?post=145712"},{"taxonomy":"product_cat","embeddable":true,"href":"https:\/\/nugosu.gg\/de\/wp-json\/wp\/v2\/product_cat?post=145712"},{"taxonomy":"product_tag","embeddable":true,"href":"https:\/\/nugosu.gg\/de\/wp-json\/wp\/v2\/product_tag?post=145712"}],"curies":[{"name":"wp","href":"https:\/\/api.w.org\/{rel}","templated":true}]}}