{"id":143074,"date":"2024-05-07T14:43:00","date_gmt":"2024-05-07T12:43:00","guid":{"rendered":"https:\/\/nugosu.gg\/?post_type=product&#038;p=143074"},"modified":"2026-03-21T19:19:56","modified_gmt":"2026-03-21T18:19:56","slug":"mojito-vibe","status":"publish","type":"product","link":"https:\/\/nugosu.gg\/de\/produkt\/mojito-vibe\/","title":{"rendered":"MOJITO VIBE"},"content":{"rendered":"<p><span style=\"font-weight: 400\">NUGOSU predstavuje SCORE, nootropick\u00fd <\/span><b>komplex vyvinut\u00fd \u0161peci\u00e1lne pre hr\u00e1\u010dov<\/b><span style=\"font-weight: 400\">, streamerov, tvorcov hier a \u0161portovcov v oblasti E-SPORTS a E-GAMES, ktor\u00ed sa chc\u00fa posun\u00fa\u0165 o\u00a0p\u00e1r levelov vy\u0161\u0161ie a\u00a0dosiahnu\u0165 a\u017e na samotn\u00fd vrchol.<\/span><\/p>\n<p>&nbsp;<\/p>\n<p><span style=\"font-weight: 400\">A\u017e <\/span><b>21 prec\u00edzne namie\u0161an\u00fdch \u00fa\u010dinn\u00fdch l\u00e1tok<\/b><span style=\"font-weight: 400\"> vo forme aminokysel\u00edn, rastlinn\u00fdch v\u00fd\u0165a\u017ekov, vitam\u00ednov, miner\u00e1lov a 150 mg pr\u00edrodn\u00e9ho kofe\u00ednu \u0165a napumpuj\u00fa energiou a podporia tvoj ment\u00e1lny v\u00fdkon. Ka\u017ed\u00e1 jedna zlo\u017eka produktu m\u00e1 svoje jedine\u010dn\u00e9 \u00fa\u010dinky a spolo\u010dne stimuluj\u00fa mozgov\u00fa \u010dinnos\u0165, posil\u0148uj\u00fa schopnos\u0165 uva\u017eova\u0165, zlep\u0161uj\u00fa pam\u00e4\u0165, zni\u017euj\u00fa pocit \u00fanavy, pom\u00e1haj\u00fa intenz\u00edvne sa s\u00fastredi\u0165 a odol\u00e1va\u0165 stresu a eliminuj\u00fa \u00fazkos\u0165 a podr\u00e1\u017edenie.<\/span><\/p>\n<p><span style=\"font-weight: 400\">V SCORE sme pou\u017eili v\u00fdlu\u010dne pr\u00edrodn\u00e9 zdroje kofe\u00ednu, vo forme v\u00fd\u0165a\u017eku z kolov\u00e9ho orecha a guarany a v\u00fdsledkom je <\/span><b>vyv\u00e1\u017een\u00fd a dlhotrvaj\u00faci pr\u00edsun energie<\/b><span style=\"font-weight: 400\"> bez pocitu nervozity, slabosti a svrbenia.<\/span><\/p>\n<p><span style=\"font-weight: 400\">Extrakty zo Sib\u00edrskeho \u017een\u0161enu a z kore\u0148a Rhodiola Rosea priaznivo vpl\u00fdvaj\u00fa na emocion\u00e1lnu stabilitu, du\u0161evn\u00fa rovnov\u00e1hu a v\u00fdrazne zvy\u0161uj\u00fa fyzick\u00fa v\u00fdkonnos\u0165 v stresov\u00fdch situ\u00e1ci\u00e1ch.<\/span><\/p>\n<p><span style=\"font-weight: 400\">SCORE obsahuje overen\u00fa zmes aminokysel\u00edn s nootropick\u00fdmi \u00fa\u010dinkami a to L-tean\u00edn, L-tyroz\u00edn, L-karnit\u00edn, L-citrul\u00edn a taur\u00edn.<\/span><\/p>\n<p><span style=\"font-weight: 400\">V\u010faka elektrolytom obsiahnut\u00fdm v SCORE si m\u00f4\u017ee\u0161 vychutna\u0165 maxim\u00e1lny p\u00f4\u017eitok z hry, pri\u010dom je tvoje <\/span><b>telo po cel\u00fd \u010das hydratovan\u00e9<\/b><span style=\"font-weight: 400\">.\u00a0<\/span><\/p>\n<p><span style=\"font-weight: 400\">Zmes vitam\u00ednov skupiny B, a to <\/span><b>vitam\u00edny B3, B5, B6 a B12<\/b><span style=\"font-weight: 400\"> bojuj\u00fa proti \u00fanave a vy\u010derpaniu organizmu a pozit\u00edvne vpl\u00fdvaj\u00fa na nervov\u00fd syst\u00e9m a a spolo\u010dne s <\/span><b>vitam\u00ednom C<\/b> <b>a zinkom<\/b><span style=\"font-weight: 400\"> posil\u0148uj\u00fa imunitn\u00fd syst\u00e9m.<\/span><b>\u00a0<\/b><\/p>\n<p><span style=\"font-weight: 400\">Na\u0161e pr\u00edchute s\u00fa v\u010faka najinovat\u00edvnej\u0161\u00edm technol\u00f3gi\u00e1m osvie\u017euj\u00face, prirodzen\u00e9 a bez ak\u00fdchko\u013evek hork\u00fdch pachut\u00ed. SCORE je \u00faplne <\/span><b>bez cukru<\/b><span style=\"font-weight: 400\"> a neobsahuje \u017eiadne \u0161kodliv\u00e9 l\u00e1tky, umel\u00e9 farbiv\u00e1 alebo umel\u00e9 ar\u00f3my. Produkt m\u00e1 vynikaj\u00facu rozpustnos\u0165 a je <\/span><b>vhodn\u00fd pre veg\u00e1nov<\/b><span style=\"font-weight: 400\">.<\/span><\/p>\n<p><span style=\"font-weight: 400\">PRIPOJ SA K\u00a0NUGOSU a z\u00edskaj:\u00a0 (CONNECT TO NUGOSU \/\/ P\u0158IPOJ SE K NUGOSU)<\/span><\/p>\n<ul>\n<li style=\"font-weight: 400\"><span style=\"font-weight: 400\">ENERGIA<\/span><\/li>\n<li style=\"font-weight: 400\"><span style=\"font-weight: 400\">S\u00daSTREDENOS\u0164<\/span><\/li>\n<li style=\"font-weight: 400\"><span style=\"font-weight: 400\">REAK\u010cN\u00dd \u010cAS<\/span><\/li>\n<li style=\"font-weight: 400\"><span style=\"font-weight: 400\">HYDRAT\u00c1CIA<\/span><\/li>\n<li style=\"font-weight: 400\"><span style=\"font-weight: 400\">V\u00ddKONNOS\u0164<\/span><\/li>\n<li style=\"font-weight: 400\"><span style=\"font-weight: 400\">PRESNOS\u0164<\/span><\/li>\n<li style=\"font-weight: 400\"><span style=\"font-weight: 400\">PAM\u00e4\u0164<\/span><\/li>\n<li style=\"font-weight: 400\"><span style=\"font-weight: 400\">ZVL\u00c1DANIE STRESU<\/span><\/li>\n<li style=\"font-weight: 400\"><span style=\"font-weight: 400\">EMO\u010cN\u00c1 STABILITA<\/span><\/li>\n<\/ul>\n","protected":false},"excerpt":{"rendered":"<p><strong>Our seasonal flavour is out of the vault for the winter. Stock up on the cool, refreshing, limited-time lemonade flavour while you can.<\/strong><\/p>\n<ul>\n<li><strong>88p per serving<\/strong><\/li>\n<li><strong>12 calories<\/strong><\/li>\n<li><strong>Zero sugar<\/strong><\/li>\n<li><strong>Natural colours and flavours<\/strong><\/li>\n<li><strong>40 servings per tub<\/strong><\/li>\n<\/ul>\n","protected":false},"featured_media":163227,"comment_status":"open","ping_status":"closed","template":"","meta":[],"product_brand":[],"product_cat":[480],"product_tag":[909,1786,912,486,487,488,1283],"class_list":{"0":"post-143074","1":"product","2":"type-product","3":"status-publish","4":"has-post-thumbnail","6":"product_cat-supplements-de","7":"product_tag-11_sale-de","8":"product_tag-back_to_school-de","9":"product_tag-free_vision_sale-de","10":"product_tag-gaming_energy-de","11":"product_tag-gaming_energy_cz-de","12":"product_tag-gaming_energy_sk-de","13":"product_tag-sale_energy-de","15":"first","16":"outofstock","17":"taxable","18":"shipping-taxable","19":"purchasable","20":"product-type-simple"},"composite_virtual":false,"composite_layout":"","composite_add_to_cart_form_location":"","composite_editable_in_cart":false,"composite_sold_individually_context":"","composite_shop_price_calc":"","composite_components":[],"composite_scenarios":[],"_links":{"self":[{"href":"https:\/\/nugosu.gg\/de\/wp-json\/wp\/v2\/product\/143074","targetHints":{"allow":["GET"]}}],"collection":[{"href":"https:\/\/nugosu.gg\/de\/wp-json\/wp\/v2\/product"}],"about":[{"href":"https:\/\/nugosu.gg\/de\/wp-json\/wp\/v2\/types\/product"}],"replies":[{"embeddable":true,"href":"https:\/\/nugosu.gg\/de\/wp-json\/wp\/v2\/comments?post=143074"}],"wp:featuredmedia":[{"embeddable":true,"href":"https:\/\/nugosu.gg\/de\/wp-json\/wp\/v2\/media\/163227"}],"wp:attachment":[{"href":"https:\/\/nugosu.gg\/de\/wp-json\/wp\/v2\/media?parent=143074"}],"wp:term":[{"taxonomy":"product_brand","embeddable":true,"href":"https:\/\/nugosu.gg\/de\/wp-json\/wp\/v2\/product_brand?post=143074"},{"taxonomy":"product_cat","embeddable":true,"href":"https:\/\/nugosu.gg\/de\/wp-json\/wp\/v2\/product_cat?post=143074"},{"taxonomy":"product_tag","embeddable":true,"href":"https:\/\/nugosu.gg\/de\/wp-json\/wp\/v2\/product_tag?post=143074"}],"curies":[{"name":"wp","href":"https:\/\/api.w.org\/{rel}","templated":true}]}}