{"id":118086,"date":"2023-05-08T13:27:28","date_gmt":"2023-05-08T11:27:28","guid":{"rendered":"https:\/\/nugosu.gg\/?post_type=product&#038;p=118086"},"modified":"2025-10-02T12:04:17","modified_gmt":"2025-10-02T10:04:17","slug":"t-shirt-nugosu-energy","status":"publish","type":"product","link":"https:\/\/nugosu.gg\/de\/produkt\/t-shirt-nugosu-energy\/","title":{"rendered":"T \u2013 SHIRT NUGOSU ENERGY"},"content":{"rendered":"<p>Mit einer Premium-Mischung aus hochwertiger Baumwolle, einer unglaublich bequemen Passform und einem zeitlosen Design sind unsere NUGOSU SAPPHIRE T-Shirts das Hemd der Wahl f\u00fcr jeden Champion!<\/p>\n","protected":false},"excerpt":{"rendered":"<h2 style=\"font-weight: 500;\">Wie pflege ich mein T-Shirt?<\/h2>\n<p><strong><img decoding=\"async\" class=\" wp-image-111496 alignnone\" src=\"https:\/\/nugosu.gg\/wp-content\/uploads\/2022\/12\/mw_40c.jpg\" alt=\"\" width=\"45\" height=\"30\" srcset=\"https:\/\/nugosu.gg\/wp-content\/uploads\/2022\/12\/mw_40c.jpg 218w, https:\/\/nugosu.gg\/wp-content\/uploads\/2022\/12\/mw_40c-60x40.jpg 60w, https:\/\/nugosu.gg\/wp-content\/uploads\/2022\/12\/mw_40c-110x74.jpg 110w\" sizes=\"(max-width: 45px) 100vw, 45px\" \/><img decoding=\"async\" src=\"data:image\/gif;base64,R0lGODlhMgAjALMAAAAAABAQECEhITExMVJSUnNzc5ycnL29vc7Ozt7e3u\/v7\/\/\/\/\/\/\/\/\/\/\/\/\/\/\/\/\/\/\/\/ywAAAAAMgAjAEAE\/nDJSau9OOuJSACDoVhGMIwFQIyVYghAUCRbrQyBsbgwAAiiQ0CAqBkTL5\/gYGwRfCBRc0qtWheIT+F6PXiGgAJrUhIMfAQm94LADWAhGiVRgA1za0WxNJCvUwQ7RWsZCWqEFy8EgxlCA09iG14Bh010MAIzEgYqY5wnEggFHyFjiBJPSlIKdUqVp3NnBy5nAQQGqQMHBwKUsBIKQjFpNgdnIK9NoyAeAqZUCk+3tTrKAdfY2drb3L0rv+Dh4oQFoOLBzxfRSn4awUYuH0DtsQAGvESFy0tTwTi2lW74WpBAAL8J\/q7pSjclgYcoCHpVSoBjVhIZ9BDxQMNIAi8fX6XGeTRhAAeIcsMgidwEgsalGD8MJGClQiQgXKQOlUzZKVwKH7Y6VpgEkmGVDqSkNIkmT1MVY1DscRFiYlgyDMYKtMGzJssSUQOEaqAIQKyVLAOpRF3Ltq1bH0ZXWokAADs=\" alt=\"\" \/><img decoding=\"async\" src=\"data:image\/gif;base64,R0lGODlhMgAjALMAAAAAAAgICBAQEBgYGCEhIS0tLVdXV6enp729vcbGxs7Ozt7e3ufn5+\/v7\/f39\/\/\/\/ywAAAAAMgAjAEAE\/vDJSau9OOsKAEVFVxgK5SDGIC5TIWxZBxRN1ig1pgjAC1+dh2HG+k0Qg8DBZbTIntCoFNrkTK\/YYHXScYRo20Vo6ds+OgHwpWEgGHKWXaC81UrEHUHhsHA8bksBAAFvLXRmiIkxHhUOCgYFgk96BwwWTIhaBzwFRRsgMwgPmGYdQwV+ZgyRc4kyBxhsPQCwGCEBrrQzcFUKAwK\/uRKgBaIbDptEo4dNdhQNKC4Cc3okqRTBitrb3N0UWeBSwrEIB5AGBwjXFdmljBMKBSoAAyPmLiIGnsvjDwcqxSxhWLAklARSdTwg4GFA4I94M1YxM9JhhwBjWw7MkJfrF0YzVhp75AJgIAOeQmtujSyJwYCAlx+fqcw0Q4kNXhaGtKK5IEmtLacQVgmCp0AJIwVpCG32DuIAA+rWgBCk7+DEH84eMAjUoV4BfD32rFtKMZzZrN7SSogAADs=\" alt=\"\" \/><img decoding=\"async\" src=\"data:image\/gif;base64,R0lGODlhMgAjALMAAAAAABAQECEhITExMVJSUnNzc5ycnL29vc7Ozt7e3u\/v7\/\/\/\/\/\/\/\/\/\/\/\/\/\/\/\/\/\/\/\/ywAAAAAMgAjAEAEz3DJSau9OOtcgBhgKI5gICBbqqrKEBzrdARDkhYBMKBbRyixoHBILKpmAuDQACAYDYGCsYJUphCArHbL7Xq\/0ql4TB5Df8LZwFpUFAg8YidMZH7vdxMseGZfoDo2GlBrKgkuZRYEUYmNjo+QkZKTZQmLAZiZmpuZTpUucSyLBmQtAHtBLS9jBAB0QggCAYKUGmp+QXi6Xp6wLq9FB4vAKQkCAqgYCgcFtMqtyRuqpBqmmNQZhwGhGQqt2NUGBdwYCSbkFge767oCte\/w8RYRAAA7\" alt=\"\" \/><\/strong><\/p>\n<p><span style=\"font-weight: 400;\">T-Shirt vor dem Waschen auf <\/span><b>links drehen bei einer Temperatur von 40 \u00b0C waschen. <\/b><span style=\"font-weight: 400;\">Falls Sie es b\u00fcgeln m\u00f6chten, stellen Sie eine schwache Temperatur ein und b\u00fcgeln Sie nicht auf links, bitte auch nicht durch den\u00a0 Bedruck b\u00fcgeln<\/span>.<br \/>\n<span style=\"font-weight: 400;\">Geeignet f\u00fcr den Trockner nur im Fall, falls Sie das T-Shirt kleiner haben m\u00f6chten, andernfalls empfehlen wir es nicht, da es sonst im Trockner\u00a0 eingeht<\/span><\/p>\n<p><strong>Material<\/strong>: 100% <span style=\"font-weight: 400;\">Baumwolle<\/span><\/p>\n","protected":false},"featured_media":163554,"comment_status":"open","ping_status":"closed","template":"","meta":[],"product_brand":[],"product_cat":[491],"product_tag":[494,1270,506,648,676],"class_list":{"0":"post-118086","1":"product","2":"type-product","3":"status-publish","4":"has-post-thumbnail","6":"product_cat-clothing-de","7":"product_tag-nugosu-de","8":"product_tag-sale_merch-de","9":"product_tag-triko-de","10":"product_tag-upsell_cap_de","11":"product_tag-upsell_hoodie_de","13":"first","14":"outofstock","15":"taxable","16":"shipping-taxable","17":"purchasable","18":"product-type-variable","19":"has-default-attributes"},"composite_virtual":false,"composite_layout":"","composite_add_to_cart_form_location":"","composite_editable_in_cart":false,"composite_sold_individually_context":"","composite_shop_price_calc":"","composite_components":[],"composite_scenarios":[],"_links":{"self":[{"href":"https:\/\/nugosu.gg\/de\/wp-json\/wp\/v2\/product\/118086","targetHints":{"allow":["GET"]}}],"collection":[{"href":"https:\/\/nugosu.gg\/de\/wp-json\/wp\/v2\/product"}],"about":[{"href":"https:\/\/nugosu.gg\/de\/wp-json\/wp\/v2\/types\/product"}],"replies":[{"embeddable":true,"href":"https:\/\/nugosu.gg\/de\/wp-json\/wp\/v2\/comments?post=118086"}],"wp:featuredmedia":[{"embeddable":true,"href":"https:\/\/nugosu.gg\/de\/wp-json\/wp\/v2\/media\/163554"}],"wp:attachment":[{"href":"https:\/\/nugosu.gg\/de\/wp-json\/wp\/v2\/media?parent=118086"}],"wp:term":[{"taxonomy":"product_brand","embeddable":true,"href":"https:\/\/nugosu.gg\/de\/wp-json\/wp\/v2\/product_brand?post=118086"},{"taxonomy":"product_cat","embeddable":true,"href":"https:\/\/nugosu.gg\/de\/wp-json\/wp\/v2\/product_cat?post=118086"},{"taxonomy":"product_tag","embeddable":true,"href":"https:\/\/nugosu.gg\/de\/wp-json\/wp\/v2\/product_tag?post=118086"}],"curies":[{"name":"wp","href":"https:\/\/api.w.org\/{rel}","templated":true}]}}