{"id":117975,"date":"2023-05-01T19:53:00","date_gmt":"2023-05-01T17:53:00","guid":{"rendered":"https:\/\/nugosu.gg\/product\/nugosu-mauspad-rgb-xl-800x300-mm\/"},"modified":"2026-03-12T11:53:26","modified_gmt":"2026-03-12T10:53:26","slug":"nugosu-mauspad-rgb-xl-800x300-mm","status":"publish","type":"product","link":"https:\/\/nugosu.gg\/de\/produkt\/nugosu-mauspad-rgb-xl-800x300-mm\/","title":{"rendered":"NUGOSU Mauspad RGB XL 800&#215;300 mm"},"content":{"rendered":"<p><span style=\"font-weight: 400;\">Das NUGOSU Mauspad RGB XL ist das perfekte Gaming-Zubeh\u00f6r f\u00fcr diejenigen, die das ultimative Gaming-Erlebnis w\u00fcnschen. Dieses Premium-Mauspad misst gro\u00dfz\u00fcgige 800 x 300 mm und bietet viel Platz f\u00fcr deine Tastatur und Maus, was eine komfortable und ger\u00e4umige Oberfl\u00e4che f\u00fcr alle deine Gaming-Anforderungen erm\u00f6glicht.<\/span><\/p>\n","protected":false},"excerpt":{"rendered":"<p>Das NUGOSU Mauspad RGB XL ist das perfekte Gaming-Zubeh\u00f6r f\u00fcr diejenigen, die das ultimative Gaming-Erlebnis w\u00fcnschen. Dieses Premium-Mauspad misst gro\u00dfz\u00fcgige [&hellip;]<\/p>\n","protected":false},"featured_media":117796,"comment_status":"open","ping_status":"closed","template":"","meta":[],"product_brand":[],"product_cat":[1125],"product_tag":[1786,1126,1270,1127],"class_list":{"0":"post-117975","1":"product","2":"type-product","3":"status-publish","4":"has-post-thumbnail","6":"product_cat-mousepad-de","7":"product_tag-back_to_school-de","8":"product_tag-mousepad-de","9":"product_tag-sale_merch-de","10":"product_tag-warriorpad-de","12":"first","13":"instock","14":"taxable","15":"shipping-taxable","16":"purchasable","17":"product-type-simple"},"composite_virtual":false,"composite_layout":"","composite_add_to_cart_form_location":"","composite_editable_in_cart":false,"composite_sold_individually_context":"","composite_shop_price_calc":"","composite_components":[],"composite_scenarios":[],"_links":{"self":[{"href":"https:\/\/nugosu.gg\/de\/wp-json\/wp\/v2\/product\/117975","targetHints":{"allow":["GET"]}}],"collection":[{"href":"https:\/\/nugosu.gg\/de\/wp-json\/wp\/v2\/product"}],"about":[{"href":"https:\/\/nugosu.gg\/de\/wp-json\/wp\/v2\/types\/product"}],"replies":[{"embeddable":true,"href":"https:\/\/nugosu.gg\/de\/wp-json\/wp\/v2\/comments?post=117975"}],"wp:featuredmedia":[{"embeddable":true,"href":"https:\/\/nugosu.gg\/de\/wp-json\/wp\/v2\/media\/117796"}],"wp:attachment":[{"href":"https:\/\/nugosu.gg\/de\/wp-json\/wp\/v2\/media?parent=117975"}],"wp:term":[{"taxonomy":"product_brand","embeddable":true,"href":"https:\/\/nugosu.gg\/de\/wp-json\/wp\/v2\/product_brand?post=117975"},{"taxonomy":"product_cat","embeddable":true,"href":"https:\/\/nugosu.gg\/de\/wp-json\/wp\/v2\/product_cat?post=117975"},{"taxonomy":"product_tag","embeddable":true,"href":"https:\/\/nugosu.gg\/de\/wp-json\/wp\/v2\/product_tag?post=117975"}],"curies":[{"name":"wp","href":"https:\/\/api.w.org\/{rel}","templated":true}]}}