{"id":102730,"date":"2021-02-26T21:20:21","date_gmt":"2021-02-26T20:20:21","guid":{"rendered":"https:\/\/nugosu.gg\/contact\/"},"modified":"2022-04-11T15:26:46","modified_gmt":"2022-04-11T13:26:46","slug":"kontakt","status":"publish","type":"page","link":"https:\/\/nugosu.gg\/de\/kontakt\/","title":{"rendered":"Contact"},"content":{"rendered":"<div class=\"wpb-content-wrapper\"><p>[vc_row][vc_column width=&#8220;1\/1&#8243;][vc_column_text uncode_shortcode_id=&#8220;762027&#8243;]<\/p>\n<h1><strong>Kundendienst<\/strong><\/h1>\n<p>Ihre Fragen, Anregungen und Kommentare sind unser Treibstoff, der uns vorantreibt, also z\u00f6gern Sie nicht, uns per E-Mail, \u00fcber unsere sozialen Netzwerke oder \u00fcber das Kontaktformular uns zu kontaktieren.<\/p>\n<p><strong>HILFE &amp; SUPPORT<\/strong><br \/>\nemail: <a href=\"mailto:nugosu@nugosu.gg\">nugosu@nugosu.gg<\/a><\/p>\n<h2><strong>Logistikzentrum f\u00fcr DACH-Region<\/strong><\/h2>\n<p>NUGOSU Logistikzentrum<br \/>\nTecovska 1292<br \/>\n76302 Zl\u00edn<br \/>\nTschechien<\/p>\n<p><strong>VERSANDBEDINGUNGEN<\/strong><\/p>\n<p>Die Lieferung erfolgt im Inland \u00fcber DHL\u2013 globale Logistik Die momentane Bearbeitungszeit f\u00fcr normale Bestellungen liegt taggleich.<\/p>\n<p><strong>Lieferzeit<\/strong>\u00a0\u2013 2 \u2013 3 Werktage<br \/>\n<strong>Versandkosten<\/strong>\u00a0\u2013 4,90\u20ac<br \/>\n<strong>Versandkostenfrei ab<\/strong>\u00a0\u2013 60\u20ac<br \/>\n<strong>Sendung verfolgen:<\/strong><br \/>\n<a href=\"https:\/\/www.dhl.de\/de\/privatkunden\/dhl-sendungsverfolgung.html\">https:\/\/www.dhl.de\/de\/privatkunden\/dhl-sendungsverfolgung.html<\/a><\/p>\n<p><strong>NUGOSU HQ-Adresse<\/strong><\/p>\n<p>NUGOSU, 1 Grosvenor Square,<br \/>\nSouthampton SO15 2BG<br \/>\nUnited Kingdom[\/vc_column_text][\/vc_column][\/vc_row]<\/p>\n<\/div>","protected":false},"excerpt":{"rendered":"<p>[vc_row][vc_column width=&#8220;1\/1&#8243;][vc_column_text uncode_shortcode_id=&#8220;762027&#8243;] Kundendienst Ihre Fragen, Anregungen und Kommentare sind unser Treibstoff, der uns vorantreibt, also z\u00f6gern Sie nicht, uns [&hellip;]<\/p>\n","protected":false},"author":2,"featured_media":0,"parent":0,"menu_order":0,"comment_status":"closed","ping_status":"closed","template":"","meta":{"footnotes":""},"class_list":["post-102730","page","type-page","status-publish","hentry"],"_links":{"self":[{"href":"https:\/\/nugosu.gg\/de\/wp-json\/wp\/v2\/pages\/102730","targetHints":{"allow":["GET"]}}],"collection":[{"href":"https:\/\/nugosu.gg\/de\/wp-json\/wp\/v2\/pages"}],"about":[{"href":"https:\/\/nugosu.gg\/de\/wp-json\/wp\/v2\/types\/page"}],"author":[{"embeddable":true,"href":"https:\/\/nugosu.gg\/de\/wp-json\/wp\/v2\/users\/2"}],"replies":[{"embeddable":true,"href":"https:\/\/nugosu.gg\/de\/wp-json\/wp\/v2\/comments?post=102730"}],"version-history":[{"count":0,"href":"https:\/\/nugosu.gg\/de\/wp-json\/wp\/v2\/pages\/102730\/revisions"}],"wp:attachment":[{"href":"https:\/\/nugosu.gg\/de\/wp-json\/wp\/v2\/media?parent=102730"}],"curies":[{"name":"wp","href":"https:\/\/api.w.org\/{rel}","templated":true}]}}