{"id":102692,"date":"2014-12-11T17:50:51","date_gmt":"2014-12-11T16:50:51","guid":{"rendered":"https:\/\/nugosu.gg\/about-us\/"},"modified":"2022-05-13T17:36:11","modified_gmt":"2022-05-13T15:36:11","slug":"ueber-uns","status":"publish","type":"page","link":"https:\/\/nugosu.gg\/de\/ueber-uns\/","title":{"rendered":"About Us"},"content":{"rendered":"<div class=\"wpb-content-wrapper\"><p>[vc_row row_height_percent=&#8220;0&#8243; override_padding=&#8220;yes&#8220; h_padding=&#8220;2&#8243; top_padding=&#8220;5&#8243; bottom_padding=&#8220;4&#8243; overlay_alpha=&#8220;100&#8243; gutter_size=&#8220;100&#8243; column_width_percent=&#8220;100&#8243; shift_y=&#8220;0&#8243; z_index=&#8220;0&#8243; style=&#8220;inherited&#8220;][vc_column column_width_use_pixel=&#8220;yes&#8220; align_horizontal=&#8220;align_center&#8220; gutter_size=&#8220;4&#8243; font_family=&#8220;font-134980&#8243; overlay_alpha=&#8220;100&#8243; shift_x=&#8220;0&#8243; shift_y=&#8220;0&#8243; medium_width=&#8220;0&#8243; zoom_width=&#8220;0&#8243; zoom_height=&#8220;0&#8243; width=&#8220;1\/1&#8243;][vc_column_text text_lead=&#8220;yes&#8220; uncode_shortcode_id=&#8220;160502&#8243;]<span class=\"font-175610\"><span style=\"font-weight: 400;\">Wir stellen dir die Marke NUGOSU vor. Unsere Nahrungserg\u00e4nzungen\u00a0 sind <b>speziell f\u00fcr Gamer<\/b>, Streamer, Spieleentwickler und Sportler im\u00a0 Bereich E-SPORTS und E-GAMES entwickelt, die ein paar Level h\u00f6her\u00a0 aufsteigen und ganz nach oben kommen wollen.<\/span> <span style=\"font-weight: 400;\">Mit uns wirst du dir deine Gesinnung \u201ehacken\u201c, du wirst <\/span><b>gr\u00f6\u00dfere Kontrolle <\/b><span style=\"font-weight: 400;\">\u00fcber deine Entscheidungen, Emotionen und \u00fcber dein Spiel\u00a0 <\/span><b>\u00fcbernehmen<\/b><span style=\"font-weight: 400;\">.<\/span><\/span><\/p>\n<p><span class=\"font-175610\"><span style=\"font-weight: 400;\">Wir erlauben uns mit reinem Gewissen sagen zu k\u00f6nnen,\u00a0 dass es um die komplexeste Produkte auf dem Markt geht, die in erster\u00a0 Linie f\u00fcr Videospielspieler entwickelt wurden. Bis zu <b>30 pr\u00e4zis ausgew\u00e4hlte Wirkstoffe <\/b>in Form von Aminos\u00e4uren,\u00a0 Pflanzenextrakten, Vitaminen, Mineralstoffen und Koffein werden dich mit Energie aufpumpen und gleichzeitig deine geistige Leistungsf\u00e4higkeit unterst\u00fctzen. Eine speziell entwickelte Mischung aus nootropischen und\u00a0 adaptogenen Substanzen stimuliert die Gehirnaktivit\u00e4t, st\u00e4rkt die\u00a0 Denkf\u00e4higkeit, verbessert das Ged\u00e4chtnis, reduziert das M\u00fcdigkeitsgef\u00fchl,\u00a0 hilft, sich intensiv zu konzentrieren, Stress standzuhalten und deine Angst\u00a0 und Reiz wird deutlich eliminiert<\/span><span style=\"font-weight: 400;\">.<\/span><\/span>[\/vc_column_text][\/vc_column][\/vc_row][vc_row row_height_percent=&#8220;0&#8243; override_padding=&#8220;yes&#8220; h_padding=&#8220;2&#8243; top_padding=&#8220;4&#8243; bottom_padding=&#8220;4&#8243; overlay_alpha=&#8220;50&#8243; gutter_size=&#8220;3&#8243; column_width_percent=&#8220;100&#8243; shift_y=&#8220;0&#8243; z_index=&#8220;0&#8243;][vc_column column_width_percent=&#8220;100&#8243; align_horizontal=&#8220;align_center&#8220; gutter_size=&#8220;3&#8243; overlay_alpha=&#8220;50&#8243; shift_x=&#8220;0&#8243; shift_y=&#8220;0&#8243; shift_y_down=&#8220;0&#8243; z_index=&#8220;0&#8243; medium_width=&#8220;0&#8243; mobile_width=&#8220;0&#8243; width=&#8220;1\/1&#8243;][vc_button button_color=&#8220;color-147341&#8243; size=&#8220;btn-xl&#8220; radius=&#8220;btn-circle&#8220; border_width=&#8220;0&#8243; link=&#8220;url:https%3A%2F%2Fnugosu.gg%2Fde%2Fshop-main%2F|title:Shop%20Main&#8220; button_color_type=&#8220;uncode-palette&#8220; uncode_shortcode_id=&#8220;168584&#8243;]JETZT KAUFEN[\/vc_button][\/vc_column][\/vc_row][vc_row row_height_percent=&#8220;0&#8243; back_color=&#8220;color-uydo&#8220; overlay_alpha=&#8220;26&#8243; gutter_size=&#8220;3&#8243; column_width_percent=&#8220;100&#8243; shift_y=&#8220;0&#8243; z_index=&#8220;0&#8243;][vc_column width=&#8220;1\/1&#8243;][vc_single_image media=&#8220;92216&#8243; media_width_percent=&#8220;65&#8243; alignment=&#8220;center&#8220;][\/vc_column][\/vc_row]<\/p>\n<\/div>","protected":false},"excerpt":{"rendered":"<p>[vc_row row_height_percent=&#8220;0&#8243; override_padding=&#8220;yes&#8220; h_padding=&#8220;2&#8243; top_padding=&#8220;5&#8243; bottom_padding=&#8220;4&#8243; overlay_alpha=&#8220;100&#8243; gutter_size=&#8220;100&#8243; column_width_percent=&#8220;100&#8243; shift_y=&#8220;0&#8243; z_index=&#8220;0&#8243; style=&#8220;inherited&#8220;][vc_column column_width_use_pixel=&#8220;yes&#8220; align_horizontal=&#8220;align_center&#8220; gutter_size=&#8220;4&#8243; font_family=&#8220;font-134980&#8243; overlay_alpha=&#8220;100&#8243; shift_x=&#8220;0&#8243; shift_y=&#8220;0&#8243; medium_width=&#8220;0&#8243; [&hellip;]<\/p>\n","protected":false},"author":1,"featured_media":0,"parent":0,"menu_order":0,"comment_status":"open","ping_status":"closed","template":"","meta":{"footnotes":""},"class_list":["post-102692","page","type-page","status-publish","hentry"],"_links":{"self":[{"href":"https:\/\/nugosu.gg\/de\/wp-json\/wp\/v2\/pages\/102692","targetHints":{"allow":["GET"]}}],"collection":[{"href":"https:\/\/nugosu.gg\/de\/wp-json\/wp\/v2\/pages"}],"about":[{"href":"https:\/\/nugosu.gg\/de\/wp-json\/wp\/v2\/types\/page"}],"author":[{"embeddable":true,"href":"https:\/\/nugosu.gg\/de\/wp-json\/wp\/v2\/users\/1"}],"replies":[{"embeddable":true,"href":"https:\/\/nugosu.gg\/de\/wp-json\/wp\/v2\/comments?post=102692"}],"version-history":[{"count":0,"href":"https:\/\/nugosu.gg\/de\/wp-json\/wp\/v2\/pages\/102692\/revisions"}],"wp:attachment":[{"href":"https:\/\/nugosu.gg\/de\/wp-json\/wp\/v2\/media?parent=102692"}],"curies":[{"name":"wp","href":"https:\/\/api.w.org\/{rel}","templated":true}]}}