{"id":99681,"date":"2021-12-15T22:15:34","date_gmt":"2021-12-15T21:15:34","guid":{"rendered":"https:\/\/nugosu.gg\/?post_type=product&#038;p=99681"},"modified":"2022-06-02T12:37:39","modified_gmt":"2022-06-02T10:37:39","slug":"gift-cards","status":"publish","type":"product","link":"https:\/\/nugosu.gg\/cs\/produkt\/gift-cards\/","title":{"rendered":"Gift Cards"},"content":{"rendered":"<p>D\u00e1rkov\u00fd poukaz na n\u00e1kup v ur\u010dit\u00e9 hodnot\u011b u n\u00e1s v NUGOSU je ide\u00e1ln\u00edm d\u00e1rkem pro &#8222;GAMING-STUDY-DRIVE&#8220; nad\u0161ence, kte\u0159\u00ed r\u00e1di nakupuj\u00ed v na\u0161em obchod\u011b. Pokud nev\u00edte, \u010d\u00edm obdarovat sv\u00e9ho bl\u00edzk\u00e9ho GAMERA, d\u00e1rkov\u00fd poukaz ho jist\u011b pot\u011b\u0161\u00ed. S\u00e1m si nakonec \u201enakonfiguruje\u201c to, co pr\u00e1v\u011b pot\u0159ebuje.<\/p>\n","protected":false},"excerpt":{"rendered":"<h3>Z\u00e1kladn\u00ed pou\u017eit\u00ed:<\/h3>\n<p style=\"padding-left: 40px;\"><strong>\u2022<\/strong>\u00a0 Nejprve si zakoup\u00edte d\u00e1rkov\u00fd poukaz:<br \/>\n<strong>\u00a0 \u00a0 \u2192 Digit\u00e1ln\u00ed<em>\u00a0(PDF)<\/em><\/strong> &#8211; designov\u00e1 karti\u010dka s jedine\u010dn\u00fdm k\u00f3dem v\u00e1m bude zasl\u00e1na na v\u00e1mi (v ko\u0161\u00edku) zadanou emailovou adresu.<br \/>\n<strong>\u00a0 \u00a0 \u2192 Digit\u00e1ln\u00ed a Ti\u0161t\u011bn\u00e1 verze<\/strong> &#8211; designov\u00e1 karti\u010dka (Tisknut\u00e1 verze) s jedine\u010dn\u00fdm k\u00f3dem v\u00e1m bude zasl\u00e1na na v\u00e1mi zadanou dodac\u00ed adresu + Digit\u00e1ln\u00ed (PDF) na emailovou adresu.<br \/>\n<strong>\u2022<\/strong>\u00a0 Kup\u00f3n darujete sv\u00e9mu bl\u00edzk\u00e9mu.<br \/>\n<strong>\u2022<\/strong>\u00a0 K\u00f3d z kuponu pou\u017eije obdarovan\u00e1 osoba v pokladn\u011b p\u0159i libovoln\u00e9m n\u00e1kupu.<br \/>\n<strong>\u2022<\/strong>\u00a0 V ko\u0161\u00edku se automaticky ode\u010dte \u010d\u00e1stka z objedn\u00e1vky.<br \/>\n<strong>\u2022<\/strong>\u00a0 N\u00e1sledn\u011b je kupon ji\u017e nepou\u017eiteln\u00fd \u201eGAME OVER\u201c.<\/p>\n<h3>Pravidla uplatn\u011bn\u00ed kuponu:<\/h3>\n<p style=\"padding-left: 40px;\"><strong>\u2022<\/strong> V jedn\u00e9 objedn\u00e1vce lze pou\u017e\u00edt pouze jeden kupon.<br \/>\n<strong>\u2022<\/strong> Z kuponu nevyd\u00e1v\u00e1me.<br \/>\n<strong>\u2022<\/strong> Kup\u00f3n plat\u00ed na \u00fapln\u011b cel\u00fd sortiment eshopu NUGOSU.gg.<\/p>\n","protected":false},"featured_media":99619,"comment_status":"open","ping_status":"closed","template":"","meta":[],"product_brand":[],"product_cat":[438],"product_tag":[439],"class_list":{"0":"post-99681","1":"product","2":"type-product","3":"status-publish","4":"has-post-thumbnail","6":"product_cat-gifts-cs","7":"product_tag-gift_cards-cs","9":"first","10":"instock","11":"taxable","12":"shipping-taxable","13":"purchasable","14":"product-type-variable"},"composite_virtual":false,"composite_layout":"","composite_add_to_cart_form_location":"","composite_editable_in_cart":false,"composite_sold_individually_context":"","composite_shop_price_calc":"","composite_components":[],"composite_scenarios":[],"_links":{"self":[{"href":"https:\/\/nugosu.gg\/cs\/wp-json\/wp\/v2\/product\/99681","targetHints":{"allow":["GET"]}}],"collection":[{"href":"https:\/\/nugosu.gg\/cs\/wp-json\/wp\/v2\/product"}],"about":[{"href":"https:\/\/nugosu.gg\/cs\/wp-json\/wp\/v2\/types\/product"}],"replies":[{"embeddable":true,"href":"https:\/\/nugosu.gg\/cs\/wp-json\/wp\/v2\/comments?post=99681"}],"wp:featuredmedia":[{"embeddable":true,"href":"https:\/\/nugosu.gg\/cs\/wp-json\/wp\/v2\/media\/99619"}],"wp:attachment":[{"href":"https:\/\/nugosu.gg\/cs\/wp-json\/wp\/v2\/media?parent=99681"}],"wp:term":[{"taxonomy":"product_brand","embeddable":true,"href":"https:\/\/nugosu.gg\/cs\/wp-json\/wp\/v2\/product_brand?post=99681"},{"taxonomy":"product_cat","embeddable":true,"href":"https:\/\/nugosu.gg\/cs\/wp-json\/wp\/v2\/product_cat?post=99681"},{"taxonomy":"product_tag","embeddable":true,"href":"https:\/\/nugosu.gg\/cs\/wp-json\/wp\/v2\/product_tag?post=99681"}],"curies":[{"name":"wp","href":"https:\/\/api.w.org\/{rel}","templated":true}]}}