{"id":91079,"date":"2021-01-20T16:55:00","date_gmt":"2021-01-20T15:55:00","guid":{"rendered":"https:\/\/nugosu.gg\/?product=setup"},"modified":"2026-04-15T12:47:32","modified_gmt":"2026-04-15T10:47:32","slug":"setup","status":"publish","type":"product","link":"https:\/\/nugosu.gg\/cs\/produkt\/setup\/","title":{"rendered":"SETUP"},"content":{"rendered":"<p>SETUP je nootropick\u00fd komplex ve form\u011b kapsl\u00ed od zna\u010dky NUGOSU, vyvinut\u00fd speci\u00e1ln\u011b pro hr\u00e1\u010de, kte\u0159\u00ed cht\u011bj\u00ed ze sebe dostat maximum.<br \/>\nD\u00edky unik\u00e1tn\u00ed kombinaci \u00fa\u010dinn\u00fdch l\u00e1tek zlep\u0161\u00ed\u0161 sv\u00e9 kognitivn\u00ed schopnosti a posune\u0161 sv\u016fj fyzick\u00fd a ment\u00e1ln\u00ed v\u00fdkon na vy\u0161\u0161\u00ed \u00farove\u0148. Hackni svou mysl, z\u00edskej v\u011bt\u0161\u00ed kontrolu nad sv\u00fdmi rozhodnut\u00edmi a emocemi a p\u0159evezmi kontrolu i nad svou hrou.<br \/>\nAktivn\u00ed slo\u017eky z\u00e1rove\u0148 podporuj\u00ed zdrav\u00ed o\u010d\u00ed, stimuluj\u00ed mozkovou \u010dinnost, posiluj\u00ed pam\u011b\u0165 a eliminuj\u00ed \u00fazkost a podr\u00e1\u017ed\u011bn\u00ed. Dopln\u011bk nen\u00ed ur\u010den jen pro gamery, ale dod\u00e1 ment\u00e1ln\u00ed a fyzickou energii i p\u0159i pr\u00e1ci, u\u010den\u00ed a fyzick\u00e9 aktivit\u011b.<\/p>\n<p>P\u0158IPOJ SE K NUGOSU a z\u00edskej:<\/p>\n<ul>\n<li>ENERGIE<\/li>\n<li>SOUST\u0158ED\u011aNOST<\/li>\n<li>REAK\u010cN\u00cd \u010cAS<\/li>\n<li>HYDRATACE<\/li>\n<li>V\u00ddKONNOST<\/li>\n<li>P\u0158ESNOST<\/li>\n<li>OCHRANA ZRAKU<\/li>\n<li>PAM\u011a\u0164<\/li>\n<li>ZVL\u00c1D\u00c1N\u00cd STRESU<\/li>\n<li>EMO\u010cN\u00cd STABILITA<\/li>\n<\/ul>\n","protected":false},"excerpt":{"rendered":"<p><strong>Our seasonal flavour is out of the vault for the winter. Stock up on the cool, refreshing, limited-time lemonade flavour while you can.<\/strong><\/p>\n<ul>\n<li><strong>88p per serving<\/strong><\/li>\n<li><strong>12 calories<\/strong><\/li>\n<li><strong>Zero sugar<\/strong><\/li>\n<li><strong>Natural colours and flavours<\/strong><\/li>\n<li><strong>40 servings per tub<\/strong><\/li>\n<\/ul>\n","protected":false},"featured_media":163600,"comment_status":"open","ping_status":"closed","template":"","meta":[],"product_brand":[],"product_cat":[152],"product_tag":[908,1783,223,170,205,204,1282],"class_list":{"0":"post-91079","1":"product","2":"type-product","3":"status-publish","4":"has-post-thumbnail","6":"product_cat-supplements-cs","7":"product_tag-11_sale-cs","8":"product_tag-back_to_school-cs","9":"product_tag-carousel-cs","10":"product_tag-gaming_energy-cs","11":"product_tag-gaming_energy_cz-cs","12":"product_tag-gaming_energy_sk-cs","13":"product_tag-sale_energy-cs","15":"first","16":"outofstock","17":"taxable","18":"shipping-taxable","19":"purchasable","20":"product-type-simple"},"composite_virtual":false,"composite_layout":"","composite_add_to_cart_form_location":"","composite_editable_in_cart":false,"composite_sold_individually_context":"","composite_shop_price_calc":"","composite_components":[],"composite_scenarios":[],"_links":{"self":[{"href":"https:\/\/nugosu.gg\/cs\/wp-json\/wp\/v2\/product\/91079","targetHints":{"allow":["GET"]}}],"collection":[{"href":"https:\/\/nugosu.gg\/cs\/wp-json\/wp\/v2\/product"}],"about":[{"href":"https:\/\/nugosu.gg\/cs\/wp-json\/wp\/v2\/types\/product"}],"replies":[{"embeddable":true,"href":"https:\/\/nugosu.gg\/cs\/wp-json\/wp\/v2\/comments?post=91079"}],"wp:featuredmedia":[{"embeddable":true,"href":"https:\/\/nugosu.gg\/cs\/wp-json\/wp\/v2\/media\/163600"}],"wp:attachment":[{"href":"https:\/\/nugosu.gg\/cs\/wp-json\/wp\/v2\/media?parent=91079"}],"wp:term":[{"taxonomy":"product_brand","embeddable":true,"href":"https:\/\/nugosu.gg\/cs\/wp-json\/wp\/v2\/product_brand?post=91079"},{"taxonomy":"product_cat","embeddable":true,"href":"https:\/\/nugosu.gg\/cs\/wp-json\/wp\/v2\/product_cat?post=91079"},{"taxonomy":"product_tag","embeddable":true,"href":"https:\/\/nugosu.gg\/cs\/wp-json\/wp\/v2\/product_tag?post=91079"}],"curies":[{"name":"wp","href":"https:\/\/api.w.org\/{rel}","templated":true}]}}