{"id":91003,"date":"2021-03-13T20:57:25","date_gmt":"2021-03-13T19:57:25","guid":{"rendered":"https:\/\/nugosu.gg\/?product=score-frozen-grape-sample"},"modified":"2025-04-13T13:59:28","modified_gmt":"2025-04-13T11:59:28","slug":"score-frozen-grape-sample","status":"publish","type":"product","link":"https:\/\/nugosu.gg\/cs\/produkt\/score-frozen-grape-sample\/","title":{"rendered":"FROZEN GRAPE SAMPLE"},"content":{"rendered":"<p>Vyzkou\u0161ej 1 d\u00e1vku od SCORE. D\u00edky tomuto mal\u00e9mu balen\u00ed m\u016f\u017ee\u0161 objevit tu pravou p\u0159\u00edchu\u0165 pro tebe.<br \/>\nNUGOSU p\u0159edstavuje SCORE, nootropick\u00fd komplex vyvinut\u00fd speci\u00e1ln\u011b pro hr\u00e1\u010de, streamery, tv\u016frce videoher a sportovce v oblasti E-SPORTS a E-GAMES, kte\u0159\u00ed se cht\u011bj\u00ed posunout o p\u00e1r level\u016f v\u00fd\u0161e a dos\u00e1hnout a\u017e na samotn\u00fd vrchol.<br \/>\nA\u017e 21 precizn\u011b nam\u00edchan\u00fdch \u00fa\u010dinn\u00fdch l\u00e1tek ve form\u011b aminokyselin, rostlinn\u00fdch v\u00fdta\u017ek\u016f, vitam\u00edn\u016f, miner\u00e1l\u016f a 150 mg p\u0159\u00edrodn\u00edho kofeinu t\u011b napumpuj\u00ed energi\u00ed a podpo\u0159\u00ed tv\u016fj ment\u00e1ln\u00ed v\u00fdkon. Ka\u017ed\u00e1 jedna slo\u017eka produktu m\u00e1 sv\u00e9 jedine\u010dn\u00e9 \u00fa\u010dinky a spole\u010dn\u011b stimuluj\u00ed mozkovou \u010dinnost, posiluj\u00ed schopnost uva\u017eovat, zlep\u0161uj\u00ed pam\u011b\u0165, sni\u017euj\u00ed pocit \u00fanavy, pom\u00e1haj\u00ed intenzivn\u011b se soust\u0159edit a odol\u00e1vat stresu a eliminuj\u00ed \u00fazkost a podr\u00e1\u017ed\u011bn\u00ed.<br \/>\nV SCORE jsme pou\u017eili v\u00fdlu\u010dn\u011b p\u0159\u00edrodn\u00ed zdroje kofeinu ve form\u011b v\u00fdta\u017eku z kolov\u00e9ho o\u0159echu a guarany. V\u00fdsledkem je vyv\u00e1\u017een\u00fd a dlouhotrvaj\u00edc\u00ed p\u0159\u00edsun energie bez pocitu nervozity, slabosti a sv\u011bd\u011bn\u00ed.<\/p>\n<p>P\u0158IPOJ SE K NUGOSU a z\u00edskej:<\/p>\n<ul>\n<li>ENERGIE<\/li>\n<li>SOUST\u0158ED\u011aNOST<\/li>\n<li>REAK\u010cN\u00cd \u010cAS<\/li>\n<li>HYDRATACE<\/li>\n<li>V\u00ddKONNOST<\/li>\n<li>P\u0158ESNOST<\/li>\n<li>PAM\u011a\u0164<\/li>\n<li>ZVL\u00c1D\u00c1N\u00cd STRESU<\/li>\n<li>EMO\u010cN\u00cd STABILITA<\/li>\n<\/ul>\n","protected":false},"excerpt":{"rendered":"<p>Vyzkou\u0161ej 1 d\u00e1vku od SCORE. D\u00edky tomuto mal\u00e9mu balen\u00ed m\u016f\u017ee\u0161 objevit tu pravou p\u0159\u00edchu\u0165 pro tebe. NUGOSU p\u0159edstavuje SCORE, nootropick\u00fd [&hellip;]<\/p>\n","protected":false},"featured_media":90450,"comment_status":"open","ping_status":"closed","template":"","meta":[],"product_brand":[],"product_cat":[152],"product_tag":[168],"class_list":{"0":"post-91003","1":"product","2":"type-product","3":"status-publish","4":"has-post-thumbnail","6":"product_cat-supplements-cs","7":"product_tag-gaming_energy_sample-cs","9":"first","10":"instock","11":"taxable","12":"shipping-taxable","13":"purchasable","14":"product-type-simple"},"composite_virtual":false,"composite_layout":"","composite_add_to_cart_form_location":"","composite_editable_in_cart":false,"composite_sold_individually_context":"","composite_shop_price_calc":"","composite_components":[],"composite_scenarios":[],"_links":{"self":[{"href":"https:\/\/nugosu.gg\/cs\/wp-json\/wp\/v2\/product\/91003","targetHints":{"allow":["GET"]}}],"collection":[{"href":"https:\/\/nugosu.gg\/cs\/wp-json\/wp\/v2\/product"}],"about":[{"href":"https:\/\/nugosu.gg\/cs\/wp-json\/wp\/v2\/types\/product"}],"replies":[{"embeddable":true,"href":"https:\/\/nugosu.gg\/cs\/wp-json\/wp\/v2\/comments?post=91003"}],"wp:featuredmedia":[{"embeddable":true,"href":"https:\/\/nugosu.gg\/cs\/wp-json\/wp\/v2\/media\/90450"}],"wp:attachment":[{"href":"https:\/\/nugosu.gg\/cs\/wp-json\/wp\/v2\/media?parent=91003"}],"wp:term":[{"taxonomy":"product_brand","embeddable":true,"href":"https:\/\/nugosu.gg\/cs\/wp-json\/wp\/v2\/product_brand?post=91003"},{"taxonomy":"product_cat","embeddable":true,"href":"https:\/\/nugosu.gg\/cs\/wp-json\/wp\/v2\/product_cat?post=91003"},{"taxonomy":"product_tag","embeddable":true,"href":"https:\/\/nugosu.gg\/cs\/wp-json\/wp\/v2\/product_tag?post=91003"}],"curies":[{"name":"wp","href":"https:\/\/api.w.org\/{rel}","templated":true}]}}