{"id":155480,"date":"2024-10-09T13:05:00","date_gmt":"2024-10-09T11:05:00","guid":{"rendered":"https:\/\/nugosu.gg\/product\/nugosu-hoodie-icon\/"},"modified":"2026-01-23T21:46:38","modified_gmt":"2026-01-23T20:46:38","slug":"nugosu-hoodie-icon","status":"publish","type":"product","link":"https:\/\/nugosu.gg\/cs\/produkt\/nugosu-hoodie-icon\/","title":{"rendered":"NUGOSU Hoodie ICON"},"content":{"rendered":"<p><strong>Mikina ICON od zna\u010dky NUGOSU je novinka ur\u010den\u00e1 pro hr\u00e1\u010de. Tato stylov\u00e1 mikina je dostupn\u00e1 ve t\u0159ech barevn\u00fdch variant\u00e1ch: \u010dern\u00e9, modr\u00e9 a grafitov\u00e9. Je vyrobena z kombinace 65 % bavlny a 35 % polyesteru, co\u017e zaru\u010duje pohodln\u00e9 no\u0161en\u00ed a trvanlivost. Mikina je navr\u017eena s ohledem na hern\u00ed komunitu, aby poskytla pohodl\u00ed i styl, kter\u00fd v\u00e1s odli\u0161\u00ed p\u0159i hran\u00ed nebo ve voln\u00e9m \u010dase.<\/strong><\/p>\n<p><strong>D\u00edky jednoduch\u00e9mu a \u010dist\u00e9mu designu je vhodn\u00e1 na ka\u017edodenn\u00ed no\u0161en\u00ed.<\/strong><\/p>\n","protected":false},"excerpt":{"rendered":"<p>Mikina ICON od zna\u010dky NUGOSU je novinka ur\u010den\u00e1 pro hr\u00e1\u010de. Tato stylov\u00e1 mikina je dostupn\u00e1 ve t\u0159ech barevn\u00fdch variant\u00e1ch: \u010dern\u00e9, [&hellip;]<\/p>\n","protected":false},"featured_media":163517,"comment_status":"open","ping_status":"closed","template":"","meta":[],"product_brand":[],"product_cat":[1258,132],"product_tag":[388,387,133],"class_list":{"0":"post-155480","1":"product","2":"type-product","3":"status-publish","4":"has-post-thumbnail","6":"product_cat-hoodie-cs","7":"product_cat-clothing-cs","8":"product_tag-clothing-cs","9":"product_tag-hoodie-cs","10":"product_tag-nugosu-cs","12":"first","13":"instock","14":"sale","15":"taxable","16":"shipping-taxable","17":"purchasable","18":"product-type-variable"},"composite_virtual":false,"composite_layout":"","composite_add_to_cart_form_location":"","composite_editable_in_cart":false,"composite_sold_individually_context":"","composite_shop_price_calc":"","composite_components":[],"composite_scenarios":[],"_links":{"self":[{"href":"https:\/\/nugosu.gg\/cs\/wp-json\/wp\/v2\/product\/155480","targetHints":{"allow":["GET"]}}],"collection":[{"href":"https:\/\/nugosu.gg\/cs\/wp-json\/wp\/v2\/product"}],"about":[{"href":"https:\/\/nugosu.gg\/cs\/wp-json\/wp\/v2\/types\/product"}],"replies":[{"embeddable":true,"href":"https:\/\/nugosu.gg\/cs\/wp-json\/wp\/v2\/comments?post=155480"}],"wp:featuredmedia":[{"embeddable":true,"href":"https:\/\/nugosu.gg\/cs\/wp-json\/wp\/v2\/media\/163517"}],"wp:attachment":[{"href":"https:\/\/nugosu.gg\/cs\/wp-json\/wp\/v2\/media?parent=155480"}],"wp:term":[{"taxonomy":"product_brand","embeddable":true,"href":"https:\/\/nugosu.gg\/cs\/wp-json\/wp\/v2\/product_brand?post=155480"},{"taxonomy":"product_cat","embeddable":true,"href":"https:\/\/nugosu.gg\/cs\/wp-json\/wp\/v2\/product_cat?post=155480"},{"taxonomy":"product_tag","embeddable":true,"href":"https:\/\/nugosu.gg\/cs\/wp-json\/wp\/v2\/product_tag?post=155480"}],"curies":[{"name":"wp","href":"https:\/\/api.w.org\/{rel}","templated":true}]}}