{"id":146961,"date":"2024-07-02T10:55:49","date_gmt":"2024-07-02T08:55:49","guid":{"rendered":"https:\/\/nugosu.gg\/?post_type=product&#038;p=146961"},"modified":"2025-12-21T04:12:47","modified_gmt":"2025-12-21T03:12:47","slug":"t-shirt-nugosu-warrior-grey","status":"publish","type":"product","link":"https:\/\/nugosu.gg\/cs\/produkt\/t-shirt-nugosu-warrior-grey\/","title":{"rendered":"T \u2013 SHIRT NUGOSU WARRIOR GREY"},"content":{"rendered":"<p>Vyrobeno z prvot\u0159\u00eddn\u00edho 100% pr\u00e9miov\u00e9ho bavln\u011bn\u00e9ho materi\u00e1lu, na\u0161e tri\u010dko NUGOSU Samurai nab\u00edz\u00ed kvalitn\u00ed st\u0159ih a nad\u010dasov\u00fd design, co\u017e z n\u011bj \u010din\u00ed volbu \u010d\u00edslo jedna ka\u017ed\u00e9ho \u0161ampiona v hr\u00e1ch. Pozdvihn\u011bte ducha bojovn\u00edka s na\u0161\u00ed speci\u00e1ln\u00ed edic\u00ed &#8218;Samurai&#8216;. Inspirov\u00e1no eleganc\u00ed a discipl\u00ednou starov\u011bk\u00fdch samuraj\u016f, toto tri\u010dko zt\u011bles\u0148uje s\u00edlu a \u010dest. Stejn\u011b jako samurajsk\u00e9 brn\u011bn\u00ed, na\u0161e tri\u010dko poskytuje bezkonkuren\u010dn\u00ed pohodl\u00ed a trvanlivost, co\u017e zaru\u010duje, \u017ee budete p\u0159ipraveni na jakoukoli v\u00fdzvu.<\/p>\n","protected":false},"excerpt":{"rendered":"<h2>Jak se starat o tri\u010dko?<\/h2>\n<p><strong><img decoding=\"async\" src=\"data:image\/gif;base64,R0lGODlhMgAjALMAAAAAABAQECEhITExMVJSUnNzc5ycnL29vc7Ozt7e3u\/v7\/\/\/\/\/\/\/\/\/\/\/\/\/\/\/\/\/\/\/\/ywAAAAAMgAjAEAE\/nDJSau9OGt5AkEDMIzBgExGIBhHUSaSYgjlQBeIMCibZACFTGJ0WBgGBN4BCaMMBc3epAAwOAsj3CRhIAy0lUGgKC2bzxYRGo0A9g7u9Uahi\/ZcVsxyVyAEF3t2CmJ2Zj8AiImKi4yLhXKQkQtiZAsKCTwXLX6PlgmYEwRVc6IASRMKLokBBZkLIIoDlYAhAXkbQwEnFCBIXgQwqb4juxVUf1KDUBdYfjxYf72FKa1nOQKuRx\/Crb0H3BUpBHI5A5ITpq5rAezt7u\/w8Oc96vP29\/jzdAOdGfUb1DbgWZCAQAAAAj5QSHUQkawKSw6uUDAoQL8JOUqYwsRwgAEEkzPGxBBF4AACFwIQUOygcdwdIPUUHCBA81uFBH38FNtCY1YGBC8qyPTypRhOLwV8ToDjkp5Bn11aDfH4ipiwW6iemgF6ykKXLxKgcRhhoUPXMlotUES6QCytHRVEKd1glsIBFmN3aFOCBGKJNRWN\/vpVRBhNJsZsyYFT7VyJf8lCNJpMGRHWfJg3AIjXsDKjzJkjAAA7\" alt=\"\" \/><img decoding=\"async\" src=\"data:image\/gif;base64,R0lGODlhMgAjALMAAAAAABAQECEhITExMVJSUnNzc5ycnL29vc7Ozt7e3u\/v7\/\/\/\/\/\/\/\/\/\/\/\/\/\/\/\/\/\/\/\/ywAAAAAMgAjAEAE\/nDJSau9OOuJSACDoVhGMIwFQIyVYghAUCRbrQyBsbgwAAiiQ0CAqBkTL5\/gYGwRfCBRc0qtWheIT+F6PXiGgAJrUhIMfAQm94LADWAhGiVRgA1za0WxNJCvUwQ7RWsZCWqEFy8EgxlCA09iG14Bh010MAIzEgYqY5wnEggFHyFjiBJPSlIKdUqVp3NnBy5nAQQGqQMHBwKUsBIKQjFpNgdnIK9NoyAeAqZUCk+3tTrKAdfY2drb3L0rv+Dh4oQFoOLBzxfRSn4awUYuH0DtsQAGvESFy0tTwTi2lW74WpBAAL8J\/q7pSjclgYcoCHpVSoBjVhIZ9BDxQMNIAi8fX6XGeTRhAAeIcsMgidwEgsalGD8MJGClQiQgXKQOlUzZKVwKH7Y6VpgEkmGVDqSkNIkmT1MVY1DscRFiYlgyDMYKtMGzJssSUQOEaqAIQKyVLAOpRF3Ltq1bH0ZXWokAADs=\" alt=\"\" \/><img decoding=\"async\" src=\"data:image\/gif;base64,R0lGODlhMgAjALMAAAAAAAgICBAQEBgYGCEhIS0tLVdXV6enp729vcbGxs7Ozt7e3ufn5+\/v7\/f39\/\/\/\/ywAAAAAMgAjAEAE\/vDJSau9OOsKAEVFVxgK5SDGIC5TIWxZBxRN1ig1pgjAC1+dh2HG+k0Qg8DBZbTIntCoFNrkTK\/YYHXScYRo20Vo6ds+OgHwpWEgGHKWXaC81UrEHUHhsHA8bksBAAFvLXRmiIkxHhUOCgYFgk96BwwWTIhaBzwFRRsgMwgPmGYdQwV+ZgyRc4kyBxhsPQCwGCEBrrQzcFUKAwK\/uRKgBaIbDptEo4dNdhQNKC4Cc3okqRTBitrb3N0UWeBSwrEIB5AGBwjXFdmljBMKBSoAAyPmLiIGnsvjDwcqxSxhWLAklARSdTwg4GFA4I94M1YxM9JhhwBjWw7MkJfrF0YzVhp75AJgIAOeQmtujSyJwYCAlx+fqcw0Q4kNXhaGtKK5IEmtLacQVgmCp0AJIwVpCG32DuIAA+rWgBCk7+DEH84eMAjUoV4BfD32rFtKMZzZrN7SSogAADs=\" alt=\"\" \/><img decoding=\"async\" src=\"data:image\/gif;base64,R0lGODlhMgAjALMAAAAAABAQECEhITExMVJSUnNzc5ycnL29vc7Ozt7e3u\/v7\/\/\/\/\/\/\/\/\/\/\/\/\/\/\/\/\/\/\/\/ywAAAAAMgAjAEAEz3DJSau9OOtcgBhgKI5gICBbqqrKEBzrdARDkhYBMKBbRyixoHBILKpmAuDQACAYDYGCsYJUphCArHbL7Xq\/0ql4TB5Df8LZwFpUFAg8YidMZH7vdxMseGZfoDo2GlBrKgkuZRYEUYmNjo+QkZKTZQmLAZiZmpuZTpUucSyLBmQtAHtBLS9jBAB0QggCAYKUGmp+QXi6Xp6wLq9FB4vAKQkCAqgYCgcFtMqtyRuqpBqmmNQZhwGhGQqt2NUGBdwYCSbkFge767oCte\/w8RYRAAA7\" alt=\"\" \/><\/strong><\/p>\n<p>Tri\u010dko perte\u00a0<strong>naruby p\u0159i teplot\u011b 30\u00baC,\u00a0<\/strong>a v p\u0159\u00edpad\u011b, \u017ee ho chcete \u017eehlit, nastavte si m\u00edrnou teplotu a ne\u017eehlete naruby ani p\u0159es potisk.\u00a0Su\u0161te ho v su\u0161i\u010dce pouze pokud ho chcete zmen\u0161it, jinak to nedoporu\u010dujeme, proto\u017ee se tak m\u016f\u017ee srazit.<\/p>\n<p><strong>Materi\u00e1l:<\/strong> 100% Bavlna<\/p>\n","protected":false},"featured_media":163547,"comment_status":"open","ping_status":"closed","template":"","meta":[],"product_brand":[],"product_cat":[132],"product_tag":[133,1274,134,652,664],"class_list":{"0":"post-146961","1":"product","2":"type-product","3":"status-publish","4":"has-post-thumbnail","6":"product_cat-clothing-cs","7":"product_tag-nugosu-cs","8":"product_tag-sale_merch-cs","9":"product_tag-triko","10":"product_tag-upsell_cap_cz","11":"product_tag-upsell_hoodie_cz","13":"first","14":"instock","15":"sale","16":"taxable","17":"shipping-taxable","18":"purchasable","19":"product-type-variable","20":"has-default-attributes"},"composite_virtual":false,"composite_layout":"","composite_add_to_cart_form_location":"","composite_editable_in_cart":false,"composite_sold_individually_context":"","composite_shop_price_calc":"","composite_components":[],"composite_scenarios":[],"_links":{"self":[{"href":"https:\/\/nugosu.gg\/cs\/wp-json\/wp\/v2\/product\/146961","targetHints":{"allow":["GET"]}}],"collection":[{"href":"https:\/\/nugosu.gg\/cs\/wp-json\/wp\/v2\/product"}],"about":[{"href":"https:\/\/nugosu.gg\/cs\/wp-json\/wp\/v2\/types\/product"}],"replies":[{"embeddable":true,"href":"https:\/\/nugosu.gg\/cs\/wp-json\/wp\/v2\/comments?post=146961"}],"wp:featuredmedia":[{"embeddable":true,"href":"https:\/\/nugosu.gg\/cs\/wp-json\/wp\/v2\/media\/163547"}],"wp:attachment":[{"href":"https:\/\/nugosu.gg\/cs\/wp-json\/wp\/v2\/media?parent=146961"}],"wp:term":[{"taxonomy":"product_brand","embeddable":true,"href":"https:\/\/nugosu.gg\/cs\/wp-json\/wp\/v2\/product_brand?post=146961"},{"taxonomy":"product_cat","embeddable":true,"href":"https:\/\/nugosu.gg\/cs\/wp-json\/wp\/v2\/product_cat?post=146961"},{"taxonomy":"product_tag","embeddable":true,"href":"https:\/\/nugosu.gg\/cs\/wp-json\/wp\/v2\/product_tag?post=146961"}],"curies":[{"name":"wp","href":"https:\/\/api.w.org\/{rel}","templated":true}]}}