{"id":146819,"date":"2024-06-12T22:41:00","date_gmt":"2024-06-12T20:41:00","guid":{"rendered":"https:\/\/nugosu.gg\/?post_type=product&#038;p=146819"},"modified":"2025-12-21T04:12:43","modified_gmt":"2025-12-21T03:12:43","slug":"nugosu-mousepad-pro-xxl-900x400-mm","status":"publish","type":"product","link":"https:\/\/nugosu.gg\/cs\/produkt\/nugosu-mousepad-pro-xxl-900x400-mm\/","title":{"rendered":"NUGOSU Podlo\u017eka pod my\u0161 PRO XXL 900\u00d7400 mm"},"content":{"rendered":"<p><span style=\"font-weight: 400;\">The NUGOSU Mousepad RGB XL is the ultimate gaming accessory for those who want the ultimate gaming experience. This premium mousepad is generously sized at 800&#215;300 mm, providing enough space for both your keyboard and mouse, allowing a comfortable and spacious surface for all your gaming needs.<\/span><\/p>\n","protected":false},"excerpt":{"rendered":"<p>The NUGOSU Mousepad RGB XL is the ultimate gaming accessory for those who want the ultimate gaming experience. This premium [&hellip;]<\/p>\n","protected":false},"featured_media":146841,"comment_status":"open","ping_status":"closed","template":"","meta":[],"product_brand":[],"product_cat":[1122],"product_tag":[1123,1274,1124],"class_list":{"0":"post-146819","1":"product","2":"type-product","3":"status-publish","4":"has-post-thumbnail","6":"product_cat-mousepad-cs","7":"product_tag-mousepad-cs","8":"product_tag-sale_merch-cs","9":"product_tag-warriorpad-cs","11":"first","12":"instock","13":"taxable","14":"shipping-taxable","15":"purchasable","16":"product-type-simple"},"composite_virtual":false,"composite_layout":"","composite_add_to_cart_form_location":"","composite_editable_in_cart":false,"composite_sold_individually_context":"","composite_shop_price_calc":"","composite_components":[],"composite_scenarios":[],"_links":{"self":[{"href":"https:\/\/nugosu.gg\/cs\/wp-json\/wp\/v2\/product\/146819","targetHints":{"allow":["GET"]}}],"collection":[{"href":"https:\/\/nugosu.gg\/cs\/wp-json\/wp\/v2\/product"}],"about":[{"href":"https:\/\/nugosu.gg\/cs\/wp-json\/wp\/v2\/types\/product"}],"replies":[{"embeddable":true,"href":"https:\/\/nugosu.gg\/cs\/wp-json\/wp\/v2\/comments?post=146819"}],"wp:featuredmedia":[{"embeddable":true,"href":"https:\/\/nugosu.gg\/cs\/wp-json\/wp\/v2\/media\/146841"}],"wp:attachment":[{"href":"https:\/\/nugosu.gg\/cs\/wp-json\/wp\/v2\/media?parent=146819"}],"wp:term":[{"taxonomy":"product_brand","embeddable":true,"href":"https:\/\/nugosu.gg\/cs\/wp-json\/wp\/v2\/product_brand?post=146819"},{"taxonomy":"product_cat","embeddable":true,"href":"https:\/\/nugosu.gg\/cs\/wp-json\/wp\/v2\/product_cat?post=146819"},{"taxonomy":"product_tag","embeddable":true,"href":"https:\/\/nugosu.gg\/cs\/wp-json\/wp\/v2\/product_tag?post=146819"}],"curies":[{"name":"wp","href":"https:\/\/api.w.org\/{rel}","templated":true}]}}