{"id":146574,"date":"2024-06-12T09:19:35","date_gmt":"2024-06-12T07:19:35","guid":{"rendered":"https:\/\/nugosu.gg\/?post_type=product&#038;p=146574"},"modified":"2026-03-16T08:32:10","modified_gmt":"2026-03-16T07:32:10","slug":"shaker-nugosu-samurai-purple","status":"publish","type":"product","link":"https:\/\/nugosu.gg\/cs\/produkt\/shaker-nugosu-samurai-purple\/","title":{"rendered":"SHAKER NUGOSU SAMURAI PURPLE"},"content":{"rendered":"<p>S designov\u011b unik\u00e1tn\u00edm NUGOSU SAMURAI PURPLE \u0161ejkrem na tv\u00e9m stole bude ka\u017ed\u00fd v\u011bd\u011bt, \u017ee pat\u0159\u00ed\u0161 do skupiny hr\u00e1\u010d\u016f, kte\u0159\u00ed se cht\u011bj\u00ed posunout o p\u00e1r level\u016f v\u00fd\u0161e a dos\u00e1hnout a\u017e na samotn\u00fd vrchol.<\/p>\n","protected":false},"excerpt":{"rendered":"<ul>\n<li style=\"font-weight: 400;\" aria-level=\"1\"><span style=\"font-weight: 400;\">Unik\u00e1tn\u00ed shaker NUGOSU SAMURAI PURPLE<\/span><\/li>\n<li style=\"font-weight: 400;\" aria-level=\"1\"><span style=\"font-weight: 400;\">Objem 500 ml<\/span><\/li>\n<li style=\"font-weight: 400;\" aria-level=\"1\"><span style=\"font-weight: 400;\">SCORE a NUGOSU loga na 2 stran\u00e1ch \u0161ejkru<\/span><\/li>\n<li style=\"font-weight: 400;\" aria-level=\"1\"><span style=\"font-weight: 400;\">Ying a yang logo na vr\u0161ku<\/span><\/li>\n<li style=\"font-weight: 400;\" aria-level=\"1\"><span style=\"font-weight: 400;\">Vnit\u0159n\u00ed m\u00edchac\u00ed s\u00edtko<\/span><\/li>\n<li style=\"font-weight: 400;\" aria-level=\"1\"><span style=\"font-weight: 400;\">Dokonale t\u011bsn\u00ed, nete\u010de<\/span><\/li>\n<li style=\"font-weight: 400;\" aria-level=\"1\"><span style=\"font-weight: 400;\">Neobsahuje toxick\u00e9 plasty, BPA a DEHP<\/span><\/li>\n<li aria-level=\"1\"><span style=\"font-weight: 400;\">Vyrobeno v EU<\/span><\/li>\n<\/ul>\n<p><img decoding=\"async\" class=\"alignnone wp-image-91261\" src=\"https:\/\/nugosu.gg\/wp-content\/uploads\/2021\/03\/Vrstva-1-1.png\" sizes=\"(max-width: 317px) 100vw, 317px\" srcset=\"https:\/\/nugosu.gg\/wp-content\/uploads\/2021\/03\/Vrstva-1-1.png 820w, https:\/\/nugosu.gg\/wp-content\/uploads\/2021\/03\/Vrstva-1-1-300x87.png 300w, https:\/\/nugosu.gg\/wp-content\/uploads\/2021\/03\/Vrstva-1-1-768x223.png 768w, https:\/\/nugosu.gg\/wp-content\/uploads\/2021\/03\/Vrstva-1-1-600x174.png 600w\" alt=\"\" width=\"317\" height=\"92\" \/><\/p>\n","protected":false},"featured_media":163425,"comment_status":"open","ping_status":"closed","template":"","meta":[],"product_brand":[],"product_cat":[196],"product_tag":[1289,197],"class_list":{"0":"post-146574","1":"product","2":"type-product","3":"status-publish","4":"has-post-thumbnail","6":"product_cat-accessories-cs","7":"product_tag-sale_shaker-cs","8":"product_tag-shaker-cs","10":"first","11":"instock","12":"taxable","13":"shipping-taxable","14":"purchasable","15":"product-type-simple"},"composite_virtual":false,"composite_layout":"","composite_add_to_cart_form_location":"","composite_editable_in_cart":false,"composite_sold_individually_context":"","composite_shop_price_calc":"","composite_components":[],"composite_scenarios":[],"_links":{"self":[{"href":"https:\/\/nugosu.gg\/cs\/wp-json\/wp\/v2\/product\/146574","targetHints":{"allow":["GET"]}}],"collection":[{"href":"https:\/\/nugosu.gg\/cs\/wp-json\/wp\/v2\/product"}],"about":[{"href":"https:\/\/nugosu.gg\/cs\/wp-json\/wp\/v2\/types\/product"}],"replies":[{"embeddable":true,"href":"https:\/\/nugosu.gg\/cs\/wp-json\/wp\/v2\/comments?post=146574"}],"wp:featuredmedia":[{"embeddable":true,"href":"https:\/\/nugosu.gg\/cs\/wp-json\/wp\/v2\/media\/163425"}],"wp:attachment":[{"href":"https:\/\/nugosu.gg\/cs\/wp-json\/wp\/v2\/media?parent=146574"}],"wp:term":[{"taxonomy":"product_brand","embeddable":true,"href":"https:\/\/nugosu.gg\/cs\/wp-json\/wp\/v2\/product_brand?post=146574"},{"taxonomy":"product_cat","embeddable":true,"href":"https:\/\/nugosu.gg\/cs\/wp-json\/wp\/v2\/product_cat?post=146574"},{"taxonomy":"product_tag","embeddable":true,"href":"https:\/\/nugosu.gg\/cs\/wp-json\/wp\/v2\/product_tag?post=146574"}],"curies":[{"name":"wp","href":"https:\/\/api.w.org\/{rel}","templated":true}]}}